{"id":659,"date":"2024-12-21T09:11:20","date_gmt":"2024-12-21T08:11:20","guid":{"rendered":"https:\/\/www.elisabethleitner.eu\/elisabethleitnerNEU\/?page_id=659"},"modified":"2024-12-26T22:14:52","modified_gmt":"2024-12-26T21:14:52","slug":"bietet-wissensvermittlung-und-prozessdesign","status":"publish","type":"page","link":"https:\/\/www.elisabethleitner.eu\/elisabethleitnerNEU\/bietet-wissensvermittlung-und-prozessdesign\/","title":{"rendered":"bietet Wissensvermittlung und Prozessdesign"},"content":{"rendered":"\t\t<div data-elementor-type=\"wp-page\" data-elementor-id=\"659\" class=\"elementor elementor-659\" data-elementor-post-type=\"page\">\n\t\t\t\t<div class=\"elementor-element elementor-element-3a18227 e-con-full e-flex e-con e-parent\" data-id=\"3a18227\" data-element_type=\"container\" data-e-type=\"container\">\n\t\t\t\t<div class=\"elementor-element elementor-element-fe6bd51 elementor-widget elementor-widget-spacer\" data-id=\"fe6bd51\" data-element_type=\"widget\" data-e-type=\"widget\" data-widget_type=\"spacer.default\">\n\t\t\t\t<div class=\"elementor-widget-container\">\n\t\t\t\t\t\t\t<div class=\"elementor-spacer\">\n\t\t\t<div class=\"elementor-spacer-inner\"><\/div>\n\t\t<\/div>\n\t\t\t\t\t\t<\/div>\n\t\t\t\t<\/div>\n\t\t\t\t<\/div>\n\t\t<div class=\"elementor-element elementor-element-2892bb9 e-con-full e-flex e-con e-parent\" data-id=\"2892bb9\" data-element_type=\"container\" data-e-type=\"container\">\n\t\t<div class=\"elementor-element elementor-element-2eeff55 e-con-full e-flex e-con e-child\" data-id=\"2eeff55\" data-element_type=\"container\" data-e-type=\"container\">\n\t\t\t\t<\/div>\n\t\t<div class=\"elementor-element elementor-element-0ff9f22 e-con-full e-flex e-con e-child\" data-id=\"0ff9f22\" data-element_type=\"container\" data-e-type=\"container\">\n\t\t\t\t<div class=\"elementor-element elementor-element-33a6e2c elementor-widget elementor-widget-text-editor\" data-id=\"33a6e2c\" data-element_type=\"widget\" data-e-type=\"widget\" data-widget_type=\"text-editor.default\">\n\t\t\t\t<div class=\"elementor-widget-container\">\n\t\t\t\t\t\t\t\t\t<p>bietet <br \/>Wissensvermittlung <br \/>und <br \/>Prozessbegleitung<\/p>\t\t\t\t\t\t\t\t<\/div>\n\t\t\t\t<\/div>\n\t\t\t\t<\/div>\n\t\t<div class=\"elementor-element elementor-element-fc76319 e-con-full e-flex e-con e-child\" data-id=\"fc76319\" data-element_type=\"container\" data-e-type=\"container\">\n\t\t\t\t<\/div>\n\t\t\t\t<\/div>\n\t\t<div class=\"elementor-element elementor-element-94a4dd1 e-con-full e-flex e-con e-parent\" data-id=\"94a4dd1\" data-element_type=\"container\" data-e-type=\"container\">\n\t\t\t\t<div class=\"elementor-element elementor-element-15eda41 elementor-widget elementor-widget-spacer\" data-id=\"15eda41\" data-element_type=\"widget\" data-e-type=\"widget\" data-widget_type=\"spacer.default\">\n\t\t\t\t<div class=\"elementor-widget-container\">\n\t\t\t\t\t\t\t<div class=\"elementor-spacer\">\n\t\t\t<div class=\"elementor-spacer-inner\"><\/div>\n\t\t<\/div>\n\t\t\t\t\t\t<\/div>\n\t\t\t\t<\/div>\n\t\t\t\t<\/div>\n\t\t<div class=\"elementor-element elementor-element-41fe7f2 e-con-full e-flex e-con e-parent\" data-id=\"41fe7f2\" data-element_type=\"container\" data-e-type=\"container\" data-settings=\"{&quot;background_background&quot;:&quot;classic&quot;}\">\n\t\t<div class=\"elementor-element elementor-element-ca677b4 e-con-full e-flex e-con e-child\" data-id=\"ca677b4\" data-element_type=\"container\" data-e-type=\"container\">\n\t\t\t\t<div class=\"elementor-element elementor-element-c231ac1 elementor-hidden-mobile elementor-widget elementor-widget-spacer\" data-id=\"c231ac1\" data-element_type=\"widget\" data-e-type=\"widget\" data-widget_type=\"spacer.default\">\n\t\t\t\t<div class=\"elementor-widget-container\">\n\t\t\t\t\t\t\t<div class=\"elementor-spacer\">\n\t\t\t<div class=\"elementor-spacer-inner\"><\/div>\n\t\t<\/div>\n\t\t\t\t\t\t<\/div>\n\t\t\t\t<\/div>\n\t\t\t\t<\/div>\n\t\t<div class=\"elementor-element elementor-element-1410401 e-con-full e-flex e-con e-child\" data-id=\"1410401\" data-element_type=\"container\" data-e-type=\"container\">\n\t\t\t\t<div class=\"elementor-element elementor-element-f26f2b3 elementor-pagination-position-outside elementor-widget elementor-widget-image-carousel\" data-id=\"f26f2b3\" data-element_type=\"widget\" data-e-type=\"widget\" data-settings=\"{&quot;slides_to_show&quot;:&quot;1&quot;,&quot;navigation&quot;:&quot;dots&quot;,&quot;autoplay&quot;:&quot;yes&quot;,&quot;pause_on_hover&quot;:&quot;yes&quot;,&quot;pause_on_interaction&quot;:&quot;yes&quot;,&quot;autoplay_speed&quot;:5000,&quot;infinite&quot;:&quot;yes&quot;,&quot;effect&quot;:&quot;slide&quot;,&quot;speed&quot;:500}\" data-widget_type=\"image-carousel.default\">\n\t\t\t\t<div class=\"elementor-widget-container\">\n\t\t\t\t\t\t\t<div class=\"elementor-image-carousel-wrapper swiper\" role=\"region\" aria-roledescription=\"carousel\" aria-label=\"Karusell_bietet Wissen\" dir=\"ltr\">\n\t\t\t<div class=\"elementor-image-carousel swiper-wrapper swiper-image-stretch\" aria-live=\"off\">\n\t\t\t\t\t\t\t\t<div class=\"swiper-slide\" role=\"group\" aria-roledescription=\"slide\" aria-label=\"1 of 13\"><figure class=\"swiper-slide-inner\"><img decoding=\"async\" class=\"swiper-slide-image\" src=\"https:\/\/www.elisabethleitner.eu\/elisabethleitnerNEU\/wp-content\/uploads\/2024\/12\/3_header_bild-1.jpg\" alt=\"3_header_bild 1\" \/><\/figure><\/div><div class=\"swiper-slide\" role=\"group\" aria-roledescription=\"slide\" aria-label=\"2 of 13\"><figure class=\"swiper-slide-inner\"><img decoding=\"async\" class=\"swiper-slide-image\" src=\"https:\/\/www.elisabethleitner.eu\/elisabethleitnerNEU\/wp-content\/uploads\/2024\/12\/3_header_bild-2.jpg\" alt=\"3_header_bild 2\" \/><\/figure><\/div><div class=\"swiper-slide\" role=\"group\" aria-roledescription=\"slide\" aria-label=\"3 of 13\"><figure class=\"swiper-slide-inner\"><img decoding=\"async\" class=\"swiper-slide-image\" src=\"https:\/\/www.elisabethleitner.eu\/elisabethleitnerNEU\/wp-content\/uploads\/2024\/12\/3_header_bild-4.jpg\" alt=\"3_header_bild 4\" \/><\/figure><\/div><div class=\"swiper-slide\" role=\"group\" aria-roledescription=\"slide\" aria-label=\"4 of 13\"><figure class=\"swiper-slide-inner\"><img decoding=\"async\" class=\"swiper-slide-image\" src=\"https:\/\/www.elisabethleitner.eu\/elisabethleitnerNEU\/wp-content\/uploads\/2024\/12\/3_header_bild-6.jpg\" alt=\"3_header_bild 6\" \/><\/figure><\/div><div class=\"swiper-slide\" role=\"group\" aria-roledescription=\"slide\" aria-label=\"5 of 13\"><figure class=\"swiper-slide-inner\"><img decoding=\"async\" class=\"swiper-slide-image\" src=\"https:\/\/www.elisabethleitner.eu\/elisabethleitnerNEU\/wp-content\/uploads\/2024\/12\/3_header_bild-7.jpg\" alt=\"3_header_bild 7\" \/><\/figure><\/div><div class=\"swiper-slide\" role=\"group\" aria-roledescription=\"slide\" aria-label=\"6 of 13\"><figure class=\"swiper-slide-inner\"><img decoding=\"async\" class=\"swiper-slide-image\" src=\"https:\/\/www.elisabethleitner.eu\/elisabethleitnerNEU\/wp-content\/uploads\/2024\/12\/3_header_bild-8.jpg\" alt=\"3_header_bild 8\" \/><\/figure><\/div><div class=\"swiper-slide\" role=\"group\" aria-roledescription=\"slide\" aria-label=\"7 of 13\"><figure class=\"swiper-slide-inner\"><img decoding=\"async\" class=\"swiper-slide-image\" src=\"https:\/\/www.elisabethleitner.eu\/elisabethleitnerNEU\/wp-content\/uploads\/2024\/12\/3_header_bild-9.jpg\" alt=\"3_header_bild 9\" \/><\/figure><\/div><div class=\"swiper-slide\" role=\"group\" aria-roledescription=\"slide\" aria-label=\"8 of 13\"><figure class=\"swiper-slide-inner\"><img decoding=\"async\" class=\"swiper-slide-image\" src=\"https:\/\/www.elisabethleitner.eu\/elisabethleitnerNEU\/wp-content\/uploads\/2024\/12\/3_header_bild-10.jpg\" alt=\"3_header_bild 10\" \/><\/figure><\/div><div class=\"swiper-slide\" role=\"group\" aria-roledescription=\"slide\" aria-label=\"9 of 13\"><figure class=\"swiper-slide-inner\"><img decoding=\"async\" class=\"swiper-slide-image\" src=\"https:\/\/www.elisabethleitner.eu\/elisabethleitnerNEU\/wp-content\/uploads\/2024\/12\/3_header_bild-11.jpg\" alt=\"3_header_bild 11\" \/><\/figure><\/div><div class=\"swiper-slide\" role=\"group\" aria-roledescription=\"slide\" aria-label=\"10 of 13\"><figure class=\"swiper-slide-inner\"><img decoding=\"async\" class=\"swiper-slide-image\" src=\"https:\/\/www.elisabethleitner.eu\/elisabethleitnerNEU\/wp-content\/uploads\/2024\/12\/3_header_bild-12.jpg\" alt=\"3_header_bild 12\" \/><\/figure><\/div><div class=\"swiper-slide\" role=\"group\" aria-roledescription=\"slide\" aria-label=\"11 of 13\"><figure class=\"swiper-slide-inner\"><img decoding=\"async\" class=\"swiper-slide-image\" src=\"https:\/\/www.elisabethleitner.eu\/elisabethleitnerNEU\/wp-content\/uploads\/2024\/12\/22051620baukultur20iii20kolbermoor_-9-crop-u327197.jpg\" alt=\"220516baukulturiiikolbermoor_-9-crop-u327197\" \/><\/figure><\/div><div class=\"swiper-slide\" role=\"group\" aria-roledescription=\"slide\" aria-label=\"12 of 13\"><figure class=\"swiper-slide-inner\"><img decoding=\"async\" class=\"swiper-slide-image\" src=\"https:\/\/www.elisabethleitner.eu\/elisabethleitnerNEU\/wp-content\/uploads\/2024\/12\/22051620baukultur20iii20kolbermoor_-91-crop-u327185.jpg\" alt=\"220516baukulturiiikolbermoor_-91-crop-u327185\" \/><\/figure><\/div><div class=\"swiper-slide\" role=\"group\" aria-roledescription=\"slide\" aria-label=\"13 of 13\"><figure class=\"swiper-slide-inner\"><img decoding=\"async\" class=\"swiper-slide-image\" src=\"https:\/\/www.elisabethleitner.eu\/elisabethleitnerNEU\/wp-content\/uploads\/2024\/12\/img_1761-crop-u331625.jpg\" alt=\"img_1761-crop-u331625\" \/><\/figure><\/div>\t\t\t<\/div>\n\t\t\t\t\t\t\t\n\t\t\t\t\t\t\t\t\t<div class=\"swiper-pagination\"><\/div>\n\t\t\t\t\t\t\t\t\t<\/div>\n\t\t\t\t\t\t<\/div>\n\t\t\t\t<\/div>\n\t\t\t\t<\/div>\n\t\t<div class=\"elementor-element elementor-element-b581f59 e-con-full e-flex e-con e-child\" data-id=\"b581f59\" data-element_type=\"container\" data-e-type=\"container\">\n\t\t\t\t<div class=\"elementor-element elementor-element-6fda1a9 elementor-hidden-mobile elementor-widget elementor-widget-spacer\" data-id=\"6fda1a9\" data-element_type=\"widget\" data-e-type=\"widget\" data-widget_type=\"spacer.default\">\n\t\t\t\t<div class=\"elementor-widget-container\">\n\t\t\t\t\t\t\t<div class=\"elementor-spacer\">\n\t\t\t<div class=\"elementor-spacer-inner\"><\/div>\n\t\t<\/div>\n\t\t\t\t\t\t<\/div>\n\t\t\t\t<\/div>\n\t\t\t\t<\/div>\n\t\t\t\t<\/div>\n\t\t<div class=\"elementor-element elementor-element-23cf5c7 e-con-full e-flex e-con e-parent\" data-id=\"23cf5c7\" data-element_type=\"container\" data-e-type=\"container\" data-settings=\"{&quot;background_background&quot;:&quot;classic&quot;}\">\n\t\t\t\t<div class=\"elementor-element elementor-element-d3371c3 elementor-widget elementor-widget-spacer\" data-id=\"d3371c3\" data-element_type=\"widget\" data-e-type=\"widget\" data-widget_type=\"spacer.default\">\n\t\t\t\t<div class=\"elementor-widget-container\">\n\t\t\t\t\t\t\t<div class=\"elementor-spacer\">\n\t\t\t<div class=\"elementor-spacer-inner\"><\/div>\n\t\t<\/div>\n\t\t\t\t\t\t<\/div>\n\t\t\t\t<\/div>\n\t\t\t\t<\/div>\n\t\t<div class=\"elementor-element elementor-element-cb6aa9d e-con-full e-flex e-con e-parent\" data-id=\"cb6aa9d\" data-element_type=\"container\" data-e-type=\"container\" data-settings=\"{&quot;background_background&quot;:&quot;classic&quot;}\">\n\t\t<div class=\"elementor-element elementor-element-a47cce4 e-con-full e-flex e-con e-child\" data-id=\"a47cce4\" data-element_type=\"container\" data-e-type=\"container\">\n\t\t\t\t<div class=\"elementor-element elementor-element-37b44d0 elementor-hidden-mobile elementor-widget elementor-widget-spacer\" data-id=\"37b44d0\" data-element_type=\"widget\" data-e-type=\"widget\" data-widget_type=\"spacer.default\">\n\t\t\t\t<div class=\"elementor-widget-container\">\n\t\t\t\t\t\t\t<div class=\"elementor-spacer\">\n\t\t\t<div class=\"elementor-spacer-inner\"><\/div>\n\t\t<\/div>\n\t\t\t\t\t\t<\/div>\n\t\t\t\t<\/div>\n\t\t\t\t<\/div>\n\t\t<div class=\"elementor-element elementor-element-b1bf0c7 e-con-full e-flex e-con e-child\" data-id=\"b1bf0c7\" data-element_type=\"container\" data-e-type=\"container\">\n\t\t\t\t<div class=\"elementor-element elementor-element-6711de3 elementor-widget elementor-widget-text-editor\" data-id=\"6711de3\" data-element_type=\"widget\" data-e-type=\"widget\" data-widget_type=\"text-editor.default\">\n\t\t\t\t<div class=\"elementor-widget-container\">\n\t\t\t\t\t\t\t\t\t<p id=\"u223854-2\">Fast wie Domino, nur spannender: Prozesse, die man anst\u00f6\u00dft und dabei zuschaut, wie der eine Stein den anderen ins Rollen bringt. Dabei kann man Geplantes umsetzen. Und Ungeplantes ausl\u00f6sen. Analysieren, steuern und manchmal auch \u2013 ganz professionell \u2013 einfach nur laufen lassen. Dabei muss man eines k\u00f6nnen: Themen festzurren. Aber auch mal auflockern, wenn notwendig. Inhalte stringent f\u00fchren, nicht aus der Hand geben. Andere daf\u00fcr an der Hand nehmen und zum Punkt f\u00fchren, auf den sie kommen wollen. Themen den Drall geben, damit sie spannend werden. Ganz ohne abzudriften. Einhaken, wo\u02bcs wichtig ist. Auch gern mit kritischen Fragen. Und laufen lassen, wenn es l\u00e4uft. Bis zu einem guten Ende f\u00fcr alle.<\/p>\n<p id=\"u223854-5\">Ganz \u00e4hnlich ist das auch bei der Wissensvermittlung. Denn Bilden, das hei\u00dft auch bauen: Ein Fundament aus Wissen, Fakten und Erfahrungen, auf dem Haltungen und \u00dcberzeugungen solide ruhen k\u00f6nnen. Und Wissen bildet auch die Pers\u00f6nlichkeit: Sch\u00f6pft Potenziale aus, wo sie sonst brachgelegen w\u00e4ren. Bildung spitzt Argumente zu, pr\u00e4zisiert die Wahrnehmung, verfeinert das Verst\u00e4ndnis f\u00fcr die Perspektiven anderer. Aber vor allem sch\u00e4rft sie den Blick f\u00fcr die einzig m\u00f6gliche Richtung der Entwicklung: nach vorne.<\/p>\n<p id=\"u223854-8\">Die Qualit\u00e4t der Ergebnisse ist dabei immer nur so hoch wie die Qualit\u00e4t der Prozesse, die sie formen. Deshalb verdient auch der Weg zum Ziel allerh\u00f6chste gestalterische Aufmerksamkeit. Ganz egal, ob es sich um didaktische Konzepte oder gemeinschaftliche Prozesse handelt.<\/p>\n<strong> <strong> Ich begleite Menschen in ihren Prozessen und gebe Wissen gerne weiter. Dabei ist es mir wichtig, Informationen zielgruppengerecht zu vermitteln. Gerne unterst\u00fctze ich bei der Konzeption Ihres Prozesses oder begleite Sie. Ich leite Workshops, halte Vortr\u00e4ge, entwickle Fortbildungsformate und moderiere gerne. Mut und Freude am Tun d\u00fcrfen dabei nie fehlen.<\/strong> <\/strong> \t\t\t\t\t\t\t\t<\/div>\n\t\t\t\t<\/div>\n\t\t\t\t<\/div>\n\t\t<div class=\"elementor-element elementor-element-905f265 e-con-full e-flex e-con e-child\" data-id=\"905f265\" data-element_type=\"container\" data-e-type=\"container\">\n\t\t\t\t<div class=\"elementor-element elementor-element-59626cf elementor-hidden-mobile elementor-widget elementor-widget-spacer\" data-id=\"59626cf\" data-element_type=\"widget\" data-e-type=\"widget\" data-widget_type=\"spacer.default\">\n\t\t\t\t<div class=\"elementor-widget-container\">\n\t\t\t\t\t\t\t<div class=\"elementor-spacer\">\n\t\t\t<div class=\"elementor-spacer-inner\"><\/div>\n\t\t<\/div>\n\t\t\t\t\t\t<\/div>\n\t\t\t\t<\/div>\n\t\t\t\t<\/div>\n\t\t\t\t<\/div>\n\t\t<div class=\"elementor-element elementor-element-4880a7d e-con-full e-flex e-con e-parent\" data-id=\"4880a7d\" data-element_type=\"container\" data-e-type=\"container\" data-settings=\"{&quot;background_background&quot;:&quot;classic&quot;}\">\n\t\t\t\t<div class=\"elementor-element elementor-element-4a35848 elementor-widget elementor-widget-spacer\" data-id=\"4a35848\" data-element_type=\"widget\" data-e-type=\"widget\" data-widget_type=\"spacer.default\">\n\t\t\t\t<div class=\"elementor-widget-container\">\n\t\t\t\t\t\t\t<div class=\"elementor-spacer\">\n\t\t\t<div class=\"elementor-spacer-inner\"><\/div>\n\t\t<\/div>\n\t\t\t\t\t\t<\/div>\n\t\t\t\t<\/div>\n\t\t\t\t<\/div>\n\t\t<div class=\"elementor-element elementor-element-0076087 e-con-full e-flex e-con e-parent\" data-id=\"0076087\" data-element_type=\"container\" data-e-type=\"container\" data-settings=\"{&quot;background_background&quot;:&quot;classic&quot;}\">\n\t\t<div class=\"elementor-element elementor-element-74dc968 e-con-full e-flex e-con e-child\" data-id=\"74dc968\" data-element_type=\"container\" data-e-type=\"container\">\n\t\t\t\t<div class=\"elementor-element elementor-element-479ff64 elementor-hidden-mobile elementor-widget elementor-widget-spacer\" data-id=\"479ff64\" data-element_type=\"widget\" data-e-type=\"widget\" data-widget_type=\"spacer.default\">\n\t\t\t\t<div class=\"elementor-widget-container\">\n\t\t\t\t\t\t\t<div class=\"elementor-spacer\">\n\t\t\t<div class=\"elementor-spacer-inner\"><\/div>\n\t\t<\/div>\n\t\t\t\t\t\t<\/div>\n\t\t\t\t<\/div>\n\t\t\t\t<\/div>\n\t\t<div class=\"elementor-element elementor-element-aef7526 e-con-full e-flex e-con e-child\" data-id=\"aef7526\" data-element_type=\"container\" data-e-type=\"container\">\n\t\t\t\t<div class=\"elementor-element elementor-element-369658e elementor-widget elementor-widget-text-editor\" data-id=\"369658e\" data-element_type=\"widget\" data-e-type=\"widget\" data-widget_type=\"text-editor.default\">\n\t\t\t\t<div class=\"elementor-widget-container\">\n\t\t\t\t\t\t\t\t\t<p><a href=\"https:\/\/www.elisabethleitner.eu\/elisabethleitnerNEU\/?page_id=1438\"><strong>&gt; Presse <\/strong><\/a><br \/>Medien sind Verst\u00e4rker: Und die kann man f\u00fcr seine Zwecke nutzen. In Interviews oder als Expertin und Input-Geberin f\u00fcr Hintergrundgeschichten.<\/p>\t\t\t\t\t\t\t\t<\/div>\n\t\t\t\t<\/div>\n\t\t\t\t<\/div>\n\t\t<div class=\"elementor-element elementor-element-59d647d e-con-full e-flex e-con e-child\" data-id=\"59d647d\" data-element_type=\"container\" data-e-type=\"container\">\n\t\t\t\t<div class=\"elementor-element elementor-element-fb394ec elementor-hidden-mobile elementor-widget elementor-widget-spacer\" data-id=\"fb394ec\" data-element_type=\"widget\" data-e-type=\"widget\" data-widget_type=\"spacer.default\">\n\t\t\t\t<div class=\"elementor-widget-container\">\n\t\t\t\t\t\t\t<div class=\"elementor-spacer\">\n\t\t\t<div class=\"elementor-spacer-inner\"><\/div>\n\t\t<\/div>\n\t\t\t\t\t\t<\/div>\n\t\t\t\t<\/div>\n\t\t\t\t<\/div>\n\t\t\t\t<\/div>\n\t\t<div class=\"elementor-element elementor-element-9fd9005 e-con-full e-flex e-con e-parent\" data-id=\"9fd9005\" data-element_type=\"container\" data-e-type=\"container\">\n\t\t\t\t<div class=\"elementor-element elementor-element-9f906b3 elementor-widget elementor-widget-spacer\" data-id=\"9f906b3\" data-element_type=\"widget\" data-e-type=\"widget\" data-widget_type=\"spacer.default\">\n\t\t\t\t<div class=\"elementor-widget-container\">\n\t\t\t\t\t\t\t<div class=\"elementor-spacer\">\n\t\t\t<div class=\"elementor-spacer-inner\"><\/div>\n\t\t<\/div>\n\t\t\t\t\t\t<\/div>\n\t\t\t\t<\/div>\n\t\t\t\t<\/div>\n\t\t\t\t<\/div>\n\t\t","protected":false},"excerpt":{"rendered":"<p>bietet Wissensvermittlung und Prozessbegleitung Fast wie Domino, nur spannender: Prozesse, die man anst\u00f6\u00dft und dabei zuschaut, wie der eine Stein den anderen ins Rollen bringt. Dabei kann man Geplantes umsetzen. Und Ungeplantes ausl\u00f6sen. Analysieren, steuern und manchmal auch \u2013 ganz professionell \u2013 einfach nur laufen lassen. Dabei muss man eines k\u00f6nnen: Themen festzurren. Aber auch [&hellip;]<\/p>\n","protected":false},"author":1,"featured_media":0,"parent":0,"menu_order":0,"comment_status":"closed","ping_status":"closed","template":"","meta":{"footnotes":""},"class_list":["post-659","page","type-page","status-publish","hentry"],"_links":{"self":[{"href":"https:\/\/www.elisabethleitner.eu\/elisabethleitnerNEU\/wp-json\/wp\/v2\/pages\/659","targetHints":{"allow":["GET"]}}],"collection":[{"href":"https:\/\/www.elisabethleitner.eu\/elisabethleitnerNEU\/wp-json\/wp\/v2\/pages"}],"about":[{"href":"https:\/\/www.elisabethleitner.eu\/elisabethleitnerNEU\/wp-json\/wp\/v2\/types\/page"}],"author":[{"embeddable":true,"href":"https:\/\/www.elisabethleitner.eu\/elisabethleitnerNEU\/wp-json\/wp\/v2\/users\/1"}],"replies":[{"embeddable":true,"href":"https:\/\/www.elisabethleitner.eu\/elisabethleitnerNEU\/wp-json\/wp\/v2\/comments?post=659"}],"version-history":[{"count":79,"href":"https:\/\/www.elisabethleitner.eu\/elisabethleitnerNEU\/wp-json\/wp\/v2\/pages\/659\/revisions"}],"predecessor-version":[{"id":2722,"href":"https:\/\/www.elisabethleitner.eu\/elisabethleitnerNEU\/wp-json\/wp\/v2\/pages\/659\/revisions\/2722"}],"wp:attachment":[{"href":"https:\/\/www.elisabethleitner.eu\/elisabethleitnerNEU\/wp-json\/wp\/v2\/media?parent=659"}],"curies":[{"name":"wp","href":"https:\/\/api.w.org\/{rel}","templated":true}]}}