{"id":2630,"date":"2024-12-26T21:44:34","date_gmt":"2024-12-26T20:44:34","guid":{"rendered":"https:\/\/www.elisabethleitner.eu\/elisabethleitnerNEU\/?page_id=2630"},"modified":"2026-04-07T18:19:09","modified_gmt":"2026-04-07T16:19:09","slug":"elisabeth-leitner","status":"publish","type":"page","link":"https:\/\/www.elisabethleitner.eu\/elisabethleitnerNEU\/elisabeth-leitner\/","title":{"rendered":"Elisabeth Leitner"},"content":{"rendered":"\t\t<div data-elementor-type=\"wp-page\" data-elementor-id=\"2630\" class=\"elementor elementor-2630\" data-elementor-post-type=\"page\">\n\t\t\t\t<div class=\"elementor-element elementor-element-0a68772 e-flex e-con-boxed e-con e-parent\" data-id=\"0a68772\" data-element_type=\"container\" data-e-type=\"container\">\n\t\t\t\t\t<div class=\"e-con-inner\">\n\t\t\t\t<div class=\"elementor-element elementor-element-e47a2bf elementor-widget elementor-widget-spacer\" data-id=\"e47a2bf\" data-element_type=\"widget\" data-e-type=\"widget\" data-widget_type=\"spacer.default\">\n\t\t\t\t<div class=\"elementor-widget-container\">\n\t\t\t\t\t\t\t<div class=\"elementor-spacer\">\n\t\t\t<div class=\"elementor-spacer-inner\"><\/div>\n\t\t<\/div>\n\t\t\t\t\t\t<\/div>\n\t\t\t\t<\/div>\n\t\t\t\t\t<\/div>\n\t\t\t\t<\/div>\n\t\t<div class=\"elementor-element elementor-element-2892bb9 e-con-full e-flex e-con e-parent\" data-id=\"2892bb9\" data-element_type=\"container\" data-e-type=\"container\">\n\t\t<div class=\"elementor-element elementor-element-2eeff55 e-con-full e-flex e-con e-child\" data-id=\"2eeff55\" data-element_type=\"container\" data-e-type=\"container\">\n\t\t\t\t<\/div>\n\t\t<div class=\"elementor-element elementor-element-0ff9f22 e-con-full e-flex e-con e-child\" data-id=\"0ff9f22\" data-element_type=\"container\" data-e-type=\"container\">\n\t\t\t\t<div class=\"elementor-element elementor-element-33a6e2c elementor-widget elementor-widget-text-editor\" data-id=\"33a6e2c\" data-element_type=\"widget\" data-e-type=\"widget\" data-widget_type=\"text-editor.default\">\n\t\t\t\t<div class=\"elementor-widget-container\">\n\t\t\t\t\t\t\t\t\t<p>Elisabeth Leitner<\/p>\t\t\t\t\t\t\t\t<\/div>\n\t\t\t\t<\/div>\n\t\t\t\t<\/div>\n\t\t<div class=\"elementor-element elementor-element-fc76319 e-con-full e-flex e-con e-child\" data-id=\"fc76319\" data-element_type=\"container\" data-e-type=\"container\">\n\t\t\t\t<\/div>\n\t\t\t\t<\/div>\n\t\t<div class=\"elementor-element elementor-element-d14cb97 e-flex e-con-boxed e-con e-parent\" data-id=\"d14cb97\" data-element_type=\"container\" data-e-type=\"container\">\n\t\t\t\t\t<div class=\"e-con-inner\">\n\t\t\t\t<div class=\"elementor-element elementor-element-e45bb1c elementor-widget elementor-widget-spacer\" data-id=\"e45bb1c\" data-element_type=\"widget\" data-e-type=\"widget\" data-widget_type=\"spacer.default\">\n\t\t\t\t<div class=\"elementor-widget-container\">\n\t\t\t\t\t\t\t<div class=\"elementor-spacer\">\n\t\t\t<div class=\"elementor-spacer-inner\"><\/div>\n\t\t<\/div>\n\t\t\t\t\t\t<\/div>\n\t\t\t\t<\/div>\n\t\t\t\t\t<\/div>\n\t\t\t\t<\/div>\n\t\t<div class=\"elementor-element elementor-element-47ccf9f e-con-full e-flex e-con e-parent\" data-id=\"47ccf9f\" data-element_type=\"container\" data-e-type=\"container\">\n\t\t<div class=\"elementor-element elementor-element-de08d39 e-con-full e-flex e-con e-child\" data-id=\"de08d39\" data-element_type=\"container\" data-e-type=\"container\">\n\t\t\t\t<\/div>\n\t\t<div class=\"elementor-element elementor-element-bf266f9 e-con-full e-flex e-con e-child\" data-id=\"bf266f9\" data-element_type=\"container\" data-e-type=\"container\">\n\t\t\t\t<div class=\"elementor-element elementor-element-92e7590 elementor-widget elementor-widget-text-editor\" data-id=\"92e7590\" data-element_type=\"widget\" data-e-type=\"widget\" data-widget_type=\"text-editor.default\">\n\t\t\t\t<div class=\"elementor-widget-container\">\n\t\t\t\t\t\t\t\t\tAm Ziel beginnt schon der n\u00e4chste Weg. Neue Begegnungen, neue Zusammenh\u00e4nge entdecken, ich kann\u02bcs kaum erwarten. Wo andere noch keine Verbindungen sehen, da kn\u00fcpfe ich gerne neue. Zwischen Fakten und Fakten, Kompetenzen und Kompetenzen, Stadt und Land, aber vor allem: zwischen Menschen und Menschen.\t\t\t\t\t\t\t\t<\/div>\n\t\t\t\t<\/div>\n\t\t\t\t<\/div>\n\t\t<div class=\"elementor-element elementor-element-94c7301 e-con-full e-flex e-con e-child\" data-id=\"94c7301\" data-element_type=\"container\" data-e-type=\"container\">\n\t\t\t\t<\/div>\n\t\t\t\t<\/div>\n\t\t<div class=\"elementor-element elementor-element-c8b6cba e-flex e-con-boxed e-con e-parent\" data-id=\"c8b6cba\" data-element_type=\"container\" data-e-type=\"container\">\n\t\t\t\t\t<div class=\"e-con-inner\">\n\t\t\t\t<div class=\"elementor-element elementor-element-9b317af elementor-widget elementor-widget-spacer\" data-id=\"9b317af\" data-element_type=\"widget\" data-e-type=\"widget\" data-widget_type=\"spacer.default\">\n\t\t\t\t<div class=\"elementor-widget-container\">\n\t\t\t\t\t\t\t<div class=\"elementor-spacer\">\n\t\t\t<div class=\"elementor-spacer-inner\"><\/div>\n\t\t<\/div>\n\t\t\t\t\t\t<\/div>\n\t\t\t\t<\/div>\n\t\t\t\t\t<\/div>\n\t\t\t\t<\/div>\n\t\t<div class=\"elementor-element elementor-element-cb6aa9d e-con-full e-flex e-con e-parent\" data-id=\"cb6aa9d\" data-element_type=\"container\" data-e-type=\"container\" data-settings=\"{&quot;background_background&quot;:&quot;classic&quot;}\">\n\t\t<div class=\"elementor-element elementor-element-a47cce4 e-con-full e-flex e-con e-child\" data-id=\"a47cce4\" data-element_type=\"container\" data-e-type=\"container\">\n\t\t\t\t<\/div>\n\t\t<div class=\"elementor-element elementor-element-b1bf0c7 e-con-full e-flex e-con e-child\" data-id=\"b1bf0c7\" data-element_type=\"container\" data-e-type=\"container\">\n\t\t\t\t<div class=\"elementor-element elementor-element-6711de3 elementor-widget elementor-widget-text-editor\" data-id=\"6711de3\" data-element_type=\"widget\" data-e-type=\"widget\" data-widget_type=\"text-editor.default\">\n\t\t\t\t<div class=\"elementor-widget-container\">\n\t\t\t\t\t\t\t\t\t<div class=\"elementor-element elementor-element-5533ebd elementor-widget elementor-widget-text-editor\" data-id=\"5533ebd\" data-element_type=\"widget\" data-widget_type=\"text-editor.default\"><div class=\"elementor-widget-container\"><p>Von St. Pantaleon in Nieder\u00f6sterreich, meinem Geburtsort, bis nach St. Radegund bei Graz: Mein Lebens- und Berufsweg ist einigen roten F\u00e4den gefolgt, aber es gab auch ein paar inhaltliche Schlenker und biografische Abzweigungen. Vom Land in die Stadt. Und zur\u00fcck dorthin, wo das eine dem anderen besonders nahe liegt.<\/p><\/div><\/div><div class=\"elementor-element elementor-element-c2889e9 elementor-widget elementor-widget-text-editor\" data-id=\"c2889e9\" data-element_type=\"widget\" data-widget_type=\"text-editor.default\"><div class=\"elementor-widget-container\"><p>Zun\u00e4chst aber zog mich das Architekturstudium nach Wien. Dort habe ich auch vor den T\u00fcren der Bibliotheken und H\u00f6rs\u00e4le so einiges gelernt: das Wertsch\u00e4tzen etwa. Von r\u00e4umlichen und baulichen Qualit\u00e4ten. Aber auch, dass unter der gebauten, manifesten Oberfl\u00e4che oft die spannendsten Geschichten stecken k\u00f6nnen. Ins Herz geschlossen habe ich Wien aber vor allem wegen der Menschen, denen ich zwischen den H\u00e4usern und in ihnen begegnet bin. Aber nicht nur diese Zeit hallt bei mir bis heute nach, auch die Liebe zur Musik: Entz\u00fcndet hat sie sich schon fr\u00fcher, w\u00e4hrend meiner Zeit am Musikgymnasium in Linz.<\/p><\/div><\/div><div class=\"elementor-element elementor-element-7a9611e elementor-widget elementor-widget-text-editor\" data-id=\"7a9611e\" data-element_type=\"widget\" data-widget_type=\"text-editor.default\"><div class=\"elementor-widget-container\"><p>Beruflich durfte zum Gl\u00fcck auch etwas von dieser Passion mitschwingen: Zumindest wenn es darum ging, das Geh\u00f6r zu schulen. F\u00fcr W\u00fcnsche von KundInnen und ArchitektInnen, als ich im Schauraum bei der Fa. Eckelt Glas t\u00e4tig war. Das Ausformulieren von W\u00fcnschen, die gar nicht die eigenen sind, auch das war hilfreich bei meiner n\u00e4chsten Station: Im Architekturb\u00fcro nonconform galt es, Prozesse zu gestalten, n\u00e4mlich B\u00fcrgerInnenbeteiligungsverfahren, Abl\u00e4ufe und Formate harmonisch abzustimmen \u2013 und da war sie wieder, die Musik. Wie auch beim Orchestrieren von Symposien, die ich organisiert habe. Oder auch als Leiterin eines besonders engagierten Ensembles: dem europ\u00e4ischen Architekturnetzwerk Wonderland. Gerne habe ich auch immer daf\u00fcr gesorgt, dass Veranstaltungen auch zu Ereignissen werden \u2013 wenn`s sein soll auch mit Paukenschlag. So gerne, dass ich schlie\u00dflich berufsbegleitend Eventmanagement studierte.<\/p><\/div><\/div><div class=\"elementor-element elementor-element-2e0f69b elementor-widget elementor-widget-text-editor\" data-id=\"2e0f69b\" data-element_type=\"widget\" data-widget_type=\"text-editor.default\"><div class=\"elementor-widget-container\"><p id=\"u219167-11\">Als sich schlie\u00dflich die M\u00f6glichkeit bot, zweigte ich beruflich in die Forschung und Lehre ab, neun Jahre lang, an der TU Wien. Dort versuchte ich, im fachlichen Diskurs stets auch Zwischent\u00f6ne aufzunehmen, aber auch zu setzen. Manche davon haben sogar ein langes Echo produziert: Wie das Thema der Kulturhauptst\u00e4dte, mit dem ich mich schon w\u00e4hrend meiner Dissertation besch\u00e4ftigt habe. Daraus ist eine Plattform entstanden, kulturhauptstadt2024.at, die inzwischen weit \u00fcber die Grenzen \u00d6sterreichs rezipiert wurde. Dann leitete ich beinahe f\u00fcnf Jahre den Studiengang Architektur an der FH K\u00e4rnten am Campus Spittal an der Drau da mir die Bildung eine Herzensangelegenheit ist.<\/p><div class=\"elementor-element elementor-element-899c9dc elementor-widget elementor-widget-text-editor\" data-id=\"899c9dc\" data-element_type=\"widget\" data-widget_type=\"text-editor.default\"><div class=\"elementor-widget-container\"><p><strong><strong>Der l\u00e4ndliche Raum steht nun im Fokus. Ich begleite Gemeinden und Initiativen bei Prozessen zur Zukunftsentwicklung und seit Herbst 2025 habe ich die erste Laufbahnstelle \u00d6sterreichs zur \u201eBau- und Planungskultur im l\u00e4ndlichen Raum\u201c an der TU Wien inne. <\/strong><\/strong><\/p><p id=\"u219167-17\"><strong><strong>Seit 2019 bin ich au\u00dferdem Obfrau des Vereins Landluft. Wir sorgen daf\u00fcr, dass die Baukultur in l\u00e4ndlichen R\u00e4umen auch im \u00f6ffentlichen Diskurs mehr Beachtung geschenkt wird. RURASMUS habe ich gemeinsam mit Roland Gruber initiiert. Damit der l\u00e4ndliche Raum f\u00fcr junge Menschen wieder an Reiz gewinnt und diese neue Perspektiven f\u00fcr das rurale Europa entwickeln. Was Frauen bewegt hat, das Land in ihren Fokus zu r\u00fccken, versuche ich gemeinsam mit meiner Freundin Raffaela in unserem Podcast \u201eMutige Frauen braucht das Land\u201c zu erforschen.<\/strong><\/strong><\/p><div class=\"elementor-element elementor-element-d0ee054 elementor-widget elementor-widget-text-editor\" data-id=\"d0ee054\" data-element_type=\"widget\" data-widget_type=\"text-editor.default\"><div class=\"elementor-widget-container\"><p id=\"u219167-17\"><strong><strong>All meine Bem\u00fchungen haben vor allem eines zum Ziel: Menschen zu erm\u00e4chtigen. Um Lebensr\u00e4ume zu gestalten. Ihren eigenen und den ihrer Mitmenschen. Und dadurch gemeinsam lebenswerten Zukunftsraum schaffen. Das bereitet mir Freude.<\/strong><\/strong><\/p><\/div><\/div><div class=\"elementor-element elementor-element-06c923c elementor-widget elementor-widget-text-editor\" data-id=\"06c923c\" data-element_type=\"widget\" data-widget_type=\"text-editor.default\"><div class=\"elementor-widget-container\"><p id=\"u219167-20\">\u2026und wenn es sich dazwischen oder danach noch ausgeht: Dann geht\u2019s noch zur Chorprobe.<\/p><\/div><\/div><\/div><\/div><\/div><\/div>\t\t\t\t\t\t\t\t<\/div>\n\t\t\t\t<\/div>\n\t\t\t\t<\/div>\n\t\t<div class=\"elementor-element elementor-element-905f265 e-con-full e-flex e-con e-child\" data-id=\"905f265\" data-element_type=\"container\" data-e-type=\"container\">\n\t\t\t\t<\/div>\n\t\t\t\t<\/div>\n\t\t<div class=\"elementor-element elementor-element-23cf5c7 e-con-full e-flex e-con e-parent\" data-id=\"23cf5c7\" data-element_type=\"container\" data-e-type=\"container\" data-settings=\"{&quot;background_background&quot;:&quot;classic&quot;}\">\n\t\t\t\t<div class=\"elementor-element elementor-element-d3371c3 elementor-widget elementor-widget-spacer\" data-id=\"d3371c3\" data-element_type=\"widget\" data-e-type=\"widget\" data-widget_type=\"spacer.default\">\n\t\t\t\t<div class=\"elementor-widget-container\">\n\t\t\t\t\t\t\t<div class=\"elementor-spacer\">\n\t\t\t<div class=\"elementor-spacer-inner\"><\/div>\n\t\t<\/div>\n\t\t\t\t\t\t<\/div>\n\t\t\t\t<\/div>\n\t\t\t\t<\/div>\n\t\t<div class=\"elementor-element elementor-element-dd93b53 e-con-full e-flex e-con e-parent\" data-id=\"dd93b53\" data-element_type=\"container\" data-e-type=\"container\" data-settings=\"{&quot;background_background&quot;:&quot;classic&quot;}\">\n\t\t<div class=\"elementor-element elementor-element-4c31ba6 e-con-full e-flex e-con e-child\" data-id=\"4c31ba6\" data-element_type=\"container\" data-e-type=\"container\">\n\t\t\t\t<\/div>\n\t\t<div class=\"elementor-element elementor-element-161fc8e e-con-full e-flex e-con e-child\" data-id=\"161fc8e\" data-element_type=\"container\" data-e-type=\"container\">\n\t\t\t\t<div class=\"elementor-element elementor-element-60a0140 elementor-widget elementor-widget-image\" data-id=\"60a0140\" data-element_type=\"widget\" data-e-type=\"widget\" data-widget_type=\"image.default\">\n\t\t\t\t<div class=\"elementor-widget-container\">\n\t\t\t\t\t\t\t\t\t\t\t\t\t\t\t<img fetchpriority=\"high\" decoding=\"async\" width=\"704\" height=\"528\" src=\"https:\/\/www.elisabethleitner.eu\/elisabethleitnerNEU\/wp-content\/uploads\/2024\/12\/img_5380.png\" class=\"attachment-full size-full wp-image-1195\" alt=\"\" srcset=\"https:\/\/www.elisabethleitner.eu\/elisabethleitnerNEU\/wp-content\/uploads\/2024\/12\/img_5380.png 704w, https:\/\/www.elisabethleitner.eu\/elisabethleitnerNEU\/wp-content\/uploads\/2024\/12\/img_5380-300x225.png 300w\" sizes=\"(max-width: 704px) 100vw, 704px\" \/>\t\t\t\t\t\t\t\t\t\t\t\t\t\t\t<\/div>\n\t\t\t\t<\/div>\n\t\t\t\t<\/div>\n\t\t<div class=\"elementor-element elementor-element-10b3942 e-con-full e-flex e-con e-child\" data-id=\"10b3942\" data-element_type=\"container\" data-e-type=\"container\">\n\t\t\t\t<\/div>\n\t\t\t\t<\/div>\n\t\t<div class=\"elementor-element elementor-element-9fdeab5 e-con-full e-flex e-con e-parent\" data-id=\"9fdeab5\" data-element_type=\"container\" data-e-type=\"container\" data-settings=\"{&quot;background_background&quot;:&quot;classic&quot;}\">\n\t\t\t\t<div class=\"elementor-element elementor-element-3fc8ea1 elementor-widget elementor-widget-spacer\" data-id=\"3fc8ea1\" data-element_type=\"widget\" data-e-type=\"widget\" data-widget_type=\"spacer.default\">\n\t\t\t\t<div class=\"elementor-widget-container\">\n\t\t\t\t\t\t\t<div class=\"elementor-spacer\">\n\t\t\t<div class=\"elementor-spacer-inner\"><\/div>\n\t\t<\/div>\n\t\t\t\t\t\t<\/div>\n\t\t\t\t<\/div>\n\t\t\t\t<\/div>\n\t\t<div class=\"elementor-element elementor-element-fbf5ec9 e-con-full e-flex e-con e-parent\" data-id=\"fbf5ec9\" data-element_type=\"container\" data-e-type=\"container\" data-settings=\"{&quot;background_background&quot;:&quot;classic&quot;}\">\n\t\t<div class=\"elementor-element elementor-element-d558430 e-con-full e-flex e-con e-child\" data-id=\"d558430\" data-element_type=\"container\" data-e-type=\"container\">\n\t\t\t\t<\/div>\n\t\t<div class=\"elementor-element elementor-element-82dcb1f e-con-full e-flex e-con e-child\" data-id=\"82dcb1f\" data-element_type=\"container\" data-e-type=\"container\">\n\t\t\t\t<div class=\"elementor-element elementor-element-8cfbcec elementor-widget elementor-widget-text-editor\" data-id=\"8cfbcec\" data-element_type=\"widget\" data-e-type=\"widget\" data-widget_type=\"text-editor.default\">\n\t\t\t\t<div class=\"elementor-widget-container\">\n\t\t\t\t\t\t\t\t\t<p>Kontakt.\u00a0<br \/>DI Dr.techn. Elisabeth Leitner MBA<br \/><a href=\"mailto:el@elisabethleitner.eu\">el@elisabethleitner.eu<\/a><\/p>\t\t\t\t\t\t\t\t<\/div>\n\t\t\t\t<\/div>\n\t\t\t\t<\/div>\n\t\t<div class=\"elementor-element elementor-element-35ce08d e-con-full e-flex e-con e-child\" data-id=\"35ce08d\" data-element_type=\"container\" data-e-type=\"container\">\n\t\t\t\t<\/div>\n\t\t\t\t<\/div>\n\t\t<div class=\"elementor-element elementor-element-9fd9005 e-con-full e-flex e-con e-parent\" data-id=\"9fd9005\" data-element_type=\"container\" data-e-type=\"container\">\n\t\t\t\t<div class=\"elementor-element elementor-element-9f906b3 elementor-widget elementor-widget-spacer\" data-id=\"9f906b3\" data-element_type=\"widget\" data-e-type=\"widget\" data-widget_type=\"spacer.default\">\n\t\t\t\t<div class=\"elementor-widget-container\">\n\t\t\t\t\t\t\t<div class=\"elementor-spacer\">\n\t\t\t<div class=\"elementor-spacer-inner\"><\/div>\n\t\t<\/div>\n\t\t\t\t\t\t<\/div>\n\t\t\t\t<\/div>\n\t\t\t\t<\/div>\n\t\t\t\t<\/div>\n\t\t","protected":false},"excerpt":{"rendered":"<p>Elisabeth Leitner Am Ziel beginnt schon der n\u00e4chste Weg. Neue Begegnungen, neue Zusammenh\u00e4nge entdecken, ich kann\u02bcs kaum erwarten. Wo andere noch keine Verbindungen sehen, da kn\u00fcpfe ich gerne neue. Zwischen Fakten und Fakten, Kompetenzen und Kompetenzen, Stadt und Land, aber vor allem: zwischen Menschen und Menschen. Von St. Pantaleon in Nieder\u00f6sterreich, meinem Geburtsort, bis nach [&hellip;]<\/p>\n","protected":false},"author":1,"featured_media":0,"parent":0,"menu_order":0,"comment_status":"closed","ping_status":"closed","template":"","meta":{"footnotes":""},"class_list":["post-2630","page","type-page","status-publish","hentry"],"_links":{"self":[{"href":"https:\/\/www.elisabethleitner.eu\/elisabethleitnerNEU\/wp-json\/wp\/v2\/pages\/2630","targetHints":{"allow":["GET"]}}],"collection":[{"href":"https:\/\/www.elisabethleitner.eu\/elisabethleitnerNEU\/wp-json\/wp\/v2\/pages"}],"about":[{"href":"https:\/\/www.elisabethleitner.eu\/elisabethleitnerNEU\/wp-json\/wp\/v2\/types\/page"}],"author":[{"embeddable":true,"href":"https:\/\/www.elisabethleitner.eu\/elisabethleitnerNEU\/wp-json\/wp\/v2\/users\/1"}],"replies":[{"embeddable":true,"href":"https:\/\/www.elisabethleitner.eu\/elisabethleitnerNEU\/wp-json\/wp\/v2\/comments?post=2630"}],"version-history":[{"count":34,"href":"https:\/\/www.elisabethleitner.eu\/elisabethleitnerNEU\/wp-json\/wp\/v2\/pages\/2630\/revisions"}],"predecessor-version":[{"id":2881,"href":"https:\/\/www.elisabethleitner.eu\/elisabethleitnerNEU\/wp-json\/wp\/v2\/pages\/2630\/revisions\/2881"}],"wp:attachment":[{"href":"https:\/\/www.elisabethleitner.eu\/elisabethleitnerNEU\/wp-json\/wp\/v2\/media?parent=2630"}],"curies":[{"name":"wp","href":"https:\/\/api.w.org\/{rel}","templated":true}]}}