{"id":1588,"date":"2024-12-22T21:43:14","date_gmt":"2024-12-22T20:43:14","guid":{"rendered":"https:\/\/www.elisabethleitner.eu\/elisabethleitnerNEU\/?page_id=1588"},"modified":"2024-12-26T17:33:02","modified_gmt":"2024-12-26T16:33:02","slug":"vienna-lviv","status":"publish","type":"page","link":"https:\/\/www.elisabethleitner.eu\/elisabethleitnerNEU\/vienna-lviv\/","title":{"rendered":"vienna-lviv"},"content":{"rendered":"\t\t<div data-elementor-type=\"wp-page\" data-elementor-id=\"1588\" class=\"elementor elementor-1588\" data-elementor-post-type=\"page\">\n\t\t\t\t<div class=\"elementor-element elementor-element-0a68772 e-flex e-con-boxed e-con e-parent\" data-id=\"0a68772\" data-element_type=\"container\" data-e-type=\"container\">\n\t\t\t\t\t<div class=\"e-con-inner\">\n\t\t\t\t<div class=\"elementor-element elementor-element-e47a2bf elementor-hidden-mobile elementor-widget elementor-widget-spacer\" data-id=\"e47a2bf\" data-element_type=\"widget\" data-e-type=\"widget\" data-widget_type=\"spacer.default\">\n\t\t\t\t<div class=\"elementor-widget-container\">\n\t\t\t\t\t\t\t<div class=\"elementor-spacer\">\n\t\t\t<div class=\"elementor-spacer-inner\"><\/div>\n\t\t<\/div>\n\t\t\t\t\t\t<\/div>\n\t\t\t\t<\/div>\n\t\t\t\t\t<\/div>\n\t\t\t\t<\/div>\n\t\t<div class=\"elementor-element elementor-element-2892bb9 e-con-full e-flex e-con e-parent\" data-id=\"2892bb9\" data-element_type=\"container\" data-e-type=\"container\">\n\t\t<div class=\"elementor-element elementor-element-2eeff55 e-con-full e-flex e-con e-child\" data-id=\"2eeff55\" data-element_type=\"container\" data-e-type=\"container\">\n\t\t\t\t<\/div>\n\t\t<div class=\"elementor-element elementor-element-0ff9f22 e-con-full e-flex e-con e-child\" data-id=\"0ff9f22\" data-element_type=\"container\" data-e-type=\"container\">\n\t\t\t\t<div class=\"elementor-element elementor-element-33a6e2c elementor-widget elementor-widget-text-editor\" data-id=\"33a6e2c\" data-element_type=\"widget\" data-e-type=\"widget\" data-widget_type=\"text-editor.default\">\n\t\t\t\t<div class=\"elementor-widget-container\">\n\t\t\t\t\t\t\t\t\t<p>vienna-lviv<\/p>\t\t\t\t\t\t\t\t<\/div>\n\t\t\t\t<\/div>\n\t\t\t\t<\/div>\n\t\t<div class=\"elementor-element elementor-element-fc76319 e-con-full e-flex e-con e-child\" data-id=\"fc76319\" data-element_type=\"container\" data-e-type=\"container\">\n\t\t\t\t<\/div>\n\t\t\t\t<\/div>\n\t\t<div class=\"elementor-element elementor-element-d14cb97 e-flex e-con-boxed e-con e-parent\" data-id=\"d14cb97\" data-element_type=\"container\" data-e-type=\"container\">\n\t\t\t\t\t<div class=\"e-con-inner\">\n\t\t\t\t<div class=\"elementor-element elementor-element-e45bb1c elementor-widget elementor-widget-spacer\" data-id=\"e45bb1c\" data-element_type=\"widget\" data-e-type=\"widget\" data-widget_type=\"spacer.default\">\n\t\t\t\t<div class=\"elementor-widget-container\">\n\t\t\t\t\t\t\t<div class=\"elementor-spacer\">\n\t\t\t<div class=\"elementor-spacer-inner\"><\/div>\n\t\t<\/div>\n\t\t\t\t\t\t<\/div>\n\t\t\t\t<\/div>\n\t\t\t\t\t<\/div>\n\t\t\t\t<\/div>\n\t\t<div class=\"elementor-element elementor-element-47ccf9f e-con-full e-flex e-con e-parent\" data-id=\"47ccf9f\" data-element_type=\"container\" data-e-type=\"container\">\n\t\t<div class=\"elementor-element elementor-element-de08d39 e-con-full e-flex e-con e-child\" data-id=\"de08d39\" data-element_type=\"container\" data-e-type=\"container\">\n\t\t\t\t<\/div>\n\t\t<div class=\"elementor-element elementor-element-bf266f9 e-con-full e-flex e-con e-child\" data-id=\"bf266f9\" data-element_type=\"container\" data-e-type=\"container\">\n\t\t\t\t<div class=\"elementor-element elementor-element-92e7590 elementor-widget elementor-widget-text-editor\" data-id=\"92e7590\" data-element_type=\"widget\" data-e-type=\"widget\" data-widget_type=\"text-editor.default\">\n\t\t\t\t<div class=\"elementor-widget-container\">\n\t\t\t\t\t\t\t\t\t<p id=\"u224754-2\">Im Zeitraum von 2009\u20132016 war ich Teil des Leitungsteams der wissenschaftlichen Kooperation zwischen der Technischen Universit\u00e4t Wien und der L\u2019vivska Polytechnika Lemberg. Forschungs- und Entwurfsprojekte, Workshops, Exkursionen und Publikationen \u2013 das Aufgabengebiet der Kooperation ist vielf\u00e4ltig. F\u00f6rdergeber ist das \u00f6sterreichische Bundesministerium f\u00fcr Bildung, Wissenschaft und Forschung und die Projektsprache ist Englisch.<\/p>\t\t\t\t\t\t\t\t<\/div>\n\t\t\t\t<\/div>\n\t\t\t\t<\/div>\n\t\t<div class=\"elementor-element elementor-element-94c7301 e-con-full e-flex e-con e-child\" data-id=\"94c7301\" data-element_type=\"container\" data-e-type=\"container\">\n\t\t\t\t<\/div>\n\t\t\t\t<\/div>\n\t\t<div class=\"elementor-element elementor-element-c8b6cba e-flex e-con-boxed e-con e-parent\" data-id=\"c8b6cba\" data-element_type=\"container\" data-e-type=\"container\">\n\t\t\t\t\t<div class=\"e-con-inner\">\n\t\t\t\t<div class=\"elementor-element elementor-element-9b317af elementor-widget elementor-widget-spacer\" data-id=\"9b317af\" data-element_type=\"widget\" data-e-type=\"widget\" data-widget_type=\"spacer.default\">\n\t\t\t\t<div class=\"elementor-widget-container\">\n\t\t\t\t\t\t\t<div class=\"elementor-spacer\">\n\t\t\t<div class=\"elementor-spacer-inner\"><\/div>\n\t\t<\/div>\n\t\t\t\t\t\t<\/div>\n\t\t\t\t<\/div>\n\t\t\t\t\t<\/div>\n\t\t\t\t<\/div>\n\t\t<div class=\"elementor-element elementor-element-cb6aa9d e-con-full e-flex e-con e-parent\" data-id=\"cb6aa9d\" data-element_type=\"container\" data-e-type=\"container\" data-settings=\"{&quot;background_background&quot;:&quot;classic&quot;}\">\n\t\t<div class=\"elementor-element elementor-element-a47cce4 e-con-full e-flex e-con e-child\" data-id=\"a47cce4\" data-element_type=\"container\" data-e-type=\"container\">\n\t\t\t\t<\/div>\n\t\t<div class=\"elementor-element elementor-element-b1bf0c7 e-con-full e-flex e-con e-child\" data-id=\"b1bf0c7\" data-element_type=\"container\" data-e-type=\"container\">\n\t\t\t\t<div class=\"elementor-element elementor-element-6711de3 elementor-widget elementor-widget-text-editor\" data-id=\"6711de3\" data-element_type=\"widget\" data-e-type=\"widget\" data-widget_type=\"text-editor.default\">\n\t\t\t\t<div class=\"elementor-widget-container\">\n\t\t\t\t\t\t\t\t\t<p id=\"u230576-2\">Die Technische Universit\u00e4t Wien und die L\u02bcvivska Polytechnika Lemberg kooperieren seit 1995 in der Konzeption und Anwendung verschiedener Lehr- und Forschungsmethoden. Schwerpunkte der Kooperation liegen auf der Auseinandersetzung mit Fragen der derzeitigen Stadtentwicklung und des St\u00e4dtebaus, dem Umgang mit historischen urbanen Strukturen, Aspekten der Kommunikation im Feld der Architektur wie auch der Anwendung moderner Holzbaustrukturen.<\/p><p id=\"u230576-5\">Diese Schwerpunkte ergaben sich aus den Rahmenbedingungen der Kooperation: den gemeinsamen Interessen beider Universit\u00e4ten, den spezifischen Charakteristiken der St\u00e4dte Wien und Lviv und den Arbeitsschwerpunkten der involvierten Personen.<\/p><p id=\"u230576-7\">Die Kooperation soll einen innovativen Kurs in der universit\u00e4ren Zusammenarbeit \u00d6sterreichs mit der Ukraine unter den zuvor genannten Aspekten setzen. Des Weiteren ist die Kooperation Ausdruck des Wunsches nach mehr Zusammenarbeit zwischen der Ukraine und der Europ\u00e4ischen Union auf Ebene der universit\u00e4ren Lehre wie auch der Forschung.<\/p><p id=\"u230576-11\">Lemberg I Lviv Architektur und Stadt. 100 Bedeutende Bauwerke, Architecture &amp; City. 100 Landmark Buildings<br \/>Herausgeber und Autoren: Andreas Hofer, Elisabeth Leitner, Bohdan Tscherkes<br \/>LIT Verlag Berlin \u2013 Wien, 2012 I deutsch\/englisch<\/p><p id=\"u230576-23\"><a class=\"nonblock\" href=\"http:\/\/www.vienna-lviv.info\/\" target=\"_blank\" rel=\"noopener\"><span id=\"u230576-20\">&gt; www.vienna-lviv.info<\/span><\/a><\/p>\t\t\t\t\t\t\t\t<\/div>\n\t\t\t\t<\/div>\n\t\t\t\t<\/div>\n\t\t<div class=\"elementor-element elementor-element-905f265 e-con-full e-flex e-con e-child\" data-id=\"905f265\" data-element_type=\"container\" data-e-type=\"container\">\n\t\t\t\t<\/div>\n\t\t\t\t<\/div>\n\t\t<div class=\"elementor-element elementor-element-23cf5c7 e-con-full e-flex e-con e-parent\" data-id=\"23cf5c7\" data-element_type=\"container\" data-e-type=\"container\" data-settings=\"{&quot;background_background&quot;:&quot;classic&quot;}\">\n\t\t\t\t<div class=\"elementor-element elementor-element-d3371c3 elementor-widget elementor-widget-spacer\" data-id=\"d3371c3\" data-element_type=\"widget\" data-e-type=\"widget\" data-widget_type=\"spacer.default\">\n\t\t\t\t<div class=\"elementor-widget-container\">\n\t\t\t\t\t\t\t<div class=\"elementor-spacer\">\n\t\t\t<div class=\"elementor-spacer-inner\"><\/div>\n\t\t<\/div>\n\t\t\t\t\t\t<\/div>\n\t\t\t\t<\/div>\n\t\t\t\t<\/div>\n\t\t<div class=\"elementor-element elementor-element-f65de8b e-con-full e-flex e-con e-parent\" data-id=\"f65de8b\" data-element_type=\"container\" data-e-type=\"container\" data-settings=\"{&quot;background_background&quot;:&quot;classic&quot;}\">\n\t\t\t\t<div class=\"elementor-element elementor-element-f26f2b3 elementor-pagination-position-outside elementor-widget elementor-widget-image-carousel\" data-id=\"f26f2b3\" data-element_type=\"widget\" data-e-type=\"widget\" data-settings=\"{&quot;slides_to_show&quot;:&quot;2&quot;,&quot;navigation&quot;:&quot;dots&quot;,&quot;autoplay&quot;:&quot;yes&quot;,&quot;pause_on_hover&quot;:&quot;yes&quot;,&quot;pause_on_interaction&quot;:&quot;yes&quot;,&quot;autoplay_speed&quot;:5000,&quot;infinite&quot;:&quot;yes&quot;,&quot;speed&quot;:500}\" data-widget_type=\"image-carousel.default\">\n\t\t\t\t<div class=\"elementor-widget-container\">\n\t\t\t\t\t\t\t<div class=\"elementor-image-carousel-wrapper swiper\" role=\"region\" aria-roledescription=\"carousel\" aria-label=\"Karusell_bietet Wissen\" dir=\"ltr\">\n\t\t\t<div class=\"elementor-image-carousel swiper-wrapper swiper-image-stretch\" aria-live=\"off\">\n\t\t\t\t\t\t\t\t<div class=\"swiper-slide\" role=\"group\" aria-roledescription=\"slide\" aria-label=\"1 of 8\"><figure class=\"swiper-slide-inner\"><img decoding=\"async\" class=\"swiper-slide-image\" src=\"https:\/\/www.elisabethleitner.eu\/elisabethleitnerNEU\/wp-content\/uploads\/2024\/12\/vienna-lviv_02-scaled.jpg\" alt=\"vienna-lviv_02\" \/><\/figure><\/div><div class=\"swiper-slide\" role=\"group\" aria-roledescription=\"slide\" aria-label=\"2 of 8\"><figure class=\"swiper-slide-inner\"><img decoding=\"async\" class=\"swiper-slide-image\" src=\"https:\/\/www.elisabethleitner.eu\/elisabethleitnerNEU\/wp-content\/uploads\/2024\/12\/vienna-lviv_03-scaled.jpg\" alt=\"vienna-lviv_03\" \/><\/figure><\/div><div class=\"swiper-slide\" role=\"group\" aria-roledescription=\"slide\" aria-label=\"3 of 8\"><figure class=\"swiper-slide-inner\"><img decoding=\"async\" class=\"swiper-slide-image\" src=\"https:\/\/www.elisabethleitner.eu\/elisabethleitnerNEU\/wp-content\/uploads\/2024\/12\/vienna-lviv_04.jpg\" alt=\"\u041f\u0440\u0435\u0437\u0435\u043d\u0442\u0430\u0446\u0456\u044f \u043a\u043d\u0438\u0433\u0438 &quot;\u041b\u044c\u0432\u0456\u0432 - \u0410\u0440\u0445\u0456\u0442\u0435\u043a\u0442\u0443\u0440\u0430 &amp; \u043c\u0456\u0441\u0442\u043e. 100 \u0432\u0438\u0437\u043d\u0430\u0447\u043d\u0438\u0445 \u043f\u0430\u043c&#039;\u044f\u0442\u043e\u043a \u0430\u0440\u0445\u0456\u0442\u0435\u043a\u0442\u0443\u0440\u0438.\r\u0414\u041e\u041f\u041e\u0412\u0406\u0414\u0410\u0427\u0406:\r\u0410\u0432\u0442\u043e\u0440\u0438 \u043a\u043d\u0438\u0433\u0438\r\u0410\u043d\u0434\u0440\u0435\u0430\u0441 \u0413\u043e\u0444\u0435\u0440 (\u0412\u0456\u0434\u0435\u043d\u044c) \u0437\u0430\u0439\u043c\u0430\u0454\u0442\u044c\u0441\u044f \u0434\u043e\u0441\u043b\u0456\u0434\u0436\u0435\u043d\u043d\u044f\u043c\u0438 \u0442\u0430 \u0432\u0438\u043a\u043b\u0430\u0434\u0430\u0454 \u043c\u0456\u0436\u043d\u0430\u0440\u043e\u0434\u043d\u0438\u0439 \u0442\u0430 \u043d\u0435\u0444\u043e\u0440\u043c\u0430\u043b\u044c\u043d\u0438\u0439 \u0440\u043e\u0437\u0432\u0438\u0442\u043e\u043a \u043c\u0456\u0441\u0442.\r\r\u0415\u043b\u0456\u0437\u0430\u0431\u0435\u0442 \u041b\u044f\u0439\u0442\u043d\u0435\u0440 (\u0412\u0456\u0434\u0435\u043d\u044c) \u043a\u043e\u043e\u0440\u0434\u0438\u043d\u0430\u0442\u043e\u0440\u043a\u0430 \u0430\u0432\u0441\u0442\u0440\u0456\u0439\u0441\u044c\u043a\u0438\u0445 \u0442\u0430 \u043c\u0456\u0436\u043d\u0430\u0440\u043e\u0434\u043d\u0438\u0445 \u0430\u0440\u0445\u0456\u0442\u0435\u043a\u0442\u0443\u0440\u043d\u0438\u0445 \u043f\u0440\u043e\u0435\u043a\u0442\u0456\u0432\r\r\u0411\u043e\u0433\u0434\u0430\u043d \u0427\u0435\u0440\u043a\u0435\u0441 (\u041b\u044c\u0432\u0456\u0432) - \u0434\u043e\u043a\u0442\u043e\u0440 \u0430\u0440\u0445\u0456\u0442\u0435\u043a\u0442\u0443\u0440\u0438, \u043f\u0440\u043e\u0444\u0435\u0441\u043e\u0440, \u0434\u0438\u0440\u0435\u043a\u0442\u043e\u0440 \u0406\u043d\u0441\u0442\u0438\u0442\u0443\u0442\u0443 \u0430\u0440\u0445\u0456\u0442\u0435\u043a\u0442\u0443\u0440\u0438, \u0437\u0430\u0432\u0456\u0434\u0443\u0432\u0430\u0447 \u043a\u0430\u0444\u0435\u0434\u0440\u0438 \u0414\u0438\u0437\u0430\u0439\u043d\u0443 \u0442\u0430 \u043e\u0441\u043d\u043e\u0432 \u0430\u0440\u0445\u0456\u0442\u0435\u043a\u0442\u0443\u0440\u0438\" \/><\/figure><\/div><div class=\"swiper-slide\" role=\"group\" aria-roledescription=\"slide\" aria-label=\"4 of 8\"><figure class=\"swiper-slide-inner\"><img decoding=\"async\" class=\"swiper-slide-image\" src=\"https:\/\/www.elisabethleitner.eu\/elisabethleitnerNEU\/wp-content\/uploads\/2024\/12\/vienna-lviv_05.jpg\" alt=\"OLYMPUS DIGITAL CAMERA\" \/><\/figure><\/div><div class=\"swiper-slide\" role=\"group\" aria-roledescription=\"slide\" aria-label=\"5 of 8\"><figure class=\"swiper-slide-inner\"><img decoding=\"async\" class=\"swiper-slide-image\" src=\"https:\/\/www.elisabethleitner.eu\/elisabethleitnerNEU\/wp-content\/uploads\/2024\/12\/vienna-lviv_06-scaled.jpg\" alt=\"vienna-lviv_06\" \/><\/figure><\/div><div class=\"swiper-slide\" role=\"group\" aria-roledescription=\"slide\" aria-label=\"6 of 8\"><figure class=\"swiper-slide-inner\"><img decoding=\"async\" class=\"swiper-slide-image\" src=\"https:\/\/www.elisabethleitner.eu\/elisabethleitnerNEU\/wp-content\/uploads\/2024\/12\/vienna-lviv_07-scaled.jpg\" alt=\"vienna-lviv_07\" \/><\/figure><\/div><div class=\"swiper-slide\" role=\"group\" aria-roledescription=\"slide\" aria-label=\"7 of 8\"><figure class=\"swiper-slide-inner\"><img decoding=\"async\" class=\"swiper-slide-image\" src=\"https:\/\/www.elisabethleitner.eu\/elisabethleitnerNEU\/wp-content\/uploads\/2024\/12\/vienna-lviv_08-scaled.jpg\" alt=\"vienna-lviv_08\" \/><\/figure><\/div><div class=\"swiper-slide\" role=\"group\" aria-roledescription=\"slide\" aria-label=\"8 of 8\"><figure class=\"swiper-slide-inner\"><img decoding=\"async\" class=\"swiper-slide-image\" src=\"https:\/\/www.elisabethleitner.eu\/elisabethleitnerNEU\/wp-content\/uploads\/2024\/12\/vienna-lviv_09-scaled.jpg\" alt=\"vienna-lviv_09\" \/><\/figure><\/div>\t\t\t<\/div>\n\t\t\t\t\t\t\t\n\t\t\t\t\t\t\t\t\t<div class=\"swiper-pagination\"><\/div>\n\t\t\t\t\t\t\t\t\t<\/div>\n\t\t\t\t\t\t<\/div>\n\t\t\t\t<\/div>\n\t\t\t\t<\/div>\n\t\t<div class=\"elementor-element elementor-element-9fd9005 e-con-full e-flex e-con e-parent\" data-id=\"9fd9005\" data-element_type=\"container\" data-e-type=\"container\">\n\t\t\t\t<div class=\"elementor-element elementor-element-9f906b3 elementor-widget elementor-widget-spacer\" data-id=\"9f906b3\" data-element_type=\"widget\" data-e-type=\"widget\" data-widget_type=\"spacer.default\">\n\t\t\t\t<div class=\"elementor-widget-container\">\n\t\t\t\t\t\t\t<div class=\"elementor-spacer\">\n\t\t\t<div class=\"elementor-spacer-inner\"><\/div>\n\t\t<\/div>\n\t\t\t\t\t\t<\/div>\n\t\t\t\t<\/div>\n\t\t\t\t<\/div>\n\t\t\t\t<\/div>\n\t\t","protected":false},"excerpt":{"rendered":"<p>vienna-lviv Im Zeitraum von 2009\u20132016 war ich Teil des Leitungsteams der wissenschaftlichen Kooperation zwischen der Technischen Universit\u00e4t Wien und der L\u2019vivska Polytechnika Lemberg. Forschungs- und Entwurfsprojekte, Workshops, Exkursionen und Publikationen \u2013 das Aufgabengebiet der Kooperation ist vielf\u00e4ltig. F\u00f6rdergeber ist das \u00f6sterreichische Bundesministerium f\u00fcr Bildung, Wissenschaft und Forschung und die Projektsprache ist Englisch. Die Technische Universit\u00e4t [&hellip;]<\/p>\n","protected":false},"author":1,"featured_media":0,"parent":0,"menu_order":0,"comment_status":"closed","ping_status":"closed","template":"","meta":{"footnotes":""},"class_list":["post-1588","page","type-page","status-publish","hentry"],"_links":{"self":[{"href":"https:\/\/www.elisabethleitner.eu\/elisabethleitnerNEU\/wp-json\/wp\/v2\/pages\/1588","targetHints":{"allow":["GET"]}}],"collection":[{"href":"https:\/\/www.elisabethleitner.eu\/elisabethleitnerNEU\/wp-json\/wp\/v2\/pages"}],"about":[{"href":"https:\/\/www.elisabethleitner.eu\/elisabethleitnerNEU\/wp-json\/wp\/v2\/types\/page"}],"author":[{"embeddable":true,"href":"https:\/\/www.elisabethleitner.eu\/elisabethleitnerNEU\/wp-json\/wp\/v2\/users\/1"}],"replies":[{"embeddable":true,"href":"https:\/\/www.elisabethleitner.eu\/elisabethleitnerNEU\/wp-json\/wp\/v2\/comments?post=1588"}],"version-history":[{"count":28,"href":"https:\/\/www.elisabethleitner.eu\/elisabethleitnerNEU\/wp-json\/wp\/v2\/pages\/1588\/revisions"}],"predecessor-version":[{"id":2583,"href":"https:\/\/www.elisabethleitner.eu\/elisabethleitnerNEU\/wp-json\/wp\/v2\/pages\/1588\/revisions\/2583"}],"wp:attachment":[{"href":"https:\/\/www.elisabethleitner.eu\/elisabethleitnerNEU\/wp-json\/wp\/v2\/media?parent=1588"}],"curies":[{"name":"wp","href":"https:\/\/api.w.org\/{rel}","templated":true}]}}