{"id":1587,"date":"2024-12-22T21:43:23","date_gmt":"2024-12-22T20:43:23","guid":{"rendered":"https:\/\/www.elisabethleitner.eu\/elisabethleitnerNEU\/?page_id=1587"},"modified":"2024-12-26T17:34:12","modified_gmt":"2024-12-26T16:34:12","slug":"wonderland","status":"publish","type":"page","link":"https:\/\/www.elisabethleitner.eu\/elisabethleitnerNEU\/wonderland\/","title":{"rendered":"Wonderland"},"content":{"rendered":"\t\t<div data-elementor-type=\"wp-page\" data-elementor-id=\"1587\" class=\"elementor elementor-1587\" data-elementor-post-type=\"page\">\n\t\t\t\t<div class=\"elementor-element elementor-element-0a68772 e-flex e-con-boxed e-con e-parent\" data-id=\"0a68772\" data-element_type=\"container\" data-e-type=\"container\">\n\t\t\t\t\t<div class=\"e-con-inner\">\n\t\t\t\t<div class=\"elementor-element elementor-element-e47a2bf elementor-hidden-mobile elementor-widget elementor-widget-spacer\" data-id=\"e47a2bf\" data-element_type=\"widget\" data-e-type=\"widget\" data-widget_type=\"spacer.default\">\n\t\t\t\t<div class=\"elementor-widget-container\">\n\t\t\t\t\t\t\t<div class=\"elementor-spacer\">\n\t\t\t<div class=\"elementor-spacer-inner\"><\/div>\n\t\t<\/div>\n\t\t\t\t\t\t<\/div>\n\t\t\t\t<\/div>\n\t\t\t\t\t<\/div>\n\t\t\t\t<\/div>\n\t\t<div class=\"elementor-element elementor-element-2892bb9 e-con-full e-flex e-con e-parent\" data-id=\"2892bb9\" data-element_type=\"container\" data-e-type=\"container\">\n\t\t<div class=\"elementor-element elementor-element-2eeff55 e-con-full e-flex e-con e-child\" data-id=\"2eeff55\" data-element_type=\"container\" data-e-type=\"container\">\n\t\t\t\t<\/div>\n\t\t<div class=\"elementor-element elementor-element-0ff9f22 e-con-full e-flex e-con e-child\" data-id=\"0ff9f22\" data-element_type=\"container\" data-e-type=\"container\">\n\t\t\t\t<div class=\"elementor-element elementor-element-33a6e2c elementor-widget elementor-widget-text-editor\" data-id=\"33a6e2c\" data-element_type=\"widget\" data-e-type=\"widget\" data-widget_type=\"text-editor.default\">\n\t\t\t\t<div class=\"elementor-widget-container\">\n\t\t\t\t\t\t\t\t\t<p>Wonderland<\/p>\t\t\t\t\t\t\t\t<\/div>\n\t\t\t\t<\/div>\n\t\t\t\t<\/div>\n\t\t<div class=\"elementor-element elementor-element-fc76319 e-con-full e-flex e-con e-child\" data-id=\"fc76319\" data-element_type=\"container\" data-e-type=\"container\">\n\t\t\t\t<\/div>\n\t\t\t\t<\/div>\n\t\t<div class=\"elementor-element elementor-element-d14cb97 e-flex e-con-boxed e-con e-parent\" data-id=\"d14cb97\" data-element_type=\"container\" data-e-type=\"container\">\n\t\t\t\t\t<div class=\"e-con-inner\">\n\t\t\t\t<div class=\"elementor-element elementor-element-e45bb1c elementor-widget elementor-widget-spacer\" data-id=\"e45bb1c\" data-element_type=\"widget\" data-e-type=\"widget\" data-widget_type=\"spacer.default\">\n\t\t\t\t<div class=\"elementor-widget-container\">\n\t\t\t\t\t\t\t<div class=\"elementor-spacer\">\n\t\t\t<div class=\"elementor-spacer-inner\"><\/div>\n\t\t<\/div>\n\t\t\t\t\t\t<\/div>\n\t\t\t\t<\/div>\n\t\t\t\t\t<\/div>\n\t\t\t\t<\/div>\n\t\t<div class=\"elementor-element elementor-element-47ccf9f e-con-full e-flex e-con e-parent\" data-id=\"47ccf9f\" data-element_type=\"container\" data-e-type=\"container\">\n\t\t<div class=\"elementor-element elementor-element-de08d39 e-con-full e-flex e-con e-child\" data-id=\"de08d39\" data-element_type=\"container\" data-e-type=\"container\">\n\t\t\t\t<\/div>\n\t\t<div class=\"elementor-element elementor-element-bf266f9 e-con-full e-flex e-con e-child\" data-id=\"bf266f9\" data-element_type=\"container\" data-e-type=\"container\">\n\t\t\t\t<div class=\"elementor-element elementor-element-92e7590 elementor-widget elementor-widget-text-editor\" data-id=\"92e7590\" data-element_type=\"widget\" data-e-type=\"widget\" data-widget_type=\"text-editor.default\">\n\t\t\t\t<div class=\"elementor-widget-container\">\n\t\t\t\t\t\t\t\t\t<p id=\"u231676-2\">Die Projektleitung eines europ\u00e4ischen Architekturnetzwerks macht man nicht alle Tage. Das Netzwerk wuchs von 11 \u00f6sterreichischen auf 99 europ\u00e4ische Architekturb\u00fcros an. Die initiale Ausstellung mit begleitenden Symposien brachte mich in neun L\u00e4nder. Der Erfahrungsaustausch dieser Zeit ist unbezahlbar.<\/p><p id=\"u231676-5\">Wonderland hat mich intensiv gepr\u00e4gt. Pers\u00f6nlich und europ\u00e4isch.<\/p>\t\t\t\t\t\t\t\t<\/div>\n\t\t\t\t<\/div>\n\t\t\t\t<\/div>\n\t\t<div class=\"elementor-element elementor-element-94c7301 e-con-full e-flex e-con e-child\" data-id=\"94c7301\" data-element_type=\"container\" data-e-type=\"container\">\n\t\t\t\t<\/div>\n\t\t\t\t<\/div>\n\t\t<div class=\"elementor-element elementor-element-c8b6cba e-flex e-con-boxed e-con e-parent\" data-id=\"c8b6cba\" data-element_type=\"container\" data-e-type=\"container\">\n\t\t\t\t\t<div class=\"e-con-inner\">\n\t\t\t\t<div class=\"elementor-element elementor-element-9b317af elementor-widget elementor-widget-spacer\" data-id=\"9b317af\" data-element_type=\"widget\" data-e-type=\"widget\" data-widget_type=\"spacer.default\">\n\t\t\t\t<div class=\"elementor-widget-container\">\n\t\t\t\t\t\t\t<div class=\"elementor-spacer\">\n\t\t\t<div class=\"elementor-spacer-inner\"><\/div>\n\t\t<\/div>\n\t\t\t\t\t\t<\/div>\n\t\t\t\t<\/div>\n\t\t\t\t\t<\/div>\n\t\t\t\t<\/div>\n\t\t<div class=\"elementor-element elementor-element-f65de8b e-con-full e-flex e-con e-parent\" data-id=\"f65de8b\" data-element_type=\"container\" data-e-type=\"container\" data-settings=\"{&quot;background_background&quot;:&quot;classic&quot;}\">\n\t\t\t\t<div class=\"elementor-element elementor-element-f26f2b3 elementor-pagination-position-outside elementor-widget elementor-widget-image-carousel\" data-id=\"f26f2b3\" data-element_type=\"widget\" data-e-type=\"widget\" data-settings=\"{&quot;slides_to_show&quot;:&quot;2&quot;,&quot;navigation&quot;:&quot;dots&quot;,&quot;autoplay&quot;:&quot;yes&quot;,&quot;pause_on_hover&quot;:&quot;yes&quot;,&quot;pause_on_interaction&quot;:&quot;yes&quot;,&quot;autoplay_speed&quot;:5000,&quot;infinite&quot;:&quot;yes&quot;,&quot;speed&quot;:500}\" data-widget_type=\"image-carousel.default\">\n\t\t\t\t<div class=\"elementor-widget-container\">\n\t\t\t\t\t\t\t<div class=\"elementor-image-carousel-wrapper swiper\" role=\"region\" aria-roledescription=\"carousel\" aria-label=\"Karusell_bietet Wissen\" dir=\"ltr\">\n\t\t\t<div class=\"elementor-image-carousel swiper-wrapper swiper-image-stretch\" aria-live=\"off\">\n\t\t\t\t\t\t\t\t<div class=\"swiper-slide\" role=\"group\" aria-roledescription=\"slide\" aria-label=\"1 of 7\"><figure class=\"swiper-slide-inner\"><img decoding=\"async\" class=\"swiper-slide-image\" src=\"https:\/\/www.elisabethleitner.eu\/elisabethleitnerNEU\/wp-content\/uploads\/2024\/12\/10-Wonderland-SLIDESHOW-2004_09_02_Wonderland_CZ_001_filip.slapal.jpg\" alt=\"10 Wonderland SLIDESHOW 2004_09_02_Wonderland_CZ_001_filip.slapal\" \/><\/figure><\/div><div class=\"swiper-slide\" role=\"group\" aria-roledescription=\"slide\" aria-label=\"2 of 7\"><figure class=\"swiper-slide-inner\"><img decoding=\"async\" class=\"swiper-slide-image\" src=\"https:\/\/www.elisabethleitner.eu\/elisabethleitnerNEU\/wp-content\/uploads\/2024\/12\/10-Wonderland-SLIDESHOW-2005_04_01_Wonderland_NL_029_maureen.sandbergen-scaled.jpg\" alt=\"10 Wonderland SLIDESHOW 2005_04_01_Wonderland_NL_029_maureen.sandbergen\" \/><\/figure><\/div><div class=\"swiper-slide\" role=\"group\" aria-roledescription=\"slide\" aria-label=\"3 of 7\"><figure class=\"swiper-slide-inner\"><img decoding=\"async\" class=\"swiper-slide-image\" src=\"https:\/\/www.elisabethleitner.eu\/elisabethleitnerNEU\/wp-content\/uploads\/2024\/12\/10-Wonderland-SLIDESHOW-2005_09_16_Wonderland_I_039_f.pellicciari.jpg\" alt=\"10 Wonderland SLIDESHOW 2005_09_16_Wonderland_I_039_f.pellicciari\" \/><\/figure><\/div><div class=\"swiper-slide\" role=\"group\" aria-roledescription=\"slide\" aria-label=\"4 of 7\"><figure class=\"swiper-slide-inner\"><img decoding=\"async\" class=\"swiper-slide-image\" src=\"https:\/\/www.elisabethleitner.eu\/elisabethleitnerNEU\/wp-content\/uploads\/2024\/12\/10-Wonderland-SLIDESHOW-2006_01_14_Wonderland_HR_005_s.lendler.jpg\" alt=\"10 Wonderland SLIDESHOW 2006_01_14_Wonderland_HR_005_s.lendler\" \/><\/figure><\/div><div class=\"swiper-slide\" role=\"group\" aria-roledescription=\"slide\" aria-label=\"5 of 7\"><figure class=\"swiper-slide-inner\"><img decoding=\"async\" class=\"swiper-slide-image\" src=\"https:\/\/www.elisabethleitner.eu\/elisabethleitnerNEU\/wp-content\/uploads\/2024\/12\/10-Wonderland-SLIDESHOW-2006_03_10_Wonderland_SLO_024_u.potocnik-scaled.jpg\" alt=\"10 Wonderland SLIDESHOW 2006_03_10_Wonderland_SLO_024_u.potocnik\" \/><\/figure><\/div><div class=\"swiper-slide\" role=\"group\" aria-roledescription=\"slide\" aria-label=\"6 of 7\"><figure class=\"swiper-slide-inner\"><img decoding=\"async\" class=\"swiper-slide-image\" src=\"https:\/\/www.elisabethleitner.eu\/elisabethleitnerNEU\/wp-content\/uploads\/2024\/12\/10-Wonderland-SLIDESHOW-2006_06_07_Wonderland_A_079_f.winter-scaled.jpg\" alt=\"wonderland\razw, museumsquartier\" \/><\/figure><\/div><div class=\"swiper-slide\" role=\"group\" aria-roledescription=\"slide\" aria-label=\"7 of 7\"><figure class=\"swiper-slide-inner\"><img decoding=\"async\" class=\"swiper-slide-image\" src=\"https:\/\/www.elisabethleitner.eu\/elisabethleitnerNEU\/wp-content\/uploads\/2024\/12\/10-Wonderland-SLIDESHOW-2006_06_08_Wonderland_A_050_p.hejduk.jpg\" alt=\"10 Wonderland SLIDESHOW 2006_06_08_Wonderland_A_050_p.hejduk\" \/><\/figure><\/div>\t\t\t<\/div>\n\t\t\t\t\t\t\t\n\t\t\t\t\t\t\t\t\t<div class=\"swiper-pagination\"><\/div>\n\t\t\t\t\t\t\t\t\t<\/div>\n\t\t\t\t\t\t<\/div>\n\t\t\t\t<\/div>\n\t\t\t\t<\/div>\n\t\t<div class=\"elementor-element elementor-element-23cf5c7 e-con-full e-flex e-con e-parent\" data-id=\"23cf5c7\" data-element_type=\"container\" data-e-type=\"container\" data-settings=\"{&quot;background_background&quot;:&quot;classic&quot;}\">\n\t\t\t\t<div class=\"elementor-element elementor-element-d3371c3 elementor-widget elementor-widget-spacer\" data-id=\"d3371c3\" data-element_type=\"widget\" data-e-type=\"widget\" data-widget_type=\"spacer.default\">\n\t\t\t\t<div class=\"elementor-widget-container\">\n\t\t\t\t\t\t\t<div class=\"elementor-spacer\">\n\t\t\t<div class=\"elementor-spacer-inner\"><\/div>\n\t\t<\/div>\n\t\t\t\t\t\t<\/div>\n\t\t\t\t<\/div>\n\t\t\t\t<\/div>\n\t\t<div class=\"elementor-element elementor-element-cb6aa9d e-con-full e-flex e-con e-parent\" data-id=\"cb6aa9d\" data-element_type=\"container\" data-e-type=\"container\" data-settings=\"{&quot;background_background&quot;:&quot;classic&quot;}\">\n\t\t<div class=\"elementor-element elementor-element-a47cce4 e-con-full e-flex e-con e-child\" data-id=\"a47cce4\" data-element_type=\"container\" data-e-type=\"container\">\n\t\t\t\t<\/div>\n\t\t<div class=\"elementor-element elementor-element-b1bf0c7 e-con-full e-flex e-con e-child\" data-id=\"b1bf0c7\" data-element_type=\"container\" data-e-type=\"container\">\n\t\t\t\t<div class=\"elementor-element elementor-element-6711de3 elementor-widget elementor-widget-text-editor\" data-id=\"6711de3\" data-element_type=\"widget\" data-e-type=\"widget\" data-widget_type=\"text-editor.default\">\n\t\t\t\t<div class=\"elementor-widget-container\">\n\t\t\t\t\t\t\t\t\t<p id=\"u231677-2\">Im September 2002 legten elf ArchitektInnenteams, alle mit K\u00e4rntner Wurzeln, mit einer Ausstellung im Fundernovum in St. Veit an der Glan den Grundstein f\u00fcr das \u201eWonderland Projekt\u201c. Unter dem Namen \u201eWonderland\u201c sollte eine kollektive Identit\u00e4t, eine Plattform geschaffen werden. Eigens daf\u00fcr wurde ein flexibles, modulares Ausstellungssystem entwickelt. Die Ausstellung sollte der Ausgangspunkt f\u00fcr den Beginn eines selbstorganisierten Netzwerks werden.<\/p>\n<p id=\"u231677-5\">Zwischen 2002 und 2003 wurde die Ausstellung an drei Orten gezeigt: St. Veit an der Glan, Wien und Graz. Im Jahr 2003 wurde \u201eWonderland\u201c eine Gesellschaft.<\/p>\n<p id=\"u231677-16\">Nach dem Erfolg der <strong><strong><span id=\"u231677-8\">Ausstellung<\/span><\/strong><\/strong> in <span id=\"u231677-10\"><strong><strong>\u00d6sterreich<\/strong><\/strong><\/span> wurde das Projekt in Form einer Tour weitergef\u00fchrt, in deren Verlauf die Ausstellung in acht europ\u00e4ischen L\u00e4ndern gezeigt wurde: <span id=\"u231677-12\"><strong><strong>Slowakei, Tschechien, Deutschland, Niederlande, Frankreich, Italien, Kroatien und Slowenien<\/strong><\/strong><\/span>. In jedem dieser L\u00e4nder wurde<span id=\"u231677-14\">n <\/span>elf lokale Teams dazu eingeladen, in der \u201eWonderland Ausstellungslandschaft\u201c aufzutreten. Die Zahl der Pixel wurde je Ausstellung kleiner, w\u00e4hrend die Anzahl der Teams zunahm. Als Resultat konnte eine immer gr\u00f6\u00dfer werdende Dichte an Informationen \u00fcber die junge Architekturszene Europas gezeigt werden.<\/p>\n<p id=\"u231677-19\">Ausgehend von Bratislava im Juni 2004 waren Prag, Berlin, Amsterdam, Paris, Venedig, Zagreb und Ljubljana weitere Stationen. Im September 2006 kehrte die Ausstellung nach Wien und St. Veit an der Glan zur\u00fcck, wurde dort noch einmal gezeigt und der Abschluss der Tour gefeiert.<\/p>\n<p id=\"u231677-26\">An jedem der Ausstellungsorte fand auch ein <strong><strong><span id=\"u231677-22\">Symposium<\/span><\/strong><\/strong> statt. Die Thematik dieser Workshops bezog sich immer auf die Arbeitsbedingungen junger Architekturb\u00fcros in Europa. Auf diesen Workshops aufbauend erschien die <span id=\"u231677-24\"><strong><strong>Publikation \u201eWonderland. Manual for emerging archtiects<\/strong><\/strong><\/span>\u201c.<\/p>\n<p id=\"u231677-29\">Die Ausstellungstour wurde durch F\u00f6rderungen des \u00d6sterreichischen Bundeskanzleramt und der Europ\u00e4ischen Union sowie durch Unterst\u00fctzung von Sponsoren finanziert.<\/p>\n<p id=\"u231677-34\">Die<span id=\"u231677-32\"> <\/span>Plattform existiert nach wie vor und ist mittlerweile zu einem fest etablierten, europ\u00e4ischen Netzwerk geworden.<\/p><p id=\"u231677-34\"><br><\/p>\n<p id=\"u231677-41\"><a href=\"http:\/\/www.wonderland.cx\/\" target=\"_blank\" rel=\"noopener\"><span id=\"u231677-37\">&gt; www.wonderland.c<\/span><span id=\"u231677-40\">x<\/span><\/a><\/p>\n<p><\/p>\t\t\t\t\t\t\t\t<\/div>\n\t\t\t\t<\/div>\n\t\t\t\t<\/div>\n\t\t<div class=\"elementor-element elementor-element-905f265 e-con-full e-flex e-con e-child\" data-id=\"905f265\" data-element_type=\"container\" data-e-type=\"container\">\n\t\t\t\t<\/div>\n\t\t\t\t<\/div>\n\t\t<div class=\"elementor-element elementor-element-9fd9005 e-con-full e-flex e-con e-parent\" data-id=\"9fd9005\" data-element_type=\"container\" data-e-type=\"container\">\n\t\t\t\t<div class=\"elementor-element elementor-element-9f906b3 elementor-widget elementor-widget-spacer\" data-id=\"9f906b3\" data-element_type=\"widget\" data-e-type=\"widget\" data-widget_type=\"spacer.default\">\n\t\t\t\t<div class=\"elementor-widget-container\">\n\t\t\t\t\t\t\t<div class=\"elementor-spacer\">\n\t\t\t<div class=\"elementor-spacer-inner\"><\/div>\n\t\t<\/div>\n\t\t\t\t\t\t<\/div>\n\t\t\t\t<\/div>\n\t\t\t\t<\/div>\n\t\t\t\t<\/div>\n\t\t","protected":false},"excerpt":{"rendered":"<p>Wonderland Die Projektleitung eines europ\u00e4ischen Architekturnetzwerks macht man nicht alle Tage. Das Netzwerk wuchs von 11 \u00f6sterreichischen auf 99 europ\u00e4ische Architekturb\u00fcros an. Die initiale Ausstellung mit begleitenden Symposien brachte mich in neun L\u00e4nder. Der Erfahrungsaustausch dieser Zeit ist unbezahlbar. Wonderland hat mich intensiv gepr\u00e4gt. Pers\u00f6nlich und europ\u00e4isch. Im September 2002 legten elf ArchitektInnenteams, alle mit [&hellip;]<\/p>\n","protected":false},"author":1,"featured_media":0,"parent":0,"menu_order":0,"comment_status":"closed","ping_status":"closed","template":"","meta":{"footnotes":""},"class_list":["post-1587","page","type-page","status-publish","hentry"],"_links":{"self":[{"href":"https:\/\/www.elisabethleitner.eu\/elisabethleitnerNEU\/wp-json\/wp\/v2\/pages\/1587","targetHints":{"allow":["GET"]}}],"collection":[{"href":"https:\/\/www.elisabethleitner.eu\/elisabethleitnerNEU\/wp-json\/wp\/v2\/pages"}],"about":[{"href":"https:\/\/www.elisabethleitner.eu\/elisabethleitnerNEU\/wp-json\/wp\/v2\/types\/page"}],"author":[{"embeddable":true,"href":"https:\/\/www.elisabethleitner.eu\/elisabethleitnerNEU\/wp-json\/wp\/v2\/users\/1"}],"replies":[{"embeddable":true,"href":"https:\/\/www.elisabethleitner.eu\/elisabethleitnerNEU\/wp-json\/wp\/v2\/comments?post=1587"}],"version-history":[{"count":25,"href":"https:\/\/www.elisabethleitner.eu\/elisabethleitnerNEU\/wp-json\/wp\/v2\/pages\/1587\/revisions"}],"predecessor-version":[{"id":2589,"href":"https:\/\/www.elisabethleitner.eu\/elisabethleitnerNEU\/wp-json\/wp\/v2\/pages\/1587\/revisions\/2589"}],"wp:attachment":[{"href":"https:\/\/www.elisabethleitner.eu\/elisabethleitnerNEU\/wp-json\/wp\/v2\/media?parent=1587"}],"curies":[{"name":"wp","href":"https:\/\/api.w.org\/{rel}","templated":true}]}}