{"id":1585,"date":"2024-12-22T21:42:46","date_gmt":"2024-12-22T20:42:46","guid":{"rendered":"https:\/\/www.elisabethleitner.eu\/elisabethleitnerNEU\/?page_id=1585"},"modified":"2024-12-26T22:19:46","modified_gmt":"2024-12-26T21:19:46","slug":"allespittal","status":"publish","type":"page","link":"https:\/\/www.elisabethleitner.eu\/elisabethleitnerNEU\/allespittal\/","title":{"rendered":"allespittal"},"content":{"rendered":"\t\t<div data-elementor-type=\"wp-page\" data-elementor-id=\"1585\" class=\"elementor elementor-1585\" data-elementor-post-type=\"page\">\n\t\t\t\t<div class=\"elementor-element elementor-element-0a68772 e-flex e-con-boxed e-con e-parent\" data-id=\"0a68772\" data-element_type=\"container\" data-e-type=\"container\">\n\t\t\t\t\t<div class=\"e-con-inner\">\n\t\t\t\t<div class=\"elementor-element elementor-element-e47a2bf elementor-widget elementor-widget-spacer\" data-id=\"e47a2bf\" data-element_type=\"widget\" data-e-type=\"widget\" data-widget_type=\"spacer.default\">\n\t\t\t\t<div class=\"elementor-widget-container\">\n\t\t\t\t\t\t\t<div class=\"elementor-spacer\">\n\t\t\t<div class=\"elementor-spacer-inner\"><\/div>\n\t\t<\/div>\n\t\t\t\t\t\t<\/div>\n\t\t\t\t<\/div>\n\t\t\t\t\t<\/div>\n\t\t\t\t<\/div>\n\t\t<div class=\"elementor-element elementor-element-a80e89e e-con-full e-flex e-con e-parent\" data-id=\"a80e89e\" data-element_type=\"container\" data-e-type=\"container\">\n\t\t<div class=\"elementor-element elementor-element-6d7fb2d e-con-full e-flex e-con e-child\" data-id=\"6d7fb2d\" data-element_type=\"container\" data-e-type=\"container\">\n\t\t\t\t<\/div>\n\t\t<div class=\"elementor-element elementor-element-6dae02a e-con-full e-flex e-con e-child\" data-id=\"6dae02a\" data-element_type=\"container\" data-e-type=\"container\">\n\t\t\t\t<div class=\"elementor-element elementor-element-33a6e2c elementor-widget elementor-widget-text-editor\" data-id=\"33a6e2c\" data-element_type=\"widget\" data-e-type=\"widget\" data-widget_type=\"text-editor.default\">\n\t\t\t\t<div class=\"elementor-widget-container\">\n\t\t\t\t\t\t\t\t\t<p>allespittal<\/p>\t\t\t\t\t\t\t\t<\/div>\n\t\t\t\t<\/div>\n\t\t\t\t<\/div>\n\t\t<div class=\"elementor-element elementor-element-52b42fc e-con-full e-flex e-con e-child\" data-id=\"52b42fc\" data-element_type=\"container\" data-e-type=\"container\">\n\t\t\t\t<\/div>\n\t\t\t\t<\/div>\n\t\t<div class=\"elementor-element elementor-element-d14cb97 e-flex e-con-boxed e-con e-parent\" data-id=\"d14cb97\" data-element_type=\"container\" data-e-type=\"container\">\n\t\t\t\t\t<div class=\"e-con-inner\">\n\t\t\t\t<div class=\"elementor-element elementor-element-e45bb1c elementor-widget elementor-widget-spacer\" data-id=\"e45bb1c\" data-element_type=\"widget\" data-e-type=\"widget\" data-widget_type=\"spacer.default\">\n\t\t\t\t<div class=\"elementor-widget-container\">\n\t\t\t\t\t\t\t<div class=\"elementor-spacer\">\n\t\t\t<div class=\"elementor-spacer-inner\"><\/div>\n\t\t<\/div>\n\t\t\t\t\t\t<\/div>\n\t\t\t\t<\/div>\n\t\t\t\t\t<\/div>\n\t\t\t\t<\/div>\n\t\t<div class=\"elementor-element elementor-element-f41573c e-flex e-con-boxed e-con e-parent\" data-id=\"f41573c\" data-element_type=\"container\" data-e-type=\"container\">\n\t\t\t\t\t<div class=\"e-con-inner\">\n\t\t<div class=\"elementor-element elementor-element-1ea79ff e-con-full e-flex e-con e-child\" data-id=\"1ea79ff\" data-element_type=\"container\" data-e-type=\"container\">\n\t\t\t\t<\/div>\n\t\t<div class=\"elementor-element elementor-element-05d5a23 e-con-full e-flex e-con e-child\" data-id=\"05d5a23\" data-element_type=\"container\" data-e-type=\"container\">\n\t\t\t\t<div class=\"elementor-element elementor-element-92e7590 elementor-widget elementor-widget-text-editor\" data-id=\"92e7590\" data-element_type=\"widget\" data-e-type=\"widget\" data-widget_type=\"text-editor.default\">\n\t\t\t\t<div class=\"elementor-widget-container\">\n\t\t\t\t\t\t\t\t\t<p id=\"u224754-2\">allespittal war im Sommersemester 2017 Schwerpunktthema im Architekturstudium der FH K\u00e4rnten. In allen Lehrveranstaltungen wurde ein Praxisbezug zu Spittal an der Drau hergestellt. Studierende und Lehrende der TU Wien waren Teil des Projektes und haben f\u00fcr die n\u00f6tige Au\u00dfensicht gesorgt.<\/p>\t\t\t\t\t\t\t\t<\/div>\n\t\t\t\t<\/div>\n\t\t\t\t<\/div>\n\t\t<div class=\"elementor-element elementor-element-e5439f7 e-con-full e-flex e-con e-child\" data-id=\"e5439f7\" data-element_type=\"container\" data-e-type=\"container\">\n\t\t\t\t<\/div>\n\t\t\t\t\t<\/div>\n\t\t\t\t<\/div>\n\t\t<div class=\"elementor-element elementor-element-47a650a e-flex e-con-boxed e-con e-parent\" data-id=\"47a650a\" data-element_type=\"container\" data-e-type=\"container\">\n\t\t\t\t\t<div class=\"e-con-inner\">\n\t\t\t\t<div class=\"elementor-element elementor-element-e232dbd elementor-widget elementor-widget-spacer\" data-id=\"e232dbd\" data-element_type=\"widget\" data-e-type=\"widget\" data-widget_type=\"spacer.default\">\n\t\t\t\t<div class=\"elementor-widget-container\">\n\t\t\t\t\t\t\t<div class=\"elementor-spacer\">\n\t\t\t<div class=\"elementor-spacer-inner\"><\/div>\n\t\t<\/div>\n\t\t\t\t\t\t<\/div>\n\t\t\t\t<\/div>\n\t\t\t\t\t<\/div>\n\t\t\t\t<\/div>\n\t\t<div class=\"elementor-element elementor-element-04795bc e-con-full e-flex e-con e-parent\" data-id=\"04795bc\" data-element_type=\"container\" data-e-type=\"container\" data-settings=\"{&quot;background_background&quot;:&quot;classic&quot;}\">\n\t\t<div class=\"elementor-element elementor-element-2898ade e-con-full e-flex e-con e-child\" data-id=\"2898ade\" data-element_type=\"container\" data-e-type=\"container\">\n\t\t<div class=\"elementor-element elementor-element-141f1d8 e-con-full e-flex e-con e-child\" data-id=\"141f1d8\" data-element_type=\"container\" data-e-type=\"container\">\n\t\t<div class=\"elementor-element elementor-element-502acf0 e-grid e-con-full e-con e-child\" data-id=\"502acf0\" data-element_type=\"container\" data-e-type=\"container\">\n\t\t\t\t<div class=\"elementor-element elementor-element-9f7d2c5 elementor-widget-mobile__width-inherit elementor-widget elementor-widget-image\" data-id=\"9f7d2c5\" data-element_type=\"widget\" data-e-type=\"widget\" data-widget_type=\"image.default\">\n\t\t\t\t<div class=\"elementor-widget-container\">\n\t\t\t\t\t\t\t\t\t\t\t\t\t\t\t<img fetchpriority=\"high\" decoding=\"async\" width=\"2560\" height=\"1920\" src=\"https:\/\/www.elisabethleitner.eu\/elisabethleitnerNEU\/wp-content\/uploads\/2024\/12\/7-allespittal-SLIDESHOW-_ElisabethLeitner-scaled.jpg\" class=\"attachment-full size-full wp-image-1648\" alt=\"\" srcset=\"https:\/\/www.elisabethleitner.eu\/elisabethleitnerNEU\/wp-content\/uploads\/2024\/12\/7-allespittal-SLIDESHOW-_ElisabethLeitner-scaled.jpg 2560w, https:\/\/www.elisabethleitner.eu\/elisabethleitnerNEU\/wp-content\/uploads\/2024\/12\/7-allespittal-SLIDESHOW-_ElisabethLeitner-300x225.jpg 300w, https:\/\/www.elisabethleitner.eu\/elisabethleitnerNEU\/wp-content\/uploads\/2024\/12\/7-allespittal-SLIDESHOW-_ElisabethLeitner-1024x768.jpg 1024w, https:\/\/www.elisabethleitner.eu\/elisabethleitnerNEU\/wp-content\/uploads\/2024\/12\/7-allespittal-SLIDESHOW-_ElisabethLeitner-768x576.jpg 768w, https:\/\/www.elisabethleitner.eu\/elisabethleitnerNEU\/wp-content\/uploads\/2024\/12\/7-allespittal-SLIDESHOW-_ElisabethLeitner-1536x1152.jpg 1536w, https:\/\/www.elisabethleitner.eu\/elisabethleitnerNEU\/wp-content\/uploads\/2024\/12\/7-allespittal-SLIDESHOW-_ElisabethLeitner-2048x1536.jpg 2048w\" sizes=\"(max-width: 2560px) 100vw, 2560px\" \/>\t\t\t\t\t\t\t\t\t\t\t\t\t\t\t<\/div>\n\t\t\t\t<\/div>\n\t\t\t\t<div class=\"elementor-element elementor-element-7e08ca6 elementor-widget elementor-widget-image\" data-id=\"7e08ca6\" data-element_type=\"widget\" data-e-type=\"widget\" data-widget_type=\"image.default\">\n\t\t\t\t<div class=\"elementor-widget-container\">\n\t\t\t\t\t\t\t\t\t\t\t\t\t\t\t<img decoding=\"async\" width=\"2560\" height=\"1920\" src=\"https:\/\/www.elisabethleitner.eu\/elisabethleitnerNEU\/wp-content\/uploads\/2024\/12\/7-allespittal-SLIDESHOW_23_Foto_FHKaernten-scaled.jpg\" class=\"attachment-full size-full wp-image-1649\" alt=\"\" srcset=\"https:\/\/www.elisabethleitner.eu\/elisabethleitnerNEU\/wp-content\/uploads\/2024\/12\/7-allespittal-SLIDESHOW_23_Foto_FHKaernten-scaled.jpg 2560w, https:\/\/www.elisabethleitner.eu\/elisabethleitnerNEU\/wp-content\/uploads\/2024\/12\/7-allespittal-SLIDESHOW_23_Foto_FHKaernten-300x225.jpg 300w, https:\/\/www.elisabethleitner.eu\/elisabethleitnerNEU\/wp-content\/uploads\/2024\/12\/7-allespittal-SLIDESHOW_23_Foto_FHKaernten-1024x768.jpg 1024w, https:\/\/www.elisabethleitner.eu\/elisabethleitnerNEU\/wp-content\/uploads\/2024\/12\/7-allespittal-SLIDESHOW_23_Foto_FHKaernten-768x576.jpg 768w, https:\/\/www.elisabethleitner.eu\/elisabethleitnerNEU\/wp-content\/uploads\/2024\/12\/7-allespittal-SLIDESHOW_23_Foto_FHKaernten-1536x1152.jpg 1536w, https:\/\/www.elisabethleitner.eu\/elisabethleitnerNEU\/wp-content\/uploads\/2024\/12\/7-allespittal-SLIDESHOW_23_Foto_FHKaernten-2048x1536.jpg 2048w\" sizes=\"(max-width: 2560px) 100vw, 2560px\" \/>\t\t\t\t\t\t\t\t\t\t\t\t\t\t\t<\/div>\n\t\t\t\t<\/div>\n\t\t\t\t<div class=\"elementor-element elementor-element-7d2656a elementor-widget elementor-widget-image\" data-id=\"7d2656a\" data-element_type=\"widget\" data-e-type=\"widget\" data-widget_type=\"image.default\">\n\t\t\t\t<div class=\"elementor-widget-container\">\n\t\t\t\t\t\t\t\t\t\t\t\t\t\t\t<img decoding=\"async\" width=\"2560\" height=\"1920\" src=\"https:\/\/www.elisabethleitner.eu\/elisabethleitnerNEU\/wp-content\/uploads\/2024\/12\/7-allespittal-SLIDESHOW_ElisabethLeitner-scaled.jpg\" class=\"attachment-full size-full wp-image-1653\" alt=\"\" srcset=\"https:\/\/www.elisabethleitner.eu\/elisabethleitnerNEU\/wp-content\/uploads\/2024\/12\/7-allespittal-SLIDESHOW_ElisabethLeitner-scaled.jpg 2560w, https:\/\/www.elisabethleitner.eu\/elisabethleitnerNEU\/wp-content\/uploads\/2024\/12\/7-allespittal-SLIDESHOW_ElisabethLeitner-300x225.jpg 300w, https:\/\/www.elisabethleitner.eu\/elisabethleitnerNEU\/wp-content\/uploads\/2024\/12\/7-allespittal-SLIDESHOW_ElisabethLeitner-1024x768.jpg 1024w, https:\/\/www.elisabethleitner.eu\/elisabethleitnerNEU\/wp-content\/uploads\/2024\/12\/7-allespittal-SLIDESHOW_ElisabethLeitner-768x576.jpg 768w, https:\/\/www.elisabethleitner.eu\/elisabethleitnerNEU\/wp-content\/uploads\/2024\/12\/7-allespittal-SLIDESHOW_ElisabethLeitner-1536x1152.jpg 1536w, https:\/\/www.elisabethleitner.eu\/elisabethleitnerNEU\/wp-content\/uploads\/2024\/12\/7-allespittal-SLIDESHOW_ElisabethLeitner-2048x1536.jpg 2048w\" sizes=\"(max-width: 2560px) 100vw, 2560px\" \/>\t\t\t\t\t\t\t\t\t\t\t\t\t\t\t<\/div>\n\t\t\t\t<\/div>\n\t\t\t\t<div class=\"elementor-element elementor-element-da5f4ec elementor-widget-mobile__width-inherit elementor-widget elementor-widget-image\" data-id=\"da5f4ec\" data-element_type=\"widget\" data-e-type=\"widget\" data-widget_type=\"image.default\">\n\t\t\t\t<div class=\"elementor-widget-container\">\n\t\t\t\t\t\t\t\t\t\t\t\t\t\t\t<img loading=\"lazy\" decoding=\"async\" width=\"2560\" height=\"1920\" src=\"https:\/\/www.elisabethleitner.eu\/elisabethleitnerNEU\/wp-content\/uploads\/2024\/12\/7-allespittal-SLIDESHOW-Foto_ElisabethLeitner-scaled.jpg\" class=\"attachment-full size-full wp-image-1651\" alt=\"\" srcset=\"https:\/\/www.elisabethleitner.eu\/elisabethleitnerNEU\/wp-content\/uploads\/2024\/12\/7-allespittal-SLIDESHOW-Foto_ElisabethLeitner-scaled.jpg 2560w, https:\/\/www.elisabethleitner.eu\/elisabethleitnerNEU\/wp-content\/uploads\/2024\/12\/7-allespittal-SLIDESHOW-Foto_ElisabethLeitner-300x225.jpg 300w, https:\/\/www.elisabethleitner.eu\/elisabethleitnerNEU\/wp-content\/uploads\/2024\/12\/7-allespittal-SLIDESHOW-Foto_ElisabethLeitner-1024x768.jpg 1024w, https:\/\/www.elisabethleitner.eu\/elisabethleitnerNEU\/wp-content\/uploads\/2024\/12\/7-allespittal-SLIDESHOW-Foto_ElisabethLeitner-768x576.jpg 768w, https:\/\/www.elisabethleitner.eu\/elisabethleitnerNEU\/wp-content\/uploads\/2024\/12\/7-allespittal-SLIDESHOW-Foto_ElisabethLeitner-1536x1152.jpg 1536w, https:\/\/www.elisabethleitner.eu\/elisabethleitnerNEU\/wp-content\/uploads\/2024\/12\/7-allespittal-SLIDESHOW-Foto_ElisabethLeitner-2048x1536.jpg 2048w\" sizes=\"(max-width: 2560px) 100vw, 2560px\" \/>\t\t\t\t\t\t\t\t\t\t\t\t\t\t\t<\/div>\n\t\t\t\t<\/div>\n\t\t\t\t<div class=\"elementor-element elementor-element-ed532d3 elementor-widget elementor-widget-image\" data-id=\"ed532d3\" data-element_type=\"widget\" data-e-type=\"widget\" data-widget_type=\"image.default\">\n\t\t\t\t<div class=\"elementor-widget-container\">\n\t\t\t\t\t\t\t\t\t\t\t\t\t\t\t<img loading=\"lazy\" decoding=\"async\" width=\"2560\" height=\"1920\" src=\"https:\/\/www.elisabethleitner.eu\/elisabethleitnerNEU\/wp-content\/uploads\/2024\/12\/7-allespittal-SLIDESHOW_22_Foto_FHKaernten-scaled.jpg\" class=\"attachment-full size-full wp-image-1652\" alt=\"\" srcset=\"https:\/\/www.elisabethleitner.eu\/elisabethleitnerNEU\/wp-content\/uploads\/2024\/12\/7-allespittal-SLIDESHOW_22_Foto_FHKaernten-scaled.jpg 2560w, https:\/\/www.elisabethleitner.eu\/elisabethleitnerNEU\/wp-content\/uploads\/2024\/12\/7-allespittal-SLIDESHOW_22_Foto_FHKaernten-300x225.jpg 300w, https:\/\/www.elisabethleitner.eu\/elisabethleitnerNEU\/wp-content\/uploads\/2024\/12\/7-allespittal-SLIDESHOW_22_Foto_FHKaernten-1024x768.jpg 1024w, https:\/\/www.elisabethleitner.eu\/elisabethleitnerNEU\/wp-content\/uploads\/2024\/12\/7-allespittal-SLIDESHOW_22_Foto_FHKaernten-768x576.jpg 768w, https:\/\/www.elisabethleitner.eu\/elisabethleitnerNEU\/wp-content\/uploads\/2024\/12\/7-allespittal-SLIDESHOW_22_Foto_FHKaernten-1536x1152.jpg 1536w, https:\/\/www.elisabethleitner.eu\/elisabethleitnerNEU\/wp-content\/uploads\/2024\/12\/7-allespittal-SLIDESHOW_22_Foto_FHKaernten-2048x1536.jpg 2048w\" sizes=\"(max-width: 2560px) 100vw, 2560px\" \/>\t\t\t\t\t\t\t\t\t\t\t\t\t\t\t<\/div>\n\t\t\t\t<\/div>\n\t\t\t\t<\/div>\n\t\t\t\t<\/div>\n\t\t\t\t<\/div>\n\t\t<div class=\"elementor-element elementor-element-7c1eb3d e-con-full e-flex e-con e-child\" data-id=\"7c1eb3d\" data-element_type=\"container\" data-e-type=\"container\">\n\t\t\t\t<div class=\"elementor-element elementor-element-0293250 elementor-widget elementor-widget-spacer\" data-id=\"0293250\" data-element_type=\"widget\" data-e-type=\"widget\" data-widget_type=\"spacer.default\">\n\t\t\t\t<div class=\"elementor-widget-container\">\n\t\t\t\t\t\t\t<div class=\"elementor-spacer\">\n\t\t\t<div class=\"elementor-spacer-inner\"><\/div>\n\t\t<\/div>\n\t\t\t\t\t\t<\/div>\n\t\t\t\t<\/div>\n\t\t\t\t<div class=\"elementor-element elementor-element-6711de3 elementor-widget elementor-widget-text-editor\" data-id=\"6711de3\" data-element_type=\"widget\" data-e-type=\"widget\" data-widget_type=\"text-editor.default\">\n\t\t\t\t<div class=\"elementor-widget-container\">\n\t\t\t\t\t\t\t\t\t<p id=\"u227913-2\">Veranlasst hat uns, dass \u2026<\/p><p id=\"u227913-9\">Spittal an der Drau ist der <span id=\"u227913-5\">Standort unserer Hochschule und eine Mittelstadt<\/span>, deren es viele gibt. Historisch bedeutsam, sp\u00e4ter gewachsen, dem Auto angepasst und durch das Konsumverhalten unserer heutigen Gesellschaft zu einem verwechselbaren Etwas geworden \u2013 inmitten einer Region mit starken <span id=\"u227913-7\">Abwanderungstendenzen<\/span>. Gleichzeitig hat die Stadt den Vorteil, Standort einer Hochschule zu sein, die sich dem Thema der l\u00e4ndlichen Baukultur verschrieben hat.<\/p><p id=\"u227913-16\">Deshalb haben wir uns im<span id=\"u227913-12\"> <\/span>Sommersemester 2017 planerisch mit dem Ort auseinandergesetzt. <strong><strong>Wir waren rund <span id=\"u227913-14\">100 Architektur-Studierende und 13 Lehrende der FH K\u00e4rnten und der TU Wien<\/span>, f\u00fcr die Spittal Ausbildungsort, Arbeitsort und Ort f\u00fcr ein Projekt und neuen Erfahrungen und frischen Ideen ist. <\/strong><\/strong>Gesellschaftlich aktuelle Themen wie Abwanderung, Zersiedelung, Leerst\u00e4nde, Innenst\u00e4dte, Parkraum, Mobilit\u00e4t, Wohnformen usw.,\u2026 waren Inhalt der Lehrveranstaltungen.<\/p><p id=\"u227913-21\">Es war uns wichtig, der Stadt zu verdeutlichen, dass uns die Probleme Spittals bewusst und auch f\u00fcr uns von gro\u00dfer Relevanz sind. <span id=\"u227913-19\">Wir setzen uns f\u00fcr die Stadt ein und wollen Diskussionspartner sein.<\/span> Unser Ziel ist es, mit neuen Ideen festgefahrene Muster aufzubrechen. Studierende, Lehrende und die Bev\u00f6lkerung sollen sensibilisiert werden, hinzuschauen, eigenverantwortlich und mutig zu handeln sowie die eigene Fachkompetenz zu verwenden, um neue M\u00f6glichkeitsr\u00e4ume zu schaffen.<\/p><p><strong><strong>Mit und f\u00fcr die Bev\u00f6lkerung, weil<\/strong><\/strong> \u2026<\/p><p>Projektorientiertes Arbeiten und die Vermittlung von Fachkompetenz an Laien standen im Fokus des Projektes \u201eallespittal\u201c. <span id=\"u227913-27\">ArchitektInnen<\/span> sind heute nicht nur PlanerInnen und DienstleisterInnen, sondern immer \u00f6fter <span id=\"u227913-29\">InitiatorInnen und ProzessgestalterInnen<\/span>. Unterschiedliche Methoden der \u201eCitizen-Science-Forschung\u201c kamen zur Anwendung. Die Studierenden waren dabei selbst Informationstr\u00e4ger oder haben die Stadtbev\u00f6lkerung als solche integriert. Im Sinne transformativer Wissenschaft wurden daf\u00fcr unterschiedliche Interessengruppen involviert und es wurde transdisziplin\u00e4r gearbeitet. Die Vermittlung der Ergebnisse f\u00fcr die Bev\u00f6lkerung war H\u00f6hepunkt, weshalb die Darstellung der Projekte eine wesentliche Rolle spielte.<\/p><p><strong><strong>Gearbeitet haben wir viel, n\u00e4mlich \u2026<\/strong><\/strong><\/p><p id=\"u227913-43\">Begonnen hat alles mit einem <span id=\"u227913-37\">Fotowettbewerb<\/span>, aus dem eine neue Freecard-Serie f\u00fcr Spittal an der Drau hervorgegangen ist. In einem Workshop wurde die Stadt erforscht und vermessen, die Ergebnisse waren die Basis der <span id=\"u227913-39\">Semesterprojekte<\/span>. Diese hatten den Stadtraum, neue Wohnformen, den Umbau eines leer stehenden Shoppingcenters, ein Parkhaus, das mehr als nur Parken anbietet, u. v. m. als Thema. Im Laufe des Semesters konnten wir von zahlreichen ExpertInnen lernen und immer wieder mit unterschiedlichen <span id=\"u227913-41\">Aktionen<\/span> auf uns aufmerksam machen.<\/p><p><strong><strong>\u2026 und dann wurde die Stadt zum Wohnzimmer.<\/strong><\/strong><\/p><p id=\"u227913-57\">Wir haben ein Semester lang zugeh\u00f6rt, Fragen gestellt, Gedanken formuliert und Projekte pr\u00e4sentiert, Impulse von au\u00dfen bekommen, dar\u00fcber diskutiert und weitergearbeitet. <span id=\"u227913-49\">Im Juni 2017 wurden die Arbeiten der Studierenden als vorl\u00e4ufiger H\u00f6hepunkt \u00f6ffentlich pr\u00e4sentiert<\/span>. Alle BewohnerInnen aus Spittal und der Region waren dazu <span id=\"u227913-51\">auf den einmalig verkehrsfreien Hauptplatz eingeladen<\/span>. Eine lange Tafel hat zu einem gemeinsamen Fr\u00fchst\u00fcck eingeladen. Die Schulen der Bezirkshauptstadt haben ein begleitendes Programm gestaltet und die angrenzenden Gewerbetreibenden haben sich mit Aktionen im \u00f6ffentlichen Raum beteiligt. Die Ergebnisse der Studienprojekte wurden <span id=\"u227913-53\">in vier Leerst\u00e4nden<\/span> gezeigt, welche von den Studierenden <span id=\"u227913-55\">zu tempor\u00e4ren Ausstellungsr\u00e4umen<\/span> umgestaltet wurden. Sie boten F\u00fchrungen an und stellten sich den Fragen der Bev\u00f6lkerung. Insgesamt waren an diesem Tag \u00fcber 1000 Personen am Hauptplatz und haben das Engagement unserer Hochschule wahrgenommen und wertgesch\u00e4tzt.<\/p>\t\t\t\t\t\t\t\t<\/div>\n\t\t\t\t<\/div>\n\t\t\t\t<\/div>\n\t\t\t\t<\/div>\n\t\t\t\t<\/div>\n\t\t","protected":false},"excerpt":{"rendered":"<p>allespittal allespittal war im Sommersemester 2017 Schwerpunktthema im Architekturstudium der FH K\u00e4rnten. In allen Lehrveranstaltungen wurde ein Praxisbezug zu Spittal an der Drau hergestellt. Studierende und Lehrende der TU Wien waren Teil des Projektes und haben f\u00fcr die n\u00f6tige Au\u00dfensicht gesorgt. Veranlasst hat uns, dass \u2026 Spittal an der Drau ist der Standort unserer Hochschule [&hellip;]<\/p>\n","protected":false},"author":1,"featured_media":0,"parent":0,"menu_order":0,"comment_status":"closed","ping_status":"closed","template":"","meta":{"footnotes":""},"class_list":["post-1585","page","type-page","status-publish","hentry"],"_links":{"self":[{"href":"https:\/\/www.elisabethleitner.eu\/elisabethleitnerNEU\/wp-json\/wp\/v2\/pages\/1585","targetHints":{"allow":["GET"]}}],"collection":[{"href":"https:\/\/www.elisabethleitner.eu\/elisabethleitnerNEU\/wp-json\/wp\/v2\/pages"}],"about":[{"href":"https:\/\/www.elisabethleitner.eu\/elisabethleitnerNEU\/wp-json\/wp\/v2\/types\/page"}],"author":[{"embeddable":true,"href":"https:\/\/www.elisabethleitner.eu\/elisabethleitnerNEU\/wp-json\/wp\/v2\/users\/1"}],"replies":[{"embeddable":true,"href":"https:\/\/www.elisabethleitner.eu\/elisabethleitnerNEU\/wp-json\/wp\/v2\/comments?post=1585"}],"version-history":[{"count":70,"href":"https:\/\/www.elisabethleitner.eu\/elisabethleitnerNEU\/wp-json\/wp\/v2\/pages\/1585\/revisions"}],"predecessor-version":[{"id":2749,"href":"https:\/\/www.elisabethleitner.eu\/elisabethleitnerNEU\/wp-json\/wp\/v2\/pages\/1585\/revisions\/2749"}],"wp:attachment":[{"href":"https:\/\/www.elisabethleitner.eu\/elisabethleitnerNEU\/wp-json\/wp\/v2\/media?parent=1585"}],"curies":[{"name":"wp","href":"https:\/\/api.w.org\/{rel}","templated":true}]}}