{"id":1583,"date":"2024-12-22T21:42:14","date_gmt":"2024-12-22T20:42:14","guid":{"rendered":"https:\/\/www.elisabethleitner.eu\/elisabethleitnerNEU\/?page_id=1583"},"modified":"2024-12-26T09:45:56","modified_gmt":"2024-12-26T08:45:56","slug":"kulturhauptstadt2024","status":"publish","type":"page","link":"https:\/\/www.elisabethleitner.eu\/elisabethleitnerNEU\/kulturhauptstadt2024\/","title":{"rendered":"kulturhauptstadt2024"},"content":{"rendered":"\t\t<div data-elementor-type=\"wp-page\" data-elementor-id=\"1583\" class=\"elementor elementor-1583\" data-elementor-post-type=\"page\">\n\t\t\t\t<div class=\"elementor-element elementor-element-0a68772 e-flex e-con-boxed e-con e-parent\" data-id=\"0a68772\" data-element_type=\"container\" data-e-type=\"container\">\n\t\t\t\t\t<div class=\"e-con-inner\">\n\t\t\t\t<div class=\"elementor-element elementor-element-e47a2bf elementor-widget elementor-widget-spacer\" data-id=\"e47a2bf\" data-element_type=\"widget\" data-e-type=\"widget\" data-widget_type=\"spacer.default\">\n\t\t\t\t<div class=\"elementor-widget-container\">\n\t\t\t\t\t\t\t<div class=\"elementor-spacer\">\n\t\t\t<div class=\"elementor-spacer-inner\"><\/div>\n\t\t<\/div>\n\t\t\t\t\t\t<\/div>\n\t\t\t\t<\/div>\n\t\t\t\t\t<\/div>\n\t\t\t\t<\/div>\n\t\t<div class=\"elementor-element elementor-element-2892bb9 e-con-full e-flex e-con e-parent\" data-id=\"2892bb9\" data-element_type=\"container\" data-e-type=\"container\">\n\t\t<div class=\"elementor-element elementor-element-2eeff55 e-con-full e-flex e-con e-child\" data-id=\"2eeff55\" data-element_type=\"container\" data-e-type=\"container\">\n\t\t\t\t<\/div>\n\t\t<div class=\"elementor-element elementor-element-0ff9f22 e-con-full e-flex e-con e-child\" data-id=\"0ff9f22\" data-element_type=\"container\" data-e-type=\"container\">\n\t\t\t\t<div class=\"elementor-element elementor-element-33a6e2c elementor-widget elementor-widget-text-editor\" data-id=\"33a6e2c\" data-element_type=\"widget\" data-e-type=\"widget\" data-widget_type=\"text-editor.default\">\n\t\t\t\t<div class=\"elementor-widget-container\">\n\t\t\t\t\t\t\t\t\t<p>kulturhauptstadt2024.at<\/p>\t\t\t\t\t\t\t\t<\/div>\n\t\t\t\t<\/div>\n\t\t\t\t<\/div>\n\t\t<div class=\"elementor-element elementor-element-fc76319 e-con-full e-flex e-con e-child\" data-id=\"fc76319\" data-element_type=\"container\" data-e-type=\"container\">\n\t\t\t\t<\/div>\n\t\t\t\t<\/div>\n\t\t<div class=\"elementor-element elementor-element-d14cb97 e-flex e-con-boxed e-con e-parent\" data-id=\"d14cb97\" data-element_type=\"container\" data-e-type=\"container\">\n\t\t\t\t\t<div class=\"e-con-inner\">\n\t\t\t\t<div class=\"elementor-element elementor-element-e45bb1c elementor-widget elementor-widget-spacer\" data-id=\"e45bb1c\" data-element_type=\"widget\" data-e-type=\"widget\" data-widget_type=\"spacer.default\">\n\t\t\t\t<div class=\"elementor-widget-container\">\n\t\t\t\t\t\t\t<div class=\"elementor-spacer\">\n\t\t\t<div class=\"elementor-spacer-inner\"><\/div>\n\t\t<\/div>\n\t\t\t\t\t\t<\/div>\n\t\t\t\t<\/div>\n\t\t\t\t\t<\/div>\n\t\t\t\t<\/div>\n\t\t<div class=\"elementor-element elementor-element-47ccf9f e-con-full e-flex e-con e-parent\" data-id=\"47ccf9f\" data-element_type=\"container\" data-e-type=\"container\">\n\t\t<div class=\"elementor-element elementor-element-de08d39 e-con-full e-flex e-con e-child\" data-id=\"de08d39\" data-element_type=\"container\" data-e-type=\"container\">\n\t\t\t\t<\/div>\n\t\t<div class=\"elementor-element elementor-element-bf266f9 e-con-full e-flex e-con e-child\" data-id=\"bf266f9\" data-element_type=\"container\" data-e-type=\"container\">\n\t\t\t\t<div class=\"elementor-element elementor-element-92e7590 elementor-widget elementor-widget-text-editor\" data-id=\"92e7590\" data-element_type=\"widget\" data-e-type=\"widget\" data-widget_type=\"text-editor.default\">\n\t\t\t\t<div class=\"elementor-widget-container\">\n\t\t\t\t\t\t\t\t\t<p id=\"u334522-2\">kulturhauptstadt2024.at ist eine Diskussionsplattform zur \u00d6sterreichischen Kulturhauptstadt Europas 2024. Sie wurde im Herbst 2014 an der Technischen Universit\u00e4t Wien gegr\u00fcndet und agiert mittlerweile auch \u00fcber die \u00f6sterreichischen Grenzen hinaus.<\/p>\t\t\t\t\t\t\t\t<\/div>\n\t\t\t\t<\/div>\n\t\t\t\t<\/div>\n\t\t<div class=\"elementor-element elementor-element-94c7301 e-con-full e-flex e-con e-child\" data-id=\"94c7301\" data-element_type=\"container\" data-e-type=\"container\">\n\t\t\t\t<\/div>\n\t\t\t\t<\/div>\n\t\t<div class=\"elementor-element elementor-element-c8b6cba e-flex e-con-boxed e-con e-parent\" data-id=\"c8b6cba\" data-element_type=\"container\" data-e-type=\"container\">\n\t\t\t\t\t<div class=\"e-con-inner\">\n\t\t\t\t<div class=\"elementor-element elementor-element-9b317af elementor-widget elementor-widget-spacer\" data-id=\"9b317af\" data-element_type=\"widget\" data-e-type=\"widget\" data-widget_type=\"spacer.default\">\n\t\t\t\t<div class=\"elementor-widget-container\">\n\t\t\t\t\t\t\t<div class=\"elementor-spacer\">\n\t\t\t<div class=\"elementor-spacer-inner\"><\/div>\n\t\t<\/div>\n\t\t\t\t\t\t<\/div>\n\t\t\t\t<\/div>\n\t\t\t\t\t<\/div>\n\t\t\t\t<\/div>\n\t\t<div class=\"elementor-element elementor-element-f65de8b e-con-full e-flex e-con e-parent\" data-id=\"f65de8b\" data-element_type=\"container\" data-e-type=\"container\" data-settings=\"{&quot;background_background&quot;:&quot;classic&quot;}\">\n\t\t\t\t<div class=\"elementor-element elementor-element-f26f2b3 elementor-pagination-position-outside elementor-widget elementor-widget-image-carousel\" data-id=\"f26f2b3\" data-element_type=\"widget\" data-e-type=\"widget\" data-settings=\"{&quot;slides_to_show&quot;:&quot;2&quot;,&quot;navigation&quot;:&quot;dots&quot;,&quot;autoplay&quot;:&quot;yes&quot;,&quot;pause_on_hover&quot;:&quot;yes&quot;,&quot;pause_on_interaction&quot;:&quot;yes&quot;,&quot;autoplay_speed&quot;:5000,&quot;infinite&quot;:&quot;yes&quot;,&quot;speed&quot;:500}\" data-widget_type=\"image-carousel.default\">\n\t\t\t\t<div class=\"elementor-widget-container\">\n\t\t\t\t\t\t\t<div class=\"elementor-image-carousel-wrapper swiper\" role=\"region\" aria-roledescription=\"carousel\" aria-label=\"Karusell_bietet Wissen\" dir=\"ltr\">\n\t\t\t<div class=\"elementor-image-carousel swiper-wrapper swiper-image-stretch\" aria-live=\"off\">\n\t\t\t\t\t\t\t\t<div class=\"swiper-slide\" role=\"group\" aria-roledescription=\"slide\" aria-label=\"1 of 7\"><figure class=\"swiper-slide-inner\"><img decoding=\"async\" class=\"swiper-slide-image\" src=\"https:\/\/www.elisabethleitner.eu\/elisabethleitnerNEU\/wp-content\/uploads\/2024\/12\/820kulturhauptstadt202420slideshow202-crop-u3345534-1.jpg\" alt=\"8kulturhauptstadt2024slideshow2-crop-u3345534\" \/><\/figure><\/div><div class=\"swiper-slide\" role=\"group\" aria-roledescription=\"slide\" aria-label=\"2 of 7\"><figure class=\"swiper-slide-inner\"><img decoding=\"async\" class=\"swiper-slide-image\" src=\"https:\/\/www.elisabethleitner.eu\/elisabethleitnerNEU\/wp-content\/uploads\/2024\/12\/820kulturhauptstadt202420slideshow204-crop-u3345514-1.jpg\" alt=\"SONY DSC\" \/><\/figure><\/div><div class=\"swiper-slide\" role=\"group\" aria-roledescription=\"slide\" aria-label=\"3 of 7\"><figure class=\"swiper-slide-inner\"><img decoding=\"async\" class=\"swiper-slide-image\" src=\"https:\/\/www.elisabethleitner.eu\/elisabethleitnerNEU\/wp-content\/uploads\/2024\/12\/820kulturhauptstadt202420slideshow205-crop-u3345494-1.jpg\" alt=\"8kulturhauptstadt2024slideshow5-crop-u3345494\" \/><\/figure><\/div><div class=\"swiper-slide\" role=\"group\" aria-roledescription=\"slide\" aria-label=\"4 of 7\"><figure class=\"swiper-slide-inner\"><img decoding=\"async\" class=\"swiper-slide-image\" src=\"https:\/\/www.elisabethleitner.eu\/elisabethleitnerNEU\/wp-content\/uploads\/2024\/12\/820kulturhauptstadt202420slideshow206-crop-u3345554-2.jpg\" alt=\"8kulturhauptstadt2024slideshow6-crop-u3345554\" \/><\/figure><\/div><div class=\"swiper-slide\" role=\"group\" aria-roledescription=\"slide\" aria-label=\"5 of 7\"><figure class=\"swiper-slide-inner\"><img decoding=\"async\" class=\"swiper-slide-image\" src=\"https:\/\/www.elisabethleitner.eu\/elisabethleitnerNEU\/wp-content\/uploads\/2024\/12\/820kulturhauptstadt202420slideshow207-crop-u3345474-1.jpg\" alt=\"8kulturhauptstadt2024slideshow7-crop-u3345474\" \/><\/figure><\/div><div class=\"swiper-slide\" role=\"group\" aria-roledescription=\"slide\" aria-label=\"6 of 7\"><figure class=\"swiper-slide-inner\"><img decoding=\"async\" class=\"swiper-slide-image\" src=\"https:\/\/www.elisabethleitner.eu\/elisabethleitnerNEU\/wp-content\/uploads\/2024\/12\/820kulturhauptstadt202420slideshow209-crop-u3345434-1.jpg\" alt=\"8kulturhauptstadt2024slideshow9-crop-u3345434\" \/><\/figure><\/div><div class=\"swiper-slide\" role=\"group\" aria-roledescription=\"slide\" aria-label=\"7 of 7\"><figure class=\"swiper-slide-inner\"><img decoding=\"async\" class=\"swiper-slide-image\" src=\"https:\/\/www.elisabethleitner.eu\/elisabethleitnerNEU\/wp-content\/uploads\/2024\/12\/8-kulturhauptstadt2024-SLIDESHOW-10-1-scaled.jpg\" alt=\"8 kulturhauptstadt2024 SLIDESHOW 10\" \/><\/figure><\/div>\t\t\t<\/div>\n\t\t\t\t\t\t\t\n\t\t\t\t\t\t\t\t\t<div class=\"swiper-pagination\"><\/div>\n\t\t\t\t\t\t\t\t\t<\/div>\n\t\t\t\t\t\t<\/div>\n\t\t\t\t<\/div>\n\t\t\t\t<\/div>\n\t\t<div class=\"elementor-element elementor-element-23cf5c7 e-con-full e-flex e-con e-parent\" data-id=\"23cf5c7\" data-element_type=\"container\" data-e-type=\"container\" data-settings=\"{&quot;background_background&quot;:&quot;classic&quot;}\">\n\t\t\t\t<div class=\"elementor-element elementor-element-d3371c3 elementor-widget elementor-widget-spacer\" data-id=\"d3371c3\" data-element_type=\"widget\" data-e-type=\"widget\" data-widget_type=\"spacer.default\">\n\t\t\t\t<div class=\"elementor-widget-container\">\n\t\t\t\t\t\t\t<div class=\"elementor-spacer\">\n\t\t\t<div class=\"elementor-spacer-inner\"><\/div>\n\t\t<\/div>\n\t\t\t\t\t\t<\/div>\n\t\t\t\t<\/div>\n\t\t\t\t<\/div>\n\t\t<div class=\"elementor-element elementor-element-cb6aa9d e-con-full e-flex e-con e-parent\" data-id=\"cb6aa9d\" data-element_type=\"container\" data-e-type=\"container\" data-settings=\"{&quot;background_background&quot;:&quot;classic&quot;}\">\n\t\t<div class=\"elementor-element elementor-element-a47cce4 e-con-full e-flex e-con e-child\" data-id=\"a47cce4\" data-element_type=\"container\" data-e-type=\"container\">\n\t\t\t\t<\/div>\n\t\t<div class=\"elementor-element elementor-element-b1bf0c7 e-con-full e-flex e-con e-child\" data-id=\"b1bf0c7\" data-element_type=\"container\" data-e-type=\"container\">\n\t\t\t\t<div class=\"elementor-element elementor-element-6711de3 elementor-widget elementor-widget-text-editor\" data-id=\"6711de3\" data-element_type=\"widget\" data-e-type=\"widget\" data-widget_type=\"text-editor.default\">\n\t\t\t\t<div class=\"elementor-widget-container\">\n\t\t\t\t\t\t\t\t\t<p id=\"u334523-2\">\u00d6sterreich wird im Jahr 2024 \u2013 ebenso wie Estland \u2013 eine der beiden Kulturhauptst\u00e4dte Europas stellen. Der offizielle Bewerbungsprozess startete im Sommer 2017.<\/p><p id=\"u334523-5\">Die universit\u00e4re Initiative kulturhauptstadt2024.at begann mit einer gemeinsamen Lehrveranstaltung aller \u00f6sterreichischen Architektur-, Landschaftsarchitektur- und Planungsuniversit\u00e4ten. \u00dcber 100 Studierende haben in transuniversit\u00e4ren Teams m\u00f6gliche Konzepte und Szenarien f\u00fcr die \u00d6sterreichische Kulturhauptstadt Europas 2024 entwickelt. Diese wurden in der 1. Ausgabe der gleichnamigen Zeitung, die 2015 erschienen ist, mit wissenschaftlichen Texten, Interviews und Kommentaren dokumentiert.<\/p><p id=\"u334523-8\">Im Zeitraum zwischen September 2015 und November 2016 wurden die 44 Projekte im Rahmen einer Wanderausstellung zehn Mal in \u00d6sterreich gezeigt und dienten als Basis der Auseinandersetzung zu Chancen und Risiken einer Bewerbung. Bei jedem Ausstellungsstopp fanden Diskussionen mit ExpertInnen und BesucherInnen statt. In der 2. Ausgabe der Zeitung kulturhauptstadt2024.at geben wir Einblicke in den Stand der inner\u00f6sterreichischen Entwicklungen.<\/p><p id=\"u334523-11\">21.09.\u201325.09.2015, Graz, Neue Galerie Graz<br \/>16.10.\u201326.10.2015, Bregenz, vorarlberg museum<br \/>27.11.\u201311.12.2015, Innsbruck, Landhaus 2<br \/>13.01.\u201301.02.2016, Wien, Architekturzentrum Wien<br \/>10.03.\u201323.03.2016, Klagenfurt, Architektur Haus K\u00e4rnten<br \/>07.04.\u201318.05.2016, Salzburg, Unipark Nonntal<br \/>19.05\u201329.05.2016, Bad Ischl, Trinkhalle Bad Ischl<br \/>02.06\u201316.06.2016, Linz, OK Offenes Kulturhaus Ober\u00f6sterreich<br \/>24.06\u201301.07.2016, St. P\u00f6lten, FH St. P\u00f6lten<br \/>08.11.\u201312.11.2016, Wels, Medien Kultur Haus<\/p><p id=\"u334523-32\">Der Austausch in \u00d6sterreich war lebendig und spannend, das Interesse gro\u00df, das T\u00e4tigkeitsfeld der Plattform hat sich stetig erweitert und wir sind mit Vortr\u00e4gen, Workshops, Diskussionsbeitr\u00e4gen und Texten auch au\u00dferhalb \u00d6sterreichs aktiv. Unser Netzwerk w\u00e4chst best\u00e4ndig, der Austausch wird intensiviert.<\/p><p id=\"u334523-34\">Alle weiteren Aktivit\u00e4ten, die Mitglieder der Plattform, Presseartikel, die beiden Ausgaben der Zeitung u.v.m. sind auf der Website der Plattform zu finden.<\/p><p>\u00a0<\/p><p id=\"u334523-40\"><a class=\"nonblock\" href=\"http:\/\/www.kulturhauptstadt2024.at\/\" target=\"_blank\" rel=\"noopener\"><span id=\"u334523-37\">&gt; www.kulturhauptstadt2024.at<\/span><\/a><\/p>\t\t\t\t\t\t\t\t<\/div>\n\t\t\t\t<\/div>\n\t\t\t\t<\/div>\n\t\t<div class=\"elementor-element elementor-element-905f265 e-con-full e-flex e-con e-child\" data-id=\"905f265\" data-element_type=\"container\" data-e-type=\"container\">\n\t\t\t\t<\/div>\n\t\t\t\t<\/div>\n\t\t<div class=\"elementor-element elementor-element-9fd9005 e-con-full e-flex e-con e-parent\" data-id=\"9fd9005\" data-element_type=\"container\" data-e-type=\"container\">\n\t\t\t\t<div class=\"elementor-element elementor-element-9f906b3 elementor-widget elementor-widget-spacer\" data-id=\"9f906b3\" data-element_type=\"widget\" data-e-type=\"widget\" data-widget_type=\"spacer.default\">\n\t\t\t\t<div class=\"elementor-widget-container\">\n\t\t\t\t\t\t\t<div class=\"elementor-spacer\">\n\t\t\t<div class=\"elementor-spacer-inner\"><\/div>\n\t\t<\/div>\n\t\t\t\t\t\t<\/div>\n\t\t\t\t<\/div>\n\t\t\t\t<\/div>\n\t\t\t\t<\/div>\n\t\t","protected":false},"excerpt":{"rendered":"<p>kulturhauptstadt2024.at kulturhauptstadt2024.at ist eine Diskussionsplattform zur \u00d6sterreichischen Kulturhauptstadt Europas 2024. Sie wurde im Herbst 2014 an der Technischen Universit\u00e4t Wien gegr\u00fcndet und agiert mittlerweile auch \u00fcber die \u00f6sterreichischen Grenzen hinaus. \u00d6sterreich wird im Jahr 2024 \u2013 ebenso wie Estland \u2013 eine der beiden Kulturhauptst\u00e4dte Europas stellen. Der offizielle Bewerbungsprozess startete im Sommer 2017. Die universit\u00e4re [&hellip;]<\/p>\n","protected":false},"author":1,"featured_media":0,"parent":0,"menu_order":0,"comment_status":"closed","ping_status":"closed","template":"","meta":{"footnotes":""},"class_list":["post-1583","page","type-page","status-publish","hentry"],"_links":{"self":[{"href":"https:\/\/www.elisabethleitner.eu\/elisabethleitnerNEU\/wp-json\/wp\/v2\/pages\/1583","targetHints":{"allow":["GET"]}}],"collection":[{"href":"https:\/\/www.elisabethleitner.eu\/elisabethleitnerNEU\/wp-json\/wp\/v2\/pages"}],"about":[{"href":"https:\/\/www.elisabethleitner.eu\/elisabethleitnerNEU\/wp-json\/wp\/v2\/types\/page"}],"author":[{"embeddable":true,"href":"https:\/\/www.elisabethleitner.eu\/elisabethleitnerNEU\/wp-json\/wp\/v2\/users\/1"}],"replies":[{"embeddable":true,"href":"https:\/\/www.elisabethleitner.eu\/elisabethleitnerNEU\/wp-json\/wp\/v2\/comments?post=1583"}],"version-history":[{"count":16,"href":"https:\/\/www.elisabethleitner.eu\/elisabethleitnerNEU\/wp-json\/wp\/v2\/pages\/1583\/revisions"}],"predecessor-version":[{"id":2387,"href":"https:\/\/www.elisabethleitner.eu\/elisabethleitnerNEU\/wp-json\/wp\/v2\/pages\/1583\/revisions\/2387"}],"wp:attachment":[{"href":"https:\/\/www.elisabethleitner.eu\/elisabethleitnerNEU\/wp-json\/wp\/v2\/media?parent=1583"}],"curies":[{"name":"wp","href":"https:\/\/api.w.org\/{rel}","templated":true}]}}