{"id":1546,"date":"2024-12-22T21:27:08","date_gmt":"2024-12-22T20:27:08","guid":{"rendered":"https:\/\/www.elisabethleitner.eu\/elisabethleitnerNEU\/?page_id=1546"},"modified":"2024-12-26T09:50:39","modified_gmt":"2024-12-26T08:50:39","slug":"landluft","status":"publish","type":"page","link":"https:\/\/www.elisabethleitner.eu\/elisabethleitnerNEU\/landluft\/","title":{"rendered":"Landluft"},"content":{"rendered":"\t\t<div data-elementor-type=\"wp-page\" data-elementor-id=\"1546\" class=\"elementor elementor-1546\" data-elementor-post-type=\"page\">\n\t\t\t\t<div class=\"elementor-element elementor-element-0a68772 e-flex e-con-boxed e-con e-parent\" data-id=\"0a68772\" data-element_type=\"container\" data-e-type=\"container\">\n\t\t\t\t\t<div class=\"e-con-inner\">\n\t\t\t\t<div class=\"elementor-element elementor-element-e47a2bf elementor-widget elementor-widget-spacer\" data-id=\"e47a2bf\" data-element_type=\"widget\" data-e-type=\"widget\" data-widget_type=\"spacer.default\">\n\t\t\t\t<div class=\"elementor-widget-container\">\n\t\t\t\t\t\t\t<div class=\"elementor-spacer\">\n\t\t\t<div class=\"elementor-spacer-inner\"><\/div>\n\t\t<\/div>\n\t\t\t\t\t\t<\/div>\n\t\t\t\t<\/div>\n\t\t\t\t\t<\/div>\n\t\t\t\t<\/div>\n\t\t<div class=\"elementor-element elementor-element-2892bb9 e-con-full e-flex e-con e-parent\" data-id=\"2892bb9\" data-element_type=\"container\" data-e-type=\"container\">\n\t\t<div class=\"elementor-element elementor-element-2eeff55 e-con-full e-flex e-con e-child\" data-id=\"2eeff55\" data-element_type=\"container\" data-e-type=\"container\">\n\t\t\t\t<\/div>\n\t\t<div class=\"elementor-element elementor-element-0ff9f22 e-con-full e-flex e-con e-child\" data-id=\"0ff9f22\" data-element_type=\"container\" data-e-type=\"container\">\n\t\t\t\t<div class=\"elementor-element elementor-element-33a6e2c elementor-widget elementor-widget-text-editor\" data-id=\"33a6e2c\" data-element_type=\"widget\" data-e-type=\"widget\" data-widget_type=\"text-editor.default\">\n\t\t\t\t<div class=\"elementor-widget-container\">\n\t\t\t\t\t\t\t\t\t<p>Landluft<\/p>\t\t\t\t\t\t\t\t<\/div>\n\t\t\t\t<\/div>\n\t\t\t\t<\/div>\n\t\t<div class=\"elementor-element elementor-element-fc76319 e-con-full e-flex e-con e-child\" data-id=\"fc76319\" data-element_type=\"container\" data-e-type=\"container\">\n\t\t\t\t<\/div>\n\t\t\t\t<\/div>\n\t\t<div class=\"elementor-element elementor-element-d14cb97 e-flex e-con-boxed e-con e-parent\" data-id=\"d14cb97\" data-element_type=\"container\" data-e-type=\"container\">\n\t\t\t\t\t<div class=\"e-con-inner\">\n\t\t\t\t<div class=\"elementor-element elementor-element-e45bb1c elementor-widget elementor-widget-spacer\" data-id=\"e45bb1c\" data-element_type=\"widget\" data-e-type=\"widget\" data-widget_type=\"spacer.default\">\n\t\t\t\t<div class=\"elementor-widget-container\">\n\t\t\t\t\t\t\t<div class=\"elementor-spacer\">\n\t\t\t<div class=\"elementor-spacer-inner\"><\/div>\n\t\t<\/div>\n\t\t\t\t\t\t<\/div>\n\t\t\t\t<\/div>\n\t\t\t\t\t<\/div>\n\t\t\t\t<\/div>\n\t\t<div class=\"elementor-element elementor-element-47ccf9f e-con-full e-flex e-con e-parent\" data-id=\"47ccf9f\" data-element_type=\"container\" data-e-type=\"container\">\n\t\t<div class=\"elementor-element elementor-element-de08d39 e-con-full e-flex e-con e-child\" data-id=\"de08d39\" data-element_type=\"container\" data-e-type=\"container\">\n\t\t\t\t<\/div>\n\t\t<div class=\"elementor-element elementor-element-bf266f9 e-con-full e-flex e-con e-child\" data-id=\"bf266f9\" data-element_type=\"container\" data-e-type=\"container\">\n\t\t\t\t<div class=\"elementor-element elementor-element-92e7590 elementor-widget elementor-widget-text-editor\" data-id=\"92e7590\" data-element_type=\"widget\" data-e-type=\"widget\" data-widget_type=\"text-editor.default\">\n\t\t\t\t<div class=\"elementor-widget-container\">\n\t\t\t\t\t\t\t\t\t<p id=\"u224754-2\">LandLuft \u2013 Verein zur F\u00f6rderung von Baukultur in l\u00e4ndlichen R\u00e4umen setzt sich seit 1999 f\u00fcr die F\u00f6rderung von Baukultur im l\u00e4ndlichen Raum ein und versteht sie als Katalysator und Dynamo f\u00fcr kommunale Projekte. Seit Februar 2019 geh\u00f6re ich dem Vorstand von Landluft an und bin Obfrau des Vereins.<\/p>\t\t\t\t\t\t\t\t<\/div>\n\t\t\t\t<\/div>\n\t\t\t\t<\/div>\n\t\t<div class=\"elementor-element elementor-element-94c7301 e-con-full e-flex e-con e-child\" data-id=\"94c7301\" data-element_type=\"container\" data-e-type=\"container\">\n\t\t\t\t<\/div>\n\t\t\t\t<\/div>\n\t\t<div class=\"elementor-element elementor-element-c8b6cba e-flex e-con-boxed e-con e-parent\" data-id=\"c8b6cba\" data-element_type=\"container\" data-e-type=\"container\">\n\t\t\t\t\t<div class=\"e-con-inner\">\n\t\t\t\t<div class=\"elementor-element elementor-element-9b317af elementor-widget elementor-widget-spacer\" data-id=\"9b317af\" data-element_type=\"widget\" data-e-type=\"widget\" data-widget_type=\"spacer.default\">\n\t\t\t\t<div class=\"elementor-widget-container\">\n\t\t\t\t\t\t\t<div class=\"elementor-spacer\">\n\t\t\t<div class=\"elementor-spacer-inner\"><\/div>\n\t\t<\/div>\n\t\t\t\t\t\t<\/div>\n\t\t\t\t<\/div>\n\t\t\t\t\t<\/div>\n\t\t\t\t<\/div>\n\t\t<div class=\"elementor-element elementor-element-cb6aa9d e-con-full e-flex e-con e-parent\" data-id=\"cb6aa9d\" data-element_type=\"container\" data-e-type=\"container\" data-settings=\"{&quot;background_background&quot;:&quot;classic&quot;}\">\n\t\t<div class=\"elementor-element elementor-element-a47cce4 e-con-full e-flex e-con e-child\" data-id=\"a47cce4\" data-element_type=\"container\" data-e-type=\"container\">\n\t\t\t\t<\/div>\n\t\t<div class=\"elementor-element elementor-element-b1bf0c7 e-con-full e-flex e-con e-child\" data-id=\"b1bf0c7\" data-element_type=\"container\" data-e-type=\"container\">\n\t\t\t\t<div class=\"elementor-element elementor-element-6711de3 elementor-widget elementor-widget-text-editor\" data-id=\"6711de3\" data-element_type=\"widget\" data-e-type=\"widget\" data-widget_type=\"text-editor.default\">\n\t\t\t\t<div class=\"elementor-widget-container\">\n\t\t\t\t\t\t\t\t\t<p id=\"u314928-2\">Mit Vernetzungs- und Weiterbildungsangeboten f\u00fcr kommunale Entscheidungstr\u00e4ger, in Forschungs- und Beratungsprojekten, vor allem aber durch die Pr\u00e4sentation vorbildlicher Baukulturgemeinden zeigt LandLuft auf, wie Kommunen ihre ohnehin begrenzten Mittel in intelligente und nachhaltige Projekte investieren k\u00f6nnen. Mit einer Wanderausstellung, einer Filmdokumentation, den LandLuft Lernreisen, in Vortr\u00e4gen und bei verschiedenen Veranstaltungen stellt LandLuft die baukulturellen Erfolgsrezepte jener Gemeinden vor, die im Rahmen des LandLuft Baukulturgemeinde-Preis ausgezeichnet wurden.<\/p><p id=\"u314928-5\">Organisation von Landluft<br \/>Vorstand und Beirat sind aufgrund ihrer Expertise in unterschiedlichen Fachgebieten rund um die Themen Baukultur und l\u00e4ndlicher Raum der vereinsinterne Thinktank. In den LandLuft Kompetenzpool flie\u00dft nicht nur das Know-how von Baukulturexpertinnen und -experten, sondern auch jenes von engagierten Personen aus den Gemeinden ein.<\/p><p>\u00a0<\/p><p><a href=\"https:\/\/www.landluft.at\" target=\"_blank\" rel=\"noopener\">&gt; www.landluft.at<\/a><\/p><p>\u00a0<\/p>\t\t\t\t\t\t\t\t<\/div>\n\t\t\t\t<\/div>\n\t\t\t\t<\/div>\n\t\t<div class=\"elementor-element elementor-element-905f265 e-con-full e-flex e-con e-child\" data-id=\"905f265\" data-element_type=\"container\" data-e-type=\"container\">\n\t\t\t\t<\/div>\n\t\t\t\t<\/div>\n\t\t<div class=\"elementor-element elementor-element-23cf5c7 e-con-full e-flex e-con e-parent\" data-id=\"23cf5c7\" data-element_type=\"container\" data-e-type=\"container\" data-settings=\"{&quot;background_background&quot;:&quot;classic&quot;}\">\n\t\t\t\t<div class=\"elementor-element elementor-element-d3371c3 elementor-widget elementor-widget-spacer\" data-id=\"d3371c3\" data-element_type=\"widget\" data-e-type=\"widget\" data-widget_type=\"spacer.default\">\n\t\t\t\t<div class=\"elementor-widget-container\">\n\t\t\t\t\t\t\t<div class=\"elementor-spacer\">\n\t\t\t<div class=\"elementor-spacer-inner\"><\/div>\n\t\t<\/div>\n\t\t\t\t\t\t<\/div>\n\t\t\t\t<\/div>\n\t\t\t\t<\/div>\n\t\t<div class=\"elementor-element elementor-element-f65de8b e-con-full e-flex e-con e-parent\" data-id=\"f65de8b\" data-element_type=\"container\" data-e-type=\"container\" data-settings=\"{&quot;background_background&quot;:&quot;classic&quot;}\">\n\t\t\t\t<div class=\"elementor-element elementor-element-f26f2b3 elementor-pagination-position-outside elementor-widget elementor-widget-image-carousel\" data-id=\"f26f2b3\" data-element_type=\"widget\" data-e-type=\"widget\" data-settings=\"{&quot;slides_to_show&quot;:&quot;2&quot;,&quot;navigation&quot;:&quot;dots&quot;,&quot;autoplay&quot;:&quot;yes&quot;,&quot;autoplay_speed&quot;:5000,&quot;infinite&quot;:&quot;yes&quot;,&quot;speed&quot;:500}\" data-widget_type=\"image-carousel.default\">\n\t\t\t\t<div class=\"elementor-widget-container\">\n\t\t\t\t\t\t\t<div class=\"elementor-image-carousel-wrapper swiper\" role=\"region\" aria-roledescription=\"carousel\" aria-label=\"Karusell_bietet Wissen\" dir=\"ltr\">\n\t\t\t<div class=\"elementor-image-carousel swiper-wrapper swiper-image-stretch\" aria-live=\"off\">\n\t\t\t\t\t\t\t\t<div class=\"swiper-slide\" role=\"group\" aria-roledescription=\"slide\" aria-label=\"1 of 6\"><figure class=\"swiper-slide-inner\"><img decoding=\"async\" class=\"swiper-slide-image\" src=\"https:\/\/www.elisabethleitner.eu\/elisabethleitnerNEU\/wp-content\/uploads\/2024\/12\/landluft_waidhofen_010-crop-u337492.jpg\" alt=\"Landluft, Baukulturgemeindepreis 2021, Juryhearing, Sonderpreis, Waidhofen\/Ybbs, Lupi Spuma\" \/><\/figure><\/div><div class=\"swiper-slide\" role=\"group\" aria-roledescription=\"slide\" aria-label=\"2 of 6\"><figure class=\"swiper-slide-inner\"><img decoding=\"async\" class=\"swiper-slide-image\" src=\"https:\/\/www.elisabethleitner.eu\/elisabethleitnerNEU\/wp-content\/uploads\/2024\/12\/landluft_waidhofen_282_low20res-crop-u337504.jpg\" alt=\"Landluft, Baukulturgemeindepreis 2021, Juryhearing, Sonderpreis, Waidhofen\/Ybbs, Lupi Spuma\" \/><\/figure><\/div><div class=\"swiper-slide\" role=\"group\" aria-roledescription=\"slide\" aria-label=\"3 of 6\"><figure class=\"swiper-slide-inner\"><img decoding=\"async\" class=\"swiper-slide-image\" src=\"https:\/\/www.elisabethleitner.eu\/elisabethleitnerNEU\/wp-content\/uploads\/2024\/12\/landluft_waidhofen_011-crop-u337494.jpg\" alt=\"Landluft, Baukulturgemeindepreis 2021, Juryhearing, Sonderpreis, Waidhofen\/Ybbs, Lupi Spuma\" \/><\/figure><\/div><div class=\"swiper-slide\" role=\"group\" aria-roledescription=\"slide\" aria-label=\"4 of 6\"><figure class=\"swiper-slide-inner\"><img decoding=\"async\" class=\"swiper-slide-image\" src=\"https:\/\/www.elisabethleitner.eu\/elisabethleitnerNEU\/wp-content\/uploads\/2024\/12\/landluft_waidhofen_239-crop-u337496.jpg\" alt=\"Landluft, Baukulturgemeindepreis 2021, Juryhearing, Sonderpreis, Waidhofen\/Ybbs, Lupi Spuma\" \/><\/figure><\/div><div class=\"swiper-slide\" role=\"group\" aria-roledescription=\"slide\" aria-label=\"5 of 6\"><figure class=\"swiper-slide-inner\"><img decoding=\"async\" class=\"swiper-slide-image\" src=\"https:\/\/www.elisabethleitner.eu\/elisabethleitnerNEU\/wp-content\/uploads\/2024\/12\/landluft_waidhofen_139-crop-u337502.jpg\" alt=\"Landluft, Baukulturgemeindepreis 2021, Juryhearing, Sonderpreis, Waidhofen\/Ybbs, Lupi Spuma\" \/><\/figure><\/div><div class=\"swiper-slide\" role=\"group\" aria-roledescription=\"slide\" aria-label=\"6 of 6\"><figure class=\"swiper-slide-inner\"><img decoding=\"async\" class=\"swiper-slide-image\" src=\"https:\/\/www.elisabethleitner.eu\/elisabethleitnerNEU\/wp-content\/uploads\/2024\/12\/landluft_waidhofen_249-crop-u337500.jpg\" alt=\"Landluft, Baukulturgemeindepreis 2021, Juryhearing, Sonderpreis, Waidhofen\/Ybbs, Lupi Spuma\" \/><\/figure><\/div>\t\t\t<\/div>\n\t\t\t\t\t\t\t\n\t\t\t\t\t\t\t\t\t<div class=\"swiper-pagination\"><\/div>\n\t\t\t\t\t\t\t\t\t<\/div>\n\t\t\t\t\t\t<\/div>\n\t\t\t\t<\/div>\n\t\t\t\t<\/div>\n\t\t<div class=\"elementor-element elementor-element-9fd9005 e-con-full e-flex e-con e-parent\" data-id=\"9fd9005\" data-element_type=\"container\" data-e-type=\"container\">\n\t\t\t\t<div class=\"elementor-element elementor-element-9f906b3 elementor-widget elementor-widget-spacer\" data-id=\"9f906b3\" data-element_type=\"widget\" data-e-type=\"widget\" data-widget_type=\"spacer.default\">\n\t\t\t\t<div class=\"elementor-widget-container\">\n\t\t\t\t\t\t\t<div class=\"elementor-spacer\">\n\t\t\t<div class=\"elementor-spacer-inner\"><\/div>\n\t\t<\/div>\n\t\t\t\t\t\t<\/div>\n\t\t\t\t<\/div>\n\t\t\t\t<\/div>\n\t\t\t\t<\/div>\n\t\t","protected":false},"excerpt":{"rendered":"<p>Landluft LandLuft \u2013 Verein zur F\u00f6rderung von Baukultur in l\u00e4ndlichen R\u00e4umen setzt sich seit 1999 f\u00fcr die F\u00f6rderung von Baukultur im l\u00e4ndlichen Raum ein und versteht sie als Katalysator und Dynamo f\u00fcr kommunale Projekte. Seit Februar 2019 geh\u00f6re ich dem Vorstand von Landluft an und bin Obfrau des Vereins. Mit Vernetzungs- und Weiterbildungsangeboten f\u00fcr kommunale [&hellip;]<\/p>\n","protected":false},"author":1,"featured_media":0,"parent":0,"menu_order":0,"comment_status":"closed","ping_status":"closed","template":"","meta":{"footnotes":""},"class_list":["post-1546","page","type-page","status-publish","hentry"],"_links":{"self":[{"href":"https:\/\/www.elisabethleitner.eu\/elisabethleitnerNEU\/wp-json\/wp\/v2\/pages\/1546","targetHints":{"allow":["GET"]}}],"collection":[{"href":"https:\/\/www.elisabethleitner.eu\/elisabethleitnerNEU\/wp-json\/wp\/v2\/pages"}],"about":[{"href":"https:\/\/www.elisabethleitner.eu\/elisabethleitnerNEU\/wp-json\/wp\/v2\/types\/page"}],"author":[{"embeddable":true,"href":"https:\/\/www.elisabethleitner.eu\/elisabethleitnerNEU\/wp-json\/wp\/v2\/users\/1"}],"replies":[{"embeddable":true,"href":"https:\/\/www.elisabethleitner.eu\/elisabethleitnerNEU\/wp-json\/wp\/v2\/comments?post=1546"}],"version-history":[{"count":25,"href":"https:\/\/www.elisabethleitner.eu\/elisabethleitnerNEU\/wp-json\/wp\/v2\/pages\/1546\/revisions"}],"predecessor-version":[{"id":2405,"href":"https:\/\/www.elisabethleitner.eu\/elisabethleitnerNEU\/wp-json\/wp\/v2\/pages\/1546\/revisions\/2405"}],"wp:attachment":[{"href":"https:\/\/www.elisabethleitner.eu\/elisabethleitnerNEU\/wp-json\/wp\/v2\/media?parent=1546"}],"curies":[{"name":"wp","href":"https:\/\/api.w.org\/{rel}","templated":true}]}}