{"id":1503,"date":"2024-12-22T08:33:48","date_gmt":"2024-12-22T07:33:48","guid":{"rendered":"https:\/\/www.elisabethleitner.eu\/elisabethleitnerNEU\/?page_id=1503"},"modified":"2025-09-30T18:48:42","modified_gmt":"2025-09-30T16:48:42","slug":"impressum","status":"publish","type":"page","link":"https:\/\/www.elisabethleitner.eu\/elisabethleitnerNEU\/impressum\/","title":{"rendered":"Impressum"},"content":{"rendered":"\t\t<div data-elementor-type=\"wp-page\" data-elementor-id=\"1503\" class=\"elementor elementor-1503\" data-elementor-post-type=\"page\">\n\t\t\t\t<div class=\"elementor-element elementor-element-0a68772 e-flex e-con-boxed e-con e-parent\" data-id=\"0a68772\" data-element_type=\"container\" data-e-type=\"container\">\n\t\t\t\t\t<div class=\"e-con-inner\">\n\t\t\t\t<div class=\"elementor-element elementor-element-e47a2bf elementor-widget elementor-widget-spacer\" data-id=\"e47a2bf\" data-element_type=\"widget\" data-e-type=\"widget\" data-widget_type=\"spacer.default\">\n\t\t\t\t<div class=\"elementor-widget-container\">\n\t\t\t\t\t\t\t<div class=\"elementor-spacer\">\n\t\t\t<div class=\"elementor-spacer-inner\"><\/div>\n\t\t<\/div>\n\t\t\t\t\t\t<\/div>\n\t\t\t\t<\/div>\n\t\t\t\t\t<\/div>\n\t\t\t\t<\/div>\n\t\t<div class=\"elementor-element elementor-element-2892bb9 e-con-full e-flex e-con e-parent\" data-id=\"2892bb9\" data-element_type=\"container\" data-e-type=\"container\">\n\t\t<div class=\"elementor-element elementor-element-2eeff55 e-con-full e-flex e-con e-child\" data-id=\"2eeff55\" data-element_type=\"container\" data-e-type=\"container\">\n\t\t\t\t<div class=\"elementor-element elementor-element-d3fa218 elementor-hidden-tablet elementor-hidden-mobile elementor-widget elementor-widget-spacer\" data-id=\"d3fa218\" data-element_type=\"widget\" data-e-type=\"widget\" data-widget_type=\"spacer.default\">\n\t\t\t\t<div class=\"elementor-widget-container\">\n\t\t\t\t\t\t\t<div class=\"elementor-spacer\">\n\t\t\t<div class=\"elementor-spacer-inner\"><\/div>\n\t\t<\/div>\n\t\t\t\t\t\t<\/div>\n\t\t\t\t<\/div>\n\t\t\t\t<\/div>\n\t\t<div class=\"elementor-element elementor-element-0ff9f22 e-con-full e-flex e-con e-child\" data-id=\"0ff9f22\" data-element_type=\"container\" data-e-type=\"container\">\n\t\t\t\t<div class=\"elementor-element elementor-element-33a6e2c elementor-widget elementor-widget-text-editor\" data-id=\"33a6e2c\" data-element_type=\"widget\" data-e-type=\"widget\" data-widget_type=\"text-editor.default\">\n\t\t\t\t<div class=\"elementor-widget-container\">\n\t\t\t\t\t\t\t\t\t<p>Impressum<\/p>\t\t\t\t\t\t\t\t<\/div>\n\t\t\t\t<\/div>\n\t\t\t\t<\/div>\n\t\t<div class=\"elementor-element elementor-element-fc76319 e-con-full e-flex e-con e-child\" data-id=\"fc76319\" data-element_type=\"container\" data-e-type=\"container\">\n\t\t\t\t<div class=\"elementor-element elementor-element-18a8b87 elementor-hidden-tablet elementor-hidden-mobile elementor-widget elementor-widget-spacer\" data-id=\"18a8b87\" data-element_type=\"widget\" data-e-type=\"widget\" data-widget_type=\"spacer.default\">\n\t\t\t\t<div class=\"elementor-widget-container\">\n\t\t\t\t\t\t\t<div class=\"elementor-spacer\">\n\t\t\t<div class=\"elementor-spacer-inner\"><\/div>\n\t\t<\/div>\n\t\t\t\t\t\t<\/div>\n\t\t\t\t<\/div>\n\t\t\t\t<\/div>\n\t\t\t\t<\/div>\n\t\t<div class=\"elementor-element elementor-element-94a4dd1 e-con-full e-flex e-con e-parent\" data-id=\"94a4dd1\" data-element_type=\"container\" data-e-type=\"container\">\n\t\t\t\t<div class=\"elementor-element elementor-element-15eda41 elementor-widget elementor-widget-spacer\" data-id=\"15eda41\" data-element_type=\"widget\" data-e-type=\"widget\" data-widget_type=\"spacer.default\">\n\t\t\t\t<div class=\"elementor-widget-container\">\n\t\t\t\t\t\t\t<div class=\"elementor-spacer\">\n\t\t\t<div class=\"elementor-spacer-inner\"><\/div>\n\t\t<\/div>\n\t\t\t\t\t\t<\/div>\n\t\t\t\t<\/div>\n\t\t\t\t<\/div>\n\t\t<div class=\"elementor-element elementor-element-cb6aa9d e-con-full e-flex e-con e-parent\" data-id=\"cb6aa9d\" data-element_type=\"container\" data-e-type=\"container\" data-settings=\"{&quot;background_background&quot;:&quot;classic&quot;}\">\n\t\t<div class=\"elementor-element elementor-element-a47cce4 e-con-full e-flex e-con e-child\" data-id=\"a47cce4\" data-element_type=\"container\" data-e-type=\"container\">\n\t\t\t\t<div class=\"elementor-element elementor-element-0e6982d elementor-hidden-mobile elementor-widget elementor-widget-spacer\" data-id=\"0e6982d\" data-element_type=\"widget\" data-e-type=\"widget\" data-widget_type=\"spacer.default\">\n\t\t\t\t<div class=\"elementor-widget-container\">\n\t\t\t\t\t\t\t<div class=\"elementor-spacer\">\n\t\t\t<div class=\"elementor-spacer-inner\"><\/div>\n\t\t<\/div>\n\t\t\t\t\t\t<\/div>\n\t\t\t\t<\/div>\n\t\t\t\t<\/div>\n\t\t<div class=\"elementor-element elementor-element-b1bf0c7 e-con-full e-flex e-con e-child\" data-id=\"b1bf0c7\" data-element_type=\"container\" data-e-type=\"container\">\n\t\t\t\t<div class=\"elementor-element elementor-element-6711de3 elementor-widget elementor-widget-text-editor\" data-id=\"6711de3\" data-element_type=\"widget\" data-e-type=\"widget\" data-widget_type=\"text-editor.default\">\n\t\t\t\t<div class=\"elementor-widget-container\">\n\t\t\t\t\t\t\t\t\t<p id=\"u232777-2\"><strong><strong>Informationspflicht laut \u00a75 E-Commerce Gesetz, \u00a714 Unternehmensgesetzbuch sowie \u00a763 Gewerbeordnung und Offenlegungspflicht laut \u00a725 Mediengesetz<\/strong><\/strong><\/p><p id=\"u232777-6\"><strong><strong>www.elisabethleitner.eu<\/strong><\/strong><\/p><p id=\"u232777-9\"><strong><strong>Inhaberin.<br \/><\/strong><\/strong>Dr. Elisabeth Leitner<br \/>el@elisabethleitner.eu<br \/>+43 (0)660 4814401<\/p><p id=\"u232777-19\"><strong><strong>Haftungshinweis und Haftungsausschluss.<\/strong><\/strong><br \/>S\u00e4mtliche Inhalte meiner Website wurden genau gepr\u00fcft, alle Links zu fremden Websites wurden sorgf\u00e4ltig ausgew\u00e4hlt.\u00a0 Dessen ungeachtet kann keine Garantie f\u00fcr die Richtigkeit, Vollst\u00e4ndigkeit und Aktualit\u00e4t anderer Websites, auf die von dieser Website aus durch Hyperlinks verwiesen wird, \u00fcbernommen werden. Die Inhaberin \u00fcbernimmt daf\u00fcr keine Verantwortung, eine Haftung wird ausgeschlossen.<\/p><p id=\"u232777-24\"><strong><strong>Urheberrechtshinweis.<br \/><\/strong><\/strong>Das Copyright dieser Website liegt bei der Inhaberin. Texte, Bilder und Grafiken unterliegen weltweitem Urheberrecht. Quellen von Fotos, die nicht pers\u00f6nliches Eigentum der Inhaberin sind, sind weiter unten angef\u00fchrt. Unerlaubte Verwendung, Reproduktion oder Weitergabe einzelner Inhalte oder kompletter Seiten k\u00f6nnen sowohl strafrechtliche, als auch zivilrechtliche Folgen haben und sind nur mit ausdr\u00fccklicher Zustimmung der Inhaberin erlaubt.<br \/>\u00a9 2025<\/p><p id=\"u232777-31\"><strong><strong>Fotos.<\/strong><\/strong><br \/>gibt Einblick. nonconform, www.kulturhauptstadt2024.at, FH K\u00e4rnten Studiengang Architektur, W. Pleschberger, M. Wilpernig, www.kulturhauptstadt2024.at, Rufzeichen, Sektion A, Christoph Kleinsasser, Landluft<br \/>RURASMUS. www.rurasmus.eu, R. Gruber, G. Brandner-Gruber<br \/>Landluft.<span id=\"u232777-37\"> <\/span>G. Herder (LandLuft), C. Fuerthner (MA20), Landluft, J. Meiri (LandLuft), Lupi Spuma<br \/>allespittal. C. Egger, M. Wilpernig, FH K\u00e4rnten Studiengang Architektur<br \/>kulturhauptstadt2024. www.kulturhauptstadt2024.at<br \/>Wonderland. P. Gula, F. Slapal, M. Sandbergen, B. Koren, F. Pellicciari, S.Lendler, U. Potocnik, F. Winter, P. Hejduk, W. Huthmacher, R. Gruber<br \/>Mutige Frauen. Helga Rader, Daniela F\u00f6\u00dfleitner<br \/>Menschen beteiligen. L. Engel, Arge Baukultur konkret<br \/>Role Models. Felin<\/p><p id=\"u232777-54\"><strong><strong>Datenschutz.<\/strong><\/strong><br \/>Die Inhaberin misst dem Schutz der Privats- und Pers\u00f6nlichkeitsph\u00e4re h\u00f6chste Bedeutung bei. Die Einhaltung gesetzlicher Regelungen bez\u00fcglich Datenschutz ist daher selbstverst\u00e4ndlich. Die Nutzung dieser Website ist ohne Angabe personenbezogener Daten m\u00f6glich. Ich weise darauf hin, dass die Daten\u00fcbertragung im Internet (zum Beispiel bei der Kommunikation per E-Mail) Sicherheitsl\u00fccken aufweisen kann. Der Nutzung von im Rahmen der Impressumspflicht ver\u00f6ffentlichten Kontaktdaten durch Dritte zur \u00dcbersendung von nicht ausdr\u00fccklich angeforderter Werbung und Informationsmaterialien wird hiermit ausdr\u00fccklich widersprochen. Die Inhaberin der Website beh\u00e4lt sich\u00a0 rechtliche Schritte im Falle der unverlangten Zusendung von Werbeinformationen, etwa durch Spam-Mails, vor.<\/p>\t\t\t\t\t\t\t\t<\/div>\n\t\t\t\t<\/div>\n\t\t\t\t<\/div>\n\t\t<div class=\"elementor-element elementor-element-905f265 e-con-full e-flex e-con e-child\" data-id=\"905f265\" data-element_type=\"container\" data-e-type=\"container\">\n\t\t\t\t<div class=\"elementor-element elementor-element-47fbd1a elementor-hidden-mobile elementor-widget elementor-widget-spacer\" data-id=\"47fbd1a\" data-element_type=\"widget\" data-e-type=\"widget\" data-widget_type=\"spacer.default\">\n\t\t\t\t<div class=\"elementor-widget-container\">\n\t\t\t\t\t\t\t<div class=\"elementor-spacer\">\n\t\t\t<div class=\"elementor-spacer-inner\"><\/div>\n\t\t<\/div>\n\t\t\t\t\t\t<\/div>\n\t\t\t\t<\/div>\n\t\t\t\t<\/div>\n\t\t\t\t<\/div>\n\t\t<div class=\"elementor-element elementor-element-9fd9005 e-con-full e-flex e-con e-parent\" data-id=\"9fd9005\" data-element_type=\"container\" data-e-type=\"container\">\n\t\t\t\t<div class=\"elementor-element elementor-element-9f906b3 elementor-widget elementor-widget-spacer\" data-id=\"9f906b3\" data-element_type=\"widget\" data-e-type=\"widget\" data-widget_type=\"spacer.default\">\n\t\t\t\t<div class=\"elementor-widget-container\">\n\t\t\t\t\t\t\t<div class=\"elementor-spacer\">\n\t\t\t<div class=\"elementor-spacer-inner\"><\/div>\n\t\t<\/div>\n\t\t\t\t\t\t<\/div>\n\t\t\t\t<\/div>\n\t\t\t\t<\/div>\n\t\t\t\t<\/div>\n\t\t","protected":false},"excerpt":{"rendered":"<p>Impressum Informationspflicht laut \u00a75 E-Commerce Gesetz, \u00a714 Unternehmensgesetzbuch sowie \u00a763 Gewerbeordnung und Offenlegungspflicht laut \u00a725 Mediengesetz www.elisabethleitner.eu Inhaberin.Dr. Elisabeth Leitnerel@elisabethleitner.eu+43 (0)660 4814401 Haftungshinweis und Haftungsausschluss.S\u00e4mtliche Inhalte meiner Website wurden genau gepr\u00fcft, alle Links zu fremden Websites wurden sorgf\u00e4ltig ausgew\u00e4hlt.\u00a0 Dessen ungeachtet kann keine Garantie f\u00fcr die Richtigkeit, Vollst\u00e4ndigkeit und Aktualit\u00e4t anderer Websites, auf die von [&hellip;]<\/p>\n","protected":false},"author":1,"featured_media":0,"parent":0,"menu_order":0,"comment_status":"closed","ping_status":"closed","template":"","meta":{"footnotes":""},"class_list":["post-1503","page","type-page","status-publish","hentry"],"_links":{"self":[{"href":"https:\/\/www.elisabethleitner.eu\/elisabethleitnerNEU\/wp-json\/wp\/v2\/pages\/1503","targetHints":{"allow":["GET"]}}],"collection":[{"href":"https:\/\/www.elisabethleitner.eu\/elisabethleitnerNEU\/wp-json\/wp\/v2\/pages"}],"about":[{"href":"https:\/\/www.elisabethleitner.eu\/elisabethleitnerNEU\/wp-json\/wp\/v2\/types\/page"}],"author":[{"embeddable":true,"href":"https:\/\/www.elisabethleitner.eu\/elisabethleitnerNEU\/wp-json\/wp\/v2\/users\/1"}],"replies":[{"embeddable":true,"href":"https:\/\/www.elisabethleitner.eu\/elisabethleitnerNEU\/wp-json\/wp\/v2\/comments?post=1503"}],"version-history":[{"count":37,"href":"https:\/\/www.elisabethleitner.eu\/elisabethleitnerNEU\/wp-json\/wp\/v2\/pages\/1503\/revisions"}],"predecessor-version":[{"id":2813,"href":"https:\/\/www.elisabethleitner.eu\/elisabethleitnerNEU\/wp-json\/wp\/v2\/pages\/1503\/revisions\/2813"}],"wp:attachment":[{"href":"https:\/\/www.elisabethleitner.eu\/elisabethleitnerNEU\/wp-json\/wp\/v2\/media?parent=1503"}],"curies":[{"name":"wp","href":"https:\/\/api.w.org\/{rel}","templated":true}]}}