{"id":1438,"date":"2024-12-22T07:52:32","date_gmt":"2024-12-22T06:52:32","guid":{"rendered":"https:\/\/www.elisabethleitner.eu\/elisabethleitnerNEU\/?page_id=1438"},"modified":"2024-12-26T17:17:42","modified_gmt":"2024-12-26T16:17:42","slug":"presse","status":"publish","type":"page","link":"https:\/\/www.elisabethleitner.eu\/elisabethleitnerNEU\/presse\/","title":{"rendered":"Presse"},"content":{"rendered":"\t\t<div data-elementor-type=\"wp-page\" data-elementor-id=\"1438\" class=\"elementor elementor-1438\" data-elementor-post-type=\"page\">\n\t\t\t\t<div class=\"elementor-element elementor-element-0a68772 e-flex e-con-boxed e-con e-parent\" data-id=\"0a68772\" data-element_type=\"container\" data-e-type=\"container\">\n\t\t\t\t\t<div class=\"e-con-inner\">\n\t\t\t\t<div class=\"elementor-element elementor-element-e47a2bf elementor-hidden-mobile elementor-widget elementor-widget-spacer\" data-id=\"e47a2bf\" data-element_type=\"widget\" data-e-type=\"widget\" data-widget_type=\"spacer.default\">\n\t\t\t\t<div class=\"elementor-widget-container\">\n\t\t\t\t\t\t\t<div class=\"elementor-spacer\">\n\t\t\t<div class=\"elementor-spacer-inner\"><\/div>\n\t\t<\/div>\n\t\t\t\t\t\t<\/div>\n\t\t\t\t<\/div>\n\t\t\t\t\t<\/div>\n\t\t\t\t<\/div>\n\t\t<div class=\"elementor-element elementor-element-2892bb9 e-con-full e-flex e-con e-parent\" data-id=\"2892bb9\" data-element_type=\"container\" data-e-type=\"container\">\n\t\t<div class=\"elementor-element elementor-element-2eeff55 e-con-full e-flex e-con e-child\" data-id=\"2eeff55\" data-element_type=\"container\" data-e-type=\"container\">\n\t\t\t\t<\/div>\n\t\t<div class=\"elementor-element elementor-element-0ff9f22 e-con-full e-flex e-con e-child\" data-id=\"0ff9f22\" data-element_type=\"container\" data-e-type=\"container\">\n\t\t\t\t<div class=\"elementor-element elementor-element-33a6e2c elementor-widget elementor-widget-text-editor\" data-id=\"33a6e2c\" data-element_type=\"widget\" data-e-type=\"widget\" data-widget_type=\"text-editor.default\">\n\t\t\t\t<div class=\"elementor-widget-container\">\n\t\t\t\t\t\t\t\t\t<p>Presse<\/p>\t\t\t\t\t\t\t\t<\/div>\n\t\t\t\t<\/div>\n\t\t\t\t<\/div>\n\t\t<div class=\"elementor-element elementor-element-fc76319 e-con-full e-flex e-con e-child\" data-id=\"fc76319\" data-element_type=\"container\" data-e-type=\"container\">\n\t\t\t\t<\/div>\n\t\t\t\t<\/div>\n\t\t<div class=\"elementor-element elementor-element-94a4dd1 e-con-full e-flex e-con e-parent\" data-id=\"94a4dd1\" data-element_type=\"container\" data-e-type=\"container\">\n\t\t\t\t<div class=\"elementor-element elementor-element-15eda41 elementor-widget elementor-widget-spacer\" data-id=\"15eda41\" data-element_type=\"widget\" data-e-type=\"widget\" data-widget_type=\"spacer.default\">\n\t\t\t\t<div class=\"elementor-widget-container\">\n\t\t\t\t\t\t\t<div class=\"elementor-spacer\">\n\t\t\t<div class=\"elementor-spacer-inner\"><\/div>\n\t\t<\/div>\n\t\t\t\t\t\t<\/div>\n\t\t\t\t<\/div>\n\t\t\t\t<\/div>\n\t\t<div class=\"elementor-element elementor-element-533b366 e-con-full e-flex e-con e-parent\" data-id=\"533b366\" data-element_type=\"container\" data-e-type=\"container\" data-settings=\"{&quot;background_background&quot;:&quot;classic&quot;}\">\n\t\t<div class=\"elementor-element elementor-element-0dd5e41 e-con-full e-flex e-con e-child\" data-id=\"0dd5e41\" data-element_type=\"container\" data-e-type=\"container\" data-settings=\"{&quot;background_background&quot;:&quot;classic&quot;}\">\n\t\t\t\t<\/div>\n\t\t<div class=\"elementor-element elementor-element-e47ea6e e-con-full e-flex e-con e-child\" data-id=\"e47ea6e\" data-element_type=\"container\" data-e-type=\"container\">\n\t\t\t\t<div class=\"elementor-element elementor-element-b92109d elementor-widget elementor-widget-text-editor\" data-id=\"b92109d\" data-element_type=\"widget\" data-e-type=\"widget\" data-widget_type=\"text-editor.default\">\n\t\t\t\t<div class=\"elementor-widget-container\">\n\t\t\t\t\t\t\t\t\t<p>Medien sind Verst\u00e4rker: Und die kann man f\u00fcr seine Zwecke nutzen. Wenn man das Relevante vom Irrelevanten trennt. Manche Projekte und Themen haben\u02bcs leichter, wenn sie gesetzt, gelesen und gesehen werden. Das \u00f6ffnet T\u00fcren f\u00fcr die AkteurInnen. Das sch\u00e4rft die Wahrnehmung f\u00fcr das Wesentliche. Und die eigenen Erfahrungen und Kompetenzen \u2013 die teile ich auch gerne mit anderen. In Interviews oder als Expertin und Input-Geberin f\u00fcr Hintergrundgeschichten.<\/p>\t\t\t\t\t\t\t\t<\/div>\n\t\t\t\t<\/div>\n\t\t\t\t<\/div>\n\t\t<div class=\"elementor-element elementor-element-a7232eb e-con-full e-flex e-con e-child\" data-id=\"a7232eb\" data-element_type=\"container\" data-e-type=\"container\">\n\t\t\t\t<\/div>\n\t\t\t\t<\/div>\n\t\t<div class=\"elementor-element elementor-element-89124fe e-con-full e-flex e-con e-parent\" data-id=\"89124fe\" data-element_type=\"container\" data-e-type=\"container\">\n\t\t\t\t<div class=\"elementor-element elementor-element-8c9cc62 elementor-widget elementor-widget-spacer\" data-id=\"8c9cc62\" data-element_type=\"widget\" data-e-type=\"widget\" data-widget_type=\"spacer.default\">\n\t\t\t\t<div class=\"elementor-widget-container\">\n\t\t\t\t\t\t\t<div class=\"elementor-spacer\">\n\t\t\t<div class=\"elementor-spacer-inner\"><\/div>\n\t\t<\/div>\n\t\t\t\t\t\t<\/div>\n\t\t\t\t<\/div>\n\t\t\t\t<\/div>\n\t\t<div class=\"elementor-element elementor-element-41fe7f2 e-con-full e-flex e-con e-parent\" data-id=\"41fe7f2\" data-element_type=\"container\" data-e-type=\"container\" data-settings=\"{&quot;background_background&quot;:&quot;classic&quot;}\">\n\t\t<div class=\"elementor-element elementor-element-ca677b4 e-con-full e-flex e-con e-child\" data-id=\"ca677b4\" data-element_type=\"container\" data-e-type=\"container\">\n\t\t\t\t<\/div>\n\t\t<div class=\"elementor-element elementor-element-1410401 e-con-full e-flex e-con e-child\" data-id=\"1410401\" data-element_type=\"container\" data-e-type=\"container\">\n\t\t\t\t<div class=\"elementor-element elementor-element-f26f2b3 elementor-pagination-position-outside elementor-widget elementor-widget-image-carousel\" data-id=\"f26f2b3\" data-element_type=\"widget\" data-e-type=\"widget\" data-settings=\"{&quot;slides_to_show&quot;:&quot;1&quot;,&quot;navigation&quot;:&quot;dots&quot;,&quot;autoplay&quot;:&quot;yes&quot;,&quot;pause_on_hover&quot;:&quot;yes&quot;,&quot;pause_on_interaction&quot;:&quot;yes&quot;,&quot;autoplay_speed&quot;:5000,&quot;infinite&quot;:&quot;yes&quot;,&quot;effect&quot;:&quot;slide&quot;,&quot;speed&quot;:500}\" data-widget_type=\"image-carousel.default\">\n\t\t\t\t<div class=\"elementor-widget-container\">\n\t\t\t\t\t\t\t<div class=\"elementor-image-carousel-wrapper swiper\" role=\"region\" aria-roledescription=\"carousel\" aria-label=\"Karusell_bietet Wissen\" dir=\"ltr\">\n\t\t\t<div class=\"elementor-image-carousel swiper-wrapper swiper-image-stretch\" aria-live=\"off\">\n\t\t\t\t\t\t\t\t<div class=\"swiper-slide\" role=\"group\" aria-roledescription=\"slide\" aria-label=\"1 of 14\"><figure class=\"swiper-slide-inner\"><img decoding=\"async\" class=\"swiper-slide-image\" src=\"https:\/\/www.elisabethleitner.eu\/elisabethleitnerNEU\/wp-content\/uploads\/2024\/12\/presse-SLIDESHOW_1.jpg\" alt=\"_presse SLIDESHOW_1\" \/><\/figure><\/div><div class=\"swiper-slide\" role=\"group\" aria-roledescription=\"slide\" aria-label=\"2 of 14\"><figure class=\"swiper-slide-inner\"><img decoding=\"async\" class=\"swiper-slide-image\" src=\"https:\/\/www.elisabethleitner.eu\/elisabethleitnerNEU\/wp-content\/uploads\/2024\/12\/presse-SLIDESHOW_2.jpg\" alt=\"_presse SLIDESHOW_2\" \/><\/figure><\/div><div class=\"swiper-slide\" role=\"group\" aria-roledescription=\"slide\" aria-label=\"3 of 14\"><figure class=\"swiper-slide-inner\"><img decoding=\"async\" class=\"swiper-slide-image\" src=\"https:\/\/www.elisabethleitner.eu\/elisabethleitnerNEU\/wp-content\/uploads\/2024\/12\/presse-SLIDESHOW_3.jpg\" alt=\"_presse SLIDESHOW_3\" \/><\/figure><\/div><div class=\"swiper-slide\" role=\"group\" aria-roledescription=\"slide\" aria-label=\"4 of 14\"><figure class=\"swiper-slide-inner\"><img decoding=\"async\" class=\"swiper-slide-image\" src=\"https:\/\/www.elisabethleitner.eu\/elisabethleitnerNEU\/wp-content\/uploads\/2024\/12\/presse-SLIDESHOW_4.jpg\" alt=\"_presse SLIDESHOW_4\" \/><\/figure><\/div><div class=\"swiper-slide\" role=\"group\" aria-roledescription=\"slide\" aria-label=\"5 of 14\"><figure class=\"swiper-slide-inner\"><img decoding=\"async\" class=\"swiper-slide-image\" src=\"https:\/\/www.elisabethleitner.eu\/elisabethleitnerNEU\/wp-content\/uploads\/2024\/12\/presse-SLIDESHOW_5.jpg\" alt=\"_presse SLIDESHOW_5\" \/><\/figure><\/div><div class=\"swiper-slide\" role=\"group\" aria-roledescription=\"slide\" aria-label=\"6 of 14\"><figure class=\"swiper-slide-inner\"><img decoding=\"async\" class=\"swiper-slide-image\" src=\"https:\/\/www.elisabethleitner.eu\/elisabethleitnerNEU\/wp-content\/uploads\/2024\/12\/presse-SLIDESHOW_6.jpg\" alt=\"_presse SLIDESHOW_6\" \/><\/figure><\/div><div class=\"swiper-slide\" role=\"group\" aria-roledescription=\"slide\" aria-label=\"7 of 14\"><figure class=\"swiper-slide-inner\"><img decoding=\"async\" class=\"swiper-slide-image\" src=\"https:\/\/www.elisabethleitner.eu\/elisabethleitnerNEU\/wp-content\/uploads\/2024\/12\/presse-SLIDESHOW_7.jpg\" alt=\"_presse SLIDESHOW_7\" \/><\/figure><\/div><div class=\"swiper-slide\" role=\"group\" aria-roledescription=\"slide\" aria-label=\"8 of 14\"><figure class=\"swiper-slide-inner\"><img decoding=\"async\" class=\"swiper-slide-image\" src=\"https:\/\/www.elisabethleitner.eu\/elisabethleitnerNEU\/wp-content\/uploads\/2024\/12\/presse-SLIDESHOW_8.jpg\" alt=\"_presse SLIDESHOW_8\" \/><\/figure><\/div><div class=\"swiper-slide\" role=\"group\" aria-roledescription=\"slide\" aria-label=\"9 of 14\"><figure class=\"swiper-slide-inner\"><img decoding=\"async\" class=\"swiper-slide-image\" src=\"https:\/\/www.elisabethleitner.eu\/elisabethleitnerNEU\/wp-content\/uploads\/2024\/12\/presse-SLIDESHOW_9.jpg\" alt=\"_presse SLIDESHOW_9\" \/><\/figure><\/div><div class=\"swiper-slide\" role=\"group\" aria-roledescription=\"slide\" aria-label=\"10 of 14\"><figure class=\"swiper-slide-inner\"><img decoding=\"async\" class=\"swiper-slide-image\" src=\"https:\/\/www.elisabethleitner.eu\/elisabethleitnerNEU\/wp-content\/uploads\/2024\/12\/presse-SLIDESHOW_10-scaled.jpg\" alt=\"_presse SLIDESHOW_10\" \/><\/figure><\/div><div class=\"swiper-slide\" role=\"group\" aria-roledescription=\"slide\" aria-label=\"11 of 14\"><figure class=\"swiper-slide-inner\"><img decoding=\"async\" class=\"swiper-slide-image\" src=\"https:\/\/www.elisabethleitner.eu\/elisabethleitnerNEU\/wp-content\/uploads\/2024\/12\/presse-SLIDESHOW_11.jpg\" alt=\"_presse SLIDESHOW_11\" \/><\/figure><\/div><div class=\"swiper-slide\" role=\"group\" aria-roledescription=\"slide\" aria-label=\"12 of 14\"><figure class=\"swiper-slide-inner\"><img decoding=\"async\" class=\"swiper-slide-image\" src=\"https:\/\/www.elisabethleitner.eu\/elisabethleitnerNEU\/wp-content\/uploads\/2024\/12\/presse-SLIDESHOW_12-1.jpg\" alt=\"_presse SLIDESHOW_12\" \/><\/figure><\/div><div class=\"swiper-slide\" role=\"group\" aria-roledescription=\"slide\" aria-label=\"13 of 14\"><figure class=\"swiper-slide-inner\"><img decoding=\"async\" class=\"swiper-slide-image\" src=\"https:\/\/www.elisabethleitner.eu\/elisabethleitnerNEU\/wp-content\/uploads\/2024\/12\/presse-SLIDESHOW_13.jpg\" alt=\"_presse SLIDESHOW_13\" \/><\/figure><\/div><div class=\"swiper-slide\" role=\"group\" aria-roledescription=\"slide\" aria-label=\"14 of 14\"><figure class=\"swiper-slide-inner\"><img decoding=\"async\" class=\"swiper-slide-image\" src=\"https:\/\/www.elisabethleitner.eu\/elisabethleitnerNEU\/wp-content\/uploads\/2024\/12\/presse-SLIDESHOW_14.jpg\" alt=\"_presse SLIDESHOW_14\" \/><\/figure><\/div>\t\t\t<\/div>\n\t\t\t\t\t\t\t\n\t\t\t\t\t\t\t\t\t<div class=\"swiper-pagination\"><\/div>\n\t\t\t\t\t\t\t\t\t<\/div>\n\t\t\t\t\t\t<\/div>\n\t\t\t\t<\/div>\n\t\t\t\t<\/div>\n\t\t<div class=\"elementor-element elementor-element-b581f59 e-con-full e-flex e-con e-child\" data-id=\"b581f59\" data-element_type=\"container\" data-e-type=\"container\">\n\t\t\t\t<\/div>\n\t\t\t\t<\/div>\n\t\t<div class=\"elementor-element elementor-element-23cf5c7 e-con-full e-flex e-con e-parent\" data-id=\"23cf5c7\" data-element_type=\"container\" data-e-type=\"container\" data-settings=\"{&quot;background_background&quot;:&quot;classic&quot;}\">\n\t\t\t\t<div class=\"elementor-element elementor-element-d3371c3 elementor-widget elementor-widget-spacer\" data-id=\"d3371c3\" data-element_type=\"widget\" data-e-type=\"widget\" data-widget_type=\"spacer.default\">\n\t\t\t\t<div class=\"elementor-widget-container\">\n\t\t\t\t\t\t\t<div class=\"elementor-spacer\">\n\t\t\t<div class=\"elementor-spacer-inner\"><\/div>\n\t\t<\/div>\n\t\t\t\t\t\t<\/div>\n\t\t\t\t<\/div>\n\t\t\t\t<\/div>\n\t\t<div class=\"elementor-element elementor-element-cb6aa9d e-con-full e-flex e-con e-parent\" data-id=\"cb6aa9d\" data-element_type=\"container\" data-e-type=\"container\" data-settings=\"{&quot;background_background&quot;:&quot;classic&quot;}\">\n\t\t<div class=\"elementor-element elementor-element-a47cce4 e-con-full e-flex e-con e-child\" data-id=\"a47cce4\" data-element_type=\"container\" data-e-type=\"container\">\n\t\t\t\t<\/div>\n\t\t<div class=\"elementor-element elementor-element-b1bf0c7 e-con-full e-flex e-con e-child\" data-id=\"b1bf0c7\" data-element_type=\"container\" data-e-type=\"container\">\n\t\t\t\t<div class=\"elementor-element elementor-element-6711de3 elementor-widget elementor-widget-text-editor\" data-id=\"6711de3\" data-element_type=\"widget\" data-e-type=\"widget\" data-widget_type=\"text-editor.default\">\n\t\t\t\t<div class=\"elementor-widget-container\">\n\t\t\t\t\t\t\t\t\t<p>Kleine Zeitung. <a href=\"https:\/\/www.elisabethleitner.eu\/elisabethleitnerNEU\/wp-content\/uploads\/2024\/12\/kleine-zeitung-hartberg-4.maerz_.jpg\" target=\"_blank\" rel=\"noopener\"><strong>Starke Frauen zeigen auf<\/strong><\/a><\/p><p>Servus zum H\u00f6ren &#8211; Podcast. <a href=\"https:\/\/www.servus.com\/a\/pc\/endlich-angekommen-vom-leben-und-bauen-am-land\" target=\"_blank\" rel=\"noopener\"><strong>Endlich angekommen: Vom Leben und Bauen am Land<\/strong><\/a><\/p><p>Nieder\u00f6sterreichische Nachrichten. <a href=\"https:\/\/www.elisabethleitner.eu\/elisabethleitnerNEU\/wp-content\/uploads\/2024\/12\/presse-slideshow_12.jpg\" target=\"_blank\" rel=\"noopener\"><strong>Botschafterin der Baukultur<\/strong><\/a><\/p><p>Die Ober\u00f6sterreicherin. <a href=\"https:\/\/www.elisabethleitner.eu\/elisabethleitnerNEU\/wp-content\/uploads\/2024\/12\/dieober_20210402_seite_196.pdf\" target=\"_blank\" rel=\"noopener\"><strong>MUTIGE FRAUEN braucht das Land<\/strong><\/a><\/p><p>Kleine Zeitung. <a href=\"https:\/\/www.elisabethleitner.eu\/elisabethleitnerNEU\/wp-content\/uploads\/2024\/12\/kleine_20210307_seite_26_2.pdf\" target=\"_blank\" rel=\"noopener\"><strong>Wir wollen Mut h\u00f6rbar machen<\/strong><\/a><\/p><p>Dorfleben Report. <a href=\"https:\/\/www.elisabethleitner.eu\/elisabethleitnerNEU\/wp-content\/uploads\/2024\/12\/artikel-dorfleben-report.pdf\" target=\"_blank\" rel=\"noopener\"><strong>Die Bedeutung der Dorffrauen<\/strong><\/a><\/p><p>Interview. zoll+ Nummer 35. <a href=\"https:\/\/www.elisabethleitner.eu\/elisabethleitnerNEU\/wp-content\/uploads\/2024\/12\/artikel-landluft-zoll-.pdf\" target=\"_blank\" rel=\"noopener\"><strong>Landluft<\/strong><\/a><\/p><p>IDM Info Europa. <a href=\"https:\/\/www.elisabethleitner.eu\/elisabethleitnerNEU\/wp-content\/uploads\/2024\/12\/191113_infoeuropa_idm.pdf\" target=\"_blank\" rel=\"noopener\"><strong>Rurasmus<\/strong><\/a><\/p><p>Pressespiegel Auszug. <a href=\"https:\/\/www.elisabethleitner.eu\/elisabethleitnerNEU\/wp-content\/uploads\/2024\/12\/pressemappe-kulturhauptstadt2024.at_.pdf\" target=\"_blank\" rel=\"noopener\"><strong>kulturhauptstadt2024<\/strong><\/a><\/p><p>Kulturmontag Spezial. <a href=\"https:\/\/tv.orf.at\/program\/orf2\/kulturmont946.html\" target=\"_blank\" rel=\"noopener\"><strong>kulturhauptstadt2024<\/strong><\/a><\/p><p>Pressespiegel. <a href=\"https:\/\/www.elisabethleitner.eu\/elisabethleitnerNEU\/wp-content\/uploads\/2024\/12\/pressemappe_allespittal_22012018.pdf\" target=\"_blank\" rel=\"noopener\"><strong>allespittal<\/strong><\/a><\/p><p>Pressespiegel Auszug. <a href=\"https:\/\/www.elisabethleitner.eu\/elisabethleitnerNEU\/wp-content\/uploads\/2024\/12\/auszug-pressemappe-architektur-fh-kaernten.pdf\" target=\"_blank\" rel=\"noopener\"><strong>Architektur FH K\u00e4rnten 2016-2019<\/strong><\/a><\/p><p>Villach im Fokus. Innenstadt: <a href=\"https:\/\/www.elisabethleitner.eu\/elisabethleitnerNEU\/wp-content\/uploads\/2024\/12\/villach-im-fokus_leitner-27-04-2018.pdf\" target=\"_blank\" rel=\"noopener\"><strong>Es muss sich jeder bei der Nase nehmen<\/strong><\/a><\/p><p>Kleine Zeitung. <a href=\"https:\/\/www.elisabethleitner.eu\/elisabethleitnerNEU\/wp-content\/uploads\/2024\/12\/kaerntnerin-des-tages.pdf\" target=\"_blank\" rel=\"noopener\"><strong>K\u00e4rntnerin des Tages<\/strong><\/a><\/p>\t\t\t\t\t\t\t\t<\/div>\n\t\t\t\t<\/div>\n\t\t\t\t<\/div>\n\t\t<div class=\"elementor-element elementor-element-905f265 e-con-full e-flex e-con e-child\" data-id=\"905f265\" data-element_type=\"container\" data-e-type=\"container\">\n\t\t\t\t<\/div>\n\t\t\t\t<\/div>\n\t\t<div class=\"elementor-element elementor-element-9fd9005 e-con-full e-flex e-con e-parent\" data-id=\"9fd9005\" data-element_type=\"container\" data-e-type=\"container\">\n\t\t\t\t<div class=\"elementor-element elementor-element-9f906b3 elementor-widget elementor-widget-spacer\" data-id=\"9f906b3\" data-element_type=\"widget\" data-e-type=\"widget\" data-widget_type=\"spacer.default\">\n\t\t\t\t<div class=\"elementor-widget-container\">\n\t\t\t\t\t\t\t<div class=\"elementor-spacer\">\n\t\t\t<div class=\"elementor-spacer-inner\"><\/div>\n\t\t<\/div>\n\t\t\t\t\t\t<\/div>\n\t\t\t\t<\/div>\n\t\t\t\t<\/div>\n\t\t\t\t<\/div>\n\t\t","protected":false},"excerpt":{"rendered":"<p>Presse Medien sind Verst\u00e4rker: Und die kann man f\u00fcr seine Zwecke nutzen. Wenn man das Relevante vom Irrelevanten trennt. Manche Projekte und Themen haben\u02bcs leichter, wenn sie gesetzt, gelesen und gesehen werden. Das \u00f6ffnet T\u00fcren f\u00fcr die AkteurInnen. Das sch\u00e4rft die Wahrnehmung f\u00fcr das Wesentliche. Und die eigenen Erfahrungen und Kompetenzen \u2013 die teile ich [&hellip;]<\/p>\n","protected":false},"author":1,"featured_media":0,"parent":0,"menu_order":0,"comment_status":"closed","ping_status":"closed","template":"","meta":{"footnotes":""},"class_list":["post-1438","page","type-page","status-publish","hentry"],"_links":{"self":[{"href":"https:\/\/www.elisabethleitner.eu\/elisabethleitnerNEU\/wp-json\/wp\/v2\/pages\/1438","targetHints":{"allow":["GET"]}}],"collection":[{"href":"https:\/\/www.elisabethleitner.eu\/elisabethleitnerNEU\/wp-json\/wp\/v2\/pages"}],"about":[{"href":"https:\/\/www.elisabethleitner.eu\/elisabethleitnerNEU\/wp-json\/wp\/v2\/types\/page"}],"author":[{"embeddable":true,"href":"https:\/\/www.elisabethleitner.eu\/elisabethleitnerNEU\/wp-json\/wp\/v2\/users\/1"}],"replies":[{"embeddable":true,"href":"https:\/\/www.elisabethleitner.eu\/elisabethleitnerNEU\/wp-json\/wp\/v2\/comments?post=1438"}],"version-history":[{"count":22,"href":"https:\/\/www.elisabethleitner.eu\/elisabethleitnerNEU\/wp-json\/wp\/v2\/pages\/1438\/revisions"}],"predecessor-version":[{"id":2524,"href":"https:\/\/www.elisabethleitner.eu\/elisabethleitnerNEU\/wp-json\/wp\/v2\/pages\/1438\/revisions\/2524"}],"wp:attachment":[{"href":"https:\/\/www.elisabethleitner.eu\/elisabethleitnerNEU\/wp-json\/wp\/v2\/media?parent=1438"}],"curies":[{"name":"wp","href":"https:\/\/api.w.org\/{rel}","templated":true}]}}