{"id":1292,"date":"2024-12-21T19:13:27","date_gmt":"2024-12-21T18:13:27","guid":{"rendered":"https:\/\/www.elisabethleitner.eu\/elisabethleitnerNEU\/?page_id=1292"},"modified":"2025-10-01T11:40:30","modified_gmt":"2025-10-01T09:40:30","slug":"menschen-beteiligen","status":"publish","type":"page","link":"https:\/\/www.elisabethleitner.eu\/elisabethleitnerNEU\/menschen-beteiligen\/","title":{"rendered":"Menschen beteiligen"},"content":{"rendered":"\t\t<div data-elementor-type=\"wp-page\" data-elementor-id=\"1292\" class=\"elementor elementor-1292\" data-elementor-post-type=\"page\">\n\t\t\t\t<div class=\"elementor-element elementor-element-0a68772 e-flex e-con-boxed e-con e-parent\" data-id=\"0a68772\" data-element_type=\"container\" data-e-type=\"container\">\n\t\t\t\t\t<div class=\"e-con-inner\">\n\t\t\t\t<div class=\"elementor-element elementor-element-e47a2bf elementor-widget elementor-widget-spacer\" data-id=\"e47a2bf\" data-element_type=\"widget\" data-e-type=\"widget\" data-widget_type=\"spacer.default\">\n\t\t\t\t<div class=\"elementor-widget-container\">\n\t\t\t\t\t\t\t<div class=\"elementor-spacer\">\n\t\t\t<div class=\"elementor-spacer-inner\"><\/div>\n\t\t<\/div>\n\t\t\t\t\t\t<\/div>\n\t\t\t\t<\/div>\n\t\t\t\t\t<\/div>\n\t\t\t\t<\/div>\n\t\t<div class=\"elementor-element elementor-element-2892bb9 e-con-full e-flex e-con e-parent\" data-id=\"2892bb9\" data-element_type=\"container\" data-e-type=\"container\">\n\t\t<div class=\"elementor-element elementor-element-2eeff55 e-con-full e-flex e-con e-child\" data-id=\"2eeff55\" data-element_type=\"container\" data-e-type=\"container\">\n\t\t\t\t<\/div>\n\t\t<div class=\"elementor-element elementor-element-0ff9f22 e-con-full e-flex e-con e-child\" data-id=\"0ff9f22\" data-element_type=\"container\" data-e-type=\"container\">\n\t\t\t\t<div class=\"elementor-element elementor-element-33a6e2c elementor-widget elementor-widget-text-editor\" data-id=\"33a6e2c\" data-element_type=\"widget\" data-e-type=\"widget\" data-widget_type=\"text-editor.default\">\n\t\t\t\t<div class=\"elementor-widget-container\">\n\t\t\t\t\t\t\t\t\t<p>Menschen<br \/>beteiligen<\/p>\t\t\t\t\t\t\t\t<\/div>\n\t\t\t\t<\/div>\n\t\t\t\t<\/div>\n\t\t<div class=\"elementor-element elementor-element-fc76319 e-con-full e-flex e-con e-child\" data-id=\"fc76319\" data-element_type=\"container\" data-e-type=\"container\">\n\t\t\t\t<\/div>\n\t\t\t\t<\/div>\n\t\t<div class=\"elementor-element elementor-element-94a4dd1 e-con-full e-flex e-con e-parent\" data-id=\"94a4dd1\" data-element_type=\"container\" data-e-type=\"container\">\n\t\t\t\t<div class=\"elementor-element elementor-element-15eda41 elementor-widget elementor-widget-spacer\" data-id=\"15eda41\" data-element_type=\"widget\" data-e-type=\"widget\" data-widget_type=\"spacer.default\">\n\t\t\t\t<div class=\"elementor-widget-container\">\n\t\t\t\t\t\t\t<div class=\"elementor-spacer\">\n\t\t\t<div class=\"elementor-spacer-inner\"><\/div>\n\t\t<\/div>\n\t\t\t\t\t\t<\/div>\n\t\t\t\t<\/div>\n\t\t\t\t<\/div>\n\t\t<div class=\"elementor-element elementor-element-41fe7f2 e-con-full e-flex e-con e-parent\" data-id=\"41fe7f2\" data-element_type=\"container\" data-e-type=\"container\" data-settings=\"{&quot;background_background&quot;:&quot;classic&quot;}\">\n\t\t<div class=\"elementor-element elementor-element-ca677b4 e-con-full e-flex e-con e-child\" data-id=\"ca677b4\" data-element_type=\"container\" data-e-type=\"container\">\n\t\t\t\t<\/div>\n\t\t<div class=\"elementor-element elementor-element-1410401 e-con-full e-flex e-con e-child\" data-id=\"1410401\" data-element_type=\"container\" data-e-type=\"container\">\n\t\t\t\t<div class=\"elementor-element elementor-element-8363a91 elementor-widget elementor-widget-image\" data-id=\"8363a91\" data-element_type=\"widget\" data-e-type=\"widget\" data-widget_type=\"image.default\">\n\t\t\t\t<div class=\"elementor-widget-container\">\n\t\t\t\t\t\t\t\t\t\t\t\t\t\t\t<img fetchpriority=\"high\" decoding=\"async\" width=\"700\" height=\"408\" src=\"https:\/\/www.elisabethleitner.eu\/elisabethleitnerNEU\/wp-content\/uploads\/2024\/12\/02_bkr20alpenvorland_exkursion20stephanskirchen_hrc2a9arge20baukultur20konkret-crop-u361391.jpg\" class=\"attachment-full size-full wp-image-1294\" alt=\"\" srcset=\"https:\/\/www.elisabethleitner.eu\/elisabethleitnerNEU\/wp-content\/uploads\/2024\/12\/02_bkr20alpenvorland_exkursion20stephanskirchen_hrc2a9arge20baukultur20konkret-crop-u361391.jpg 700w, https:\/\/www.elisabethleitner.eu\/elisabethleitnerNEU\/wp-content\/uploads\/2024\/12\/02_bkr20alpenvorland_exkursion20stephanskirchen_hrc2a9arge20baukultur20konkret-crop-u361391-300x175.jpg 300w\" sizes=\"(max-width: 700px) 100vw, 700px\" \/>\t\t\t\t\t\t\t\t\t\t\t\t\t\t\t<\/div>\n\t\t\t\t<\/div>\n\t\t\t\t<\/div>\n\t\t<div class=\"elementor-element elementor-element-b581f59 e-con-full e-flex e-con e-child\" data-id=\"b581f59\" data-element_type=\"container\" data-e-type=\"container\">\n\t\t\t\t<\/div>\n\t\t\t\t<\/div>\n\t\t<div class=\"elementor-element elementor-element-23cf5c7 e-con-full e-flex e-con e-parent\" data-id=\"23cf5c7\" data-element_type=\"container\" data-e-type=\"container\" data-settings=\"{&quot;background_background&quot;:&quot;classic&quot;}\">\n\t\t\t\t<div class=\"elementor-element elementor-element-d3371c3 elementor-widget elementor-widget-spacer\" data-id=\"d3371c3\" data-element_type=\"widget\" data-e-type=\"widget\" data-widget_type=\"spacer.default\">\n\t\t\t\t<div class=\"elementor-widget-container\">\n\t\t\t\t\t\t\t<div class=\"elementor-spacer\">\n\t\t\t<div class=\"elementor-spacer-inner\"><\/div>\n\t\t<\/div>\n\t\t\t\t\t\t<\/div>\n\t\t\t\t<\/div>\n\t\t\t\t<\/div>\n\t\t<div class=\"elementor-element elementor-element-cb6aa9d e-con-full e-flex e-con e-parent\" data-id=\"cb6aa9d\" data-element_type=\"container\" data-e-type=\"container\" data-settings=\"{&quot;background_background&quot;:&quot;classic&quot;}\">\n\t\t<div class=\"elementor-element elementor-element-a47cce4 e-con-full e-flex e-con e-child\" data-id=\"a47cce4\" data-element_type=\"container\" data-e-type=\"container\">\n\t\t\t\t<\/div>\n\t\t<div class=\"elementor-element elementor-element-b1bf0c7 e-con-full e-flex e-con e-child\" data-id=\"b1bf0c7\" data-element_type=\"container\" data-e-type=\"container\">\n\t\t\t\t<div class=\"elementor-element elementor-element-6711de3 elementor-widget elementor-widget-text-editor\" data-id=\"6711de3\" data-element_type=\"widget\" data-e-type=\"widget\" data-widget_type=\"text-editor.default\">\n\t\t\t\t<div class=\"elementor-widget-container\">\n\t\t\t\t\t\t\t\t\t<p><strong><strong>Bildungs.Ort.Entwicklung<span id=\"u361377-2\"><\/span><\/strong><\/strong> St. Radegund<br \/>Standortfindung f\u00fcr einen neuen Schulbau mit Fokus auf die Ortsentwicklung<strong><strong><span id=\"u361377-2\"><br \/><\/span><\/strong><\/strong><span id=\"u361377-2\">seit 2025<\/span><\/p><p><strong><strong><span id=\"u361377-2\">Evaluierung des Baukulturellen Leitbildes des Steirischen Zentralraums<br \/><\/span><\/strong><\/strong>seit 2024<br \/>Regionalmanagement Steirischer Zentralraum<\/p><p id=\"u361377-27\"><strong><strong><span id=\"u361377-2\">Evaluierung der Baukulturellen Leitlinien des Bundeslandes K\u00e4rnten<br \/><\/span><\/strong><\/strong>seit 2024<br \/>im Projektteam mit plansinn<\/p><p>Zukunftsfeste Entwicklung von Raum und Mobilit\u00e4t in <span id=\"u361377-2\"><strong><strong>Wildon<\/strong><\/strong><br \/><\/span>seit 2024<br \/>gemeinsam mit Dr. Mathias Mitteregger<\/p><p id=\"u361377-27\">Neugestaltung Hauptplatz <strong><strong><span id=\"u361377-2\">Schladming<br \/><\/span><\/strong><\/strong>2024<br \/>Gemeinde Schladming<\/p><p id=\"u361377-27\"><span id=\"u361377-2\">Wie wollen wir gemeinsam wohnen? Zukunft gemeinsam gestalten<br \/><\/span>2024<br \/><strong><strong>Kleinzell im M\u00fchlkreis<\/strong><\/strong><\/p><p id=\"u361377-27\">Ortsmitte <strong><strong><span id=\"u361377-2\">Gamlitz 2030<\/span><\/strong><\/strong><br \/>2023<br \/>im Auftrag der Regionalmangement S\u00fcdweststeiermark GmbH<\/p><p id=\"u361377-27\">Beteiligungsprozess Anforderungen und Gestaltung <span id=\"u361377-2\">Freibad <strong><strong>Stainz<\/strong><\/strong><br \/><\/span>2023<\/p><p>Zukunftsbild Ortszentrum <strong><strong><span id=\"u361377-2\">St. Nikolai<\/span><\/strong><\/strong><br \/>2023<br \/>im Auftrag der Regionalmanagement S\u00fcdweststeiermark GmbH<\/p><p id=\"u361377-3\">Co-working Space f\u00fcr <span id=\"u361377-2\"><strong><strong>Gutenberg-Stenzengreith<\/strong><\/strong><br \/><\/span>2023<br \/>Energieregion Weiz-Gleisdorf GmbH<\/p><p id=\"u361377-11\"><span id=\"u361377-9\"><strong><strong>Gutenberg-Stenzengreith<\/strong><\/strong><\/span>: zuk\u00fcnftiges Wohnen auf den Reiser Gr\u00fcnden<br \/>seit 2022<br \/>Gemeinde Gutenberg Stenzengreith<\/p><p id=\"u361377-19\"><span id=\"u361377-17\"><strong><strong>Gratwein-Stra\u00dfengel<\/strong><\/strong><\/span>: Leitlinien f\u00fcr Wohnraum<br \/><span id=\"u361377-25\"><strong><strong>Gratwein-Stra\u00dfengel<\/strong><\/strong><\/span>: Ein Dorf mit Zukunft<br \/>2022<br \/>in Kooperation mit nonconform<\/p><p id=\"u361377-35\"><span id=\"u361377-33\"><strong><strong>Stra\u00df in Steiermark<\/strong><\/strong><\/span>: Wo ist der neue Hauptplatz? Was wird dort passieren?<br \/>2021-2022<br \/>Standortentwicklung S\u00fcdweststeiermark \u2013 Zentren qualit\u00e4tsvoll st\u00e4rken!<br \/>im Auftrag der Regionalmanagement S\u00fcdweststeiermark GmbH<\/p><p id=\"u361377-45\"><span id=\"u361377-43\"><strong><strong>Bad Schwanberg<\/strong><\/strong><\/span>: Wie kann der Hauptplatz besser gestaltet werden?<br \/>2021-2022<br \/>Standortentwicklung S\u00fcdweststeiermark \u2013 Zentren qualit\u00e4tsvoll st\u00e4rken!<br \/>im Auftrag der Regionalmanagement S\u00fcdweststeiermark GmbH<\/p><p id=\"u361377-55\"><span id=\"u361377-53\"><strong><strong>Deutschlandsberg<\/strong><\/strong><\/span>: Wie kann der Hauptplatz besser gestaltet werden?<br \/>2022<br \/>Standortentwicklung S\u00fcdweststeiermark \u2013 Zentren qualit\u00e4tsvoll st\u00e4rken!<br \/>im Auftrag der Regionalmanagement S\u00fcdweststeiermark GmbH<\/p><p id=\"u361377-64\"><strong><strong>K\u00e4rnten baut vor. Prozess zur Erstellung der baukulturellen Leitlinien f\u00fcr das Land K\u00e4rnten <\/strong><\/strong><br \/>2019<br \/>Mitglied der Organisationsteams gemeinsam mit Elias Molitschnig (Land K\u00e4rnten), Hanna Posch Wolfgang Gerlich (plansinn), Raffaela Lackner (Architektur Haus K\u00e4rnten)<br \/>Inhaltliche und organisatorische Konzeption und Entwicklung, Moderation<\/p>\t\t\t\t\t\t\t\t<\/div>\n\t\t\t\t<\/div>\n\t\t\t\t<\/div>\n\t\t<div class=\"elementor-element elementor-element-905f265 e-con-full e-flex e-con e-child\" data-id=\"905f265\" data-element_type=\"container\" data-e-type=\"container\">\n\t\t\t\t<\/div>\n\t\t\t\t<\/div>\n\t\t<div class=\"elementor-element elementor-element-4880a7d e-con-full e-flex e-con e-parent\" data-id=\"4880a7d\" data-element_type=\"container\" data-e-type=\"container\" data-settings=\"{&quot;background_background&quot;:&quot;classic&quot;}\">\n\t\t\t\t<div class=\"elementor-element elementor-element-4a35848 elementor-widget elementor-widget-spacer\" data-id=\"4a35848\" data-element_type=\"widget\" data-e-type=\"widget\" data-widget_type=\"spacer.default\">\n\t\t\t\t<div class=\"elementor-widget-container\">\n\t\t\t\t\t\t\t<div class=\"elementor-spacer\">\n\t\t\t<div class=\"elementor-spacer-inner\"><\/div>\n\t\t<\/div>\n\t\t\t\t\t\t<\/div>\n\t\t\t\t<\/div>\n\t\t\t\t<\/div>\n\t\t<div class=\"elementor-element elementor-element-0076087 e-con-full e-flex e-con e-parent\" data-id=\"0076087\" data-element_type=\"container\" data-e-type=\"container\" data-settings=\"{&quot;background_background&quot;:&quot;classic&quot;}\">\n\t\t<div class=\"elementor-element elementor-element-74dc968 e-con-full e-flex e-con e-child\" data-id=\"74dc968\" data-element_type=\"container\" data-e-type=\"container\">\n\t\t\t\t<\/div>\n\t\t<div class=\"elementor-element elementor-element-aef7526 e-con-full e-flex e-con e-child\" data-id=\"aef7526\" data-element_type=\"container\" data-e-type=\"container\">\n\t\t\t\t<div class=\"elementor-element elementor-element-369658e elementor-widget elementor-widget-text-editor\" data-id=\"369658e\" data-element_type=\"widget\" data-e-type=\"widget\" data-widget_type=\"text-editor.default\">\n\t\t\t\t<div class=\"elementor-widget-container\">\n\t\t\t\t\t\t\t\t\t<p><a href=\"https:\/\/www.elisabethleitner.eu\/elisabethleitnerNEU\/?page_id=672\"><strong> <strong> &gt; Presse<\/strong><\/strong><\/a><br \/>Medien sind Verst\u00e4rker: Und die kann man f\u00fcr seine Zwecke nutzen. In Interviews oder als Expertin und Input-Geberin f\u00fcr Hintergrundgeschichten.<\/p>\t\t\t\t\t\t\t\t<\/div>\n\t\t\t\t<\/div>\n\t\t\t\t<\/div>\n\t\t<div class=\"elementor-element elementor-element-59d647d e-con-full e-flex e-con e-child\" data-id=\"59d647d\" data-element_type=\"container\" data-e-type=\"container\">\n\t\t\t\t<\/div>\n\t\t\t\t<\/div>\n\t\t<div class=\"elementor-element elementor-element-9fd9005 e-con-full e-flex e-con e-parent\" data-id=\"9fd9005\" data-element_type=\"container\" data-e-type=\"container\">\n\t\t\t\t<div class=\"elementor-element elementor-element-9f906b3 elementor-widget elementor-widget-spacer\" data-id=\"9f906b3\" data-element_type=\"widget\" data-e-type=\"widget\" data-widget_type=\"spacer.default\">\n\t\t\t\t<div class=\"elementor-widget-container\">\n\t\t\t\t\t\t\t<div class=\"elementor-spacer\">\n\t\t\t<div class=\"elementor-spacer-inner\"><\/div>\n\t\t<\/div>\n\t\t\t\t\t\t<\/div>\n\t\t\t\t<\/div>\n\t\t\t\t<\/div>\n\t\t\t\t<\/div>\n\t\t","protected":false},"excerpt":{"rendered":"<p>Menschenbeteiligen Bildungs.Ort.Entwicklung St. RadegundStandortfindung f\u00fcr einen neuen Schulbau mit Fokus auf die Ortsentwicklungseit 2025 Evaluierung des Baukulturellen Leitbildes des Steirischen Zentralraumsseit 2024Regionalmanagement Steirischer Zentralraum Evaluierung der Baukulturellen Leitlinien des Bundeslandes K\u00e4rntenseit 2024im Projektteam mit plansinn Zukunftsfeste Entwicklung von Raum und Mobilit\u00e4t in Wildonseit 2024gemeinsam mit Dr. Mathias Mitteregger Neugestaltung Hauptplatz Schladming2024Gemeinde Schladming Wie wollen wir [&hellip;]<\/p>\n","protected":false},"author":1,"featured_media":0,"parent":0,"menu_order":0,"comment_status":"closed","ping_status":"closed","template":"","meta":{"footnotes":""},"class_list":["post-1292","page","type-page","status-publish","hentry"],"_links":{"self":[{"href":"https:\/\/www.elisabethleitner.eu\/elisabethleitnerNEU\/wp-json\/wp\/v2\/pages\/1292","targetHints":{"allow":["GET"]}}],"collection":[{"href":"https:\/\/www.elisabethleitner.eu\/elisabethleitnerNEU\/wp-json\/wp\/v2\/pages"}],"about":[{"href":"https:\/\/www.elisabethleitner.eu\/elisabethleitnerNEU\/wp-json\/wp\/v2\/types\/page"}],"author":[{"embeddable":true,"href":"https:\/\/www.elisabethleitner.eu\/elisabethleitnerNEU\/wp-json\/wp\/v2\/users\/1"}],"replies":[{"embeddable":true,"href":"https:\/\/www.elisabethleitner.eu\/elisabethleitnerNEU\/wp-json\/wp\/v2\/comments?post=1292"}],"version-history":[{"count":46,"href":"https:\/\/www.elisabethleitner.eu\/elisabethleitnerNEU\/wp-json\/wp\/v2\/pages\/1292\/revisions"}],"predecessor-version":[{"id":2835,"href":"https:\/\/www.elisabethleitner.eu\/elisabethleitnerNEU\/wp-json\/wp\/v2\/pages\/1292\/revisions\/2835"}],"wp:attachment":[{"href":"https:\/\/www.elisabethleitner.eu\/elisabethleitnerNEU\/wp-json\/wp\/v2\/media?parent=1292"}],"curies":[{"name":"wp","href":"https:\/\/api.w.org\/{rel}","templated":true}]}}